{"id":28097,"date":"2022-01-18T13:26:09","date_gmt":"2022-01-18T12:26:09","guid":{"rendered":"https:\/\/dev.mazzaci.com\/sk\/?post_type=product&#038;p=28097"},"modified":"2025-03-25T06:52:05","modified_gmt":"2025-03-25T05:52:05","slug":"gocurls","status":"publish","type":"product","link":"https:\/\/mazzaci.com\/sk\/produkt\/gocurls\/","title":{"rendered":"Sada pr\u00edpravkov na ku\u010derav\u00e9 vlasy GoCurls"},"content":{"rendered":"<p><span data-sheets-value=\"{&quot;1&quot;:2,&quot;2&quot;:&quot;Dosiahnite hladk\u00e9 ku\u010dery bez krepovitosti za p\u00e1r min\u00fat&quot;}\" data-sheets-userformat=\"{&quot;2&quot;:13185,&quot;3&quot;:{&quot;1&quot;:0},&quot;10&quot;:1,&quot;11&quot;:4,&quot;12&quot;:0,&quot;15&quot;:&quot;Roboto Mono&quot;,&quot;16&quot;:10}\">Dosiahnite hladk\u00e9 ku\u010dery bez krepovitosti za p\u00e1r min\u00fat<\/span>!|Bez t\u00fdrania zvierat &#8211; Odstra\u0148uje krepovitos\u0165 &#8211; Veg\u00e1nske<\/p>\n","protected":false},"excerpt":{"rendered":"<p>GoCurls pom\u00e1ha dosiahnu\u0165 leskl\u00e9 ku\u010dery bez krepovitosti troma jednoduch\u00fdmi krokmi.<\/p>\n<ul>\n<li>Pre ku\u010derav\u00e9 aj vlnit\u00e9 vlasy<\/li>\n<li>Vytv\u00e1ra nad\u00fdchan\u00e9, dlhotrvaj\u00face ku\u010dery<\/li>\n<li>Zabudni na krepovit\u00e9, such\u00e9 vlasy<\/li>\n<li>Vy\u017eivuj\u00face, pr\u00edrodn\u00e9 zlo\u017eenie<\/li>\n<\/ul>\n<p>&nbsp;<\/p>\n<p><strong>Id\u00e1lny na <\/strong>prirodzene vlnit\u00e9 a ku\u010derav\u00e9 vlasy.<\/p>\n<p><span data-sheets-value=\"{&quot;1&quot;:2,&quot;2&quot;:&quot;Sada obsahuje pr\u00edrodn\u00fd booster na ku\u010dery, sprej na tvarovanie ku\u010dier a vy\u017eivuj\u00face s\u00e9rum na ku\u010dery.&quot;}\" data-sheets-userformat=\"{&quot;2&quot;:13185,&quot;3&quot;:{&quot;1&quot;:0},&quot;10&quot;:1,&quot;11&quot;:4,&quot;12&quot;:0,&quot;15&quot;:&quot;Roboto Mono&quot;,&quot;16&quot;:10}\">Sada obsahuje pr\u00edrodn\u00fd booster na ku\u010dery, sprej na tvarovanie ku\u010dier a vy\u017eivuj\u00face s\u00e9rum na ku\u010dery.<\/span><\/p>\n","protected":false},"featured_media":28121,"template":"","meta":[],"product_cat":[2234],"product_tag":[],"acf":[],"_links":{"self":[{"href":"https:\/\/mazzaci.com\/sk\/wp-json\/wp\/v2\/product\/28097"}],"collection":[{"href":"https:\/\/mazzaci.com\/sk\/wp-json\/wp\/v2\/product"}],"about":[{"href":"https:\/\/mazzaci.com\/sk\/wp-json\/wp\/v2\/types\/product"}],"wp:featuredmedia":[{"embeddable":true,"href":"https:\/\/mazzaci.com\/sk\/wp-json\/wp\/v2\/media\/28121"}],"wp:attachment":[{"href":"https:\/\/mazzaci.com\/sk\/wp-json\/wp\/v2\/media?parent=28097"}],"wp:term":[{"taxonomy":"product_cat","embeddable":true,"href":"https:\/\/mazzaci.com\/sk\/wp-json\/wp\/v2\/product_cat?post=28097"},{"taxonomy":"product_tag","embeddable":true,"href":"https:\/\/mazzaci.com\/sk\/wp-json\/wp\/v2\/product_tag?post=28097"}],"curies":[{"name":"wp","href":"https:\/\/api.w.org\/{rel}","templated":true}]}}