{"id":18407,"date":"2022-01-14T07:46:25","date_gmt":"2022-01-14T06:46:25","guid":{"rendered":"https:\/\/dev.mazzaci.com\/si\/?post_type=product&#038;p=18407"},"modified":"2026-04-24T12:16:01","modified_gmt":"2026-04-24T10:16:01","slug":"tancare","status":"publish","type":"product","link":"https:\/\/mazzaci.com\/si\/izdelek\/tancare\/","title":{"rendered":"Negovalna krema TanCare"},"content":{"rendered":"<p data-path-to-node=\"3\">Z mo\u010djo narave do popolne obnove! <b data-path-to-node=\"3\" data-index-in-node=\"60\">100 % naravna<\/b> hranljiva bomba, ki tvojo ko\u017eo po son\u010denju takoj pomiri, globinsko navla\u017ei in poskrbi, da tvoj poletni ten traja dlje. Zdaj z izbolj\u0161ano formulo za \u0161e hitrej\u0161o regeneracijo ko\u017ene bariere.<\/p>\n","protected":false},"excerpt":{"rendered":"<ul>\n<li>Intenzivna obnova z niacinamidom in skvalanom<\/li>\n<li>Podalj\u0161a zagorelost in prepre\u010duje lu\u0161\u010denje ko\u017ee<\/li>\n<li>Takoj\u0161nja osve\u017eitev, ki ne masti in ne lepi<\/li>\n<li>Idealna nega tudi po britju in depilaciji<\/li>\n<li>Brez parabenov, sulfatov in testiranja na \u017eivalih<\/li>\n<li>Koli\u010dina: 150 ml<\/li>\n<\/ul>\n","protected":false},"featured_media":93236,"template":"","meta":{"_acf_changed":false},"product_brand":[],"product_cat":[868],"product_tag":[],"class_list":{"0":"post-18407","1":"product","2":"type-product","3":"status-publish","4":"has-post-thumbnail","6":"product_cat-izdelki-za-porjavitev","8":"first","9":"instock","10":"taxable","11":"shipping-taxable","12":"purchasable","13":"product-type-simple"},"acf":[],"_links":{"self":[{"href":"https:\/\/mazzaci.com\/si\/wp-json\/wp\/v2\/product\/18407","targetHints":{"allow":["GET"]}}],"collection":[{"href":"https:\/\/mazzaci.com\/si\/wp-json\/wp\/v2\/product"}],"about":[{"href":"https:\/\/mazzaci.com\/si\/wp-json\/wp\/v2\/types\/product"}],"wp:featuredmedia":[{"embeddable":true,"href":"https:\/\/mazzaci.com\/si\/wp-json\/wp\/v2\/media\/93236"}],"wp:attachment":[{"href":"https:\/\/mazzaci.com\/si\/wp-json\/wp\/v2\/media?parent=18407"}],"wp:term":[{"taxonomy":"product_brand","embeddable":true,"href":"https:\/\/mazzaci.com\/si\/wp-json\/wp\/v2\/product_brand?post=18407"},{"taxonomy":"product_cat","embeddable":true,"href":"https:\/\/mazzaci.com\/si\/wp-json\/wp\/v2\/product_cat?post=18407"},{"taxonomy":"product_tag","embeddable":true,"href":"https:\/\/mazzaci.com\/si\/wp-json\/wp\/v2\/product_tag?post=18407"}],"curies":[{"name":"wp","href":"https:\/\/api.w.org\/{rel}","templated":true}]}}