{"id":18406,"date":"2022-01-14T07:46:25","date_gmt":"2022-01-14T06:46:25","guid":{"rendered":"https:\/\/dev.mazzaci.com\/si\/?post_type=product&#038;p=18406"},"modified":"2026-04-23T20:43:44","modified_gmt":"2026-04-23T18:43:44","slug":"tanquick","status":"publish","type":"product","link":"https:\/\/mazzaci.com\/si\/izdelek\/tanquick\/","title":{"rendered":"Samoporjavitveni losjon TanQuick"},"content":{"rendered":"<p data-path-to-node=\"5\">Dosezi zapeljivo porjavitev v trenutku! | Nelepljiva formula &#8211; hipoalergeno &#8211; brez parabenov in sulfatov<\/p>\n","protected":false},"excerpt":{"rendered":"<ul>\n<li>U\u010dinek, enak tednom son\u010denja<\/li>\n<li>Ustvari naraven porjavel videz, popolnoma brez lis in made\u017eev<\/li>\n<li>Lahka, nelepljiva formula, ki se vpije v trenutku<\/li>\n<li>Pomaga prepre\u010diti po\u0161kodbe ko\u017ee, ki jih povzro\u010dajo UV-\u017earki in son\u010denje<\/li>\n<li>0 % mineralnih olj, parabenov in izsu\u0161ujo\u010dih alkoholov<\/li>\n<li>Koli\u010dina: 140 ml<\/li>\n<\/ul>\n","protected":false},"featured_media":18418,"template":"","meta":{"_acf_changed":false},"product_brand":[],"product_cat":[868],"product_tag":[],"class_list":{"0":"post-18406","1":"product","2":"type-product","3":"status-publish","4":"has-post-thumbnail","6":"product_cat-izdelki-za-porjavitev","8":"first","9":"outofstock","10":"taxable","11":"shipping-taxable","12":"purchasable","13":"product-type-simple"},"acf":[],"_links":{"self":[{"href":"https:\/\/mazzaci.com\/si\/wp-json\/wp\/v2\/product\/18406","targetHints":{"allow":["GET"]}}],"collection":[{"href":"https:\/\/mazzaci.com\/si\/wp-json\/wp\/v2\/product"}],"about":[{"href":"https:\/\/mazzaci.com\/si\/wp-json\/wp\/v2\/types\/product"}],"wp:featuredmedia":[{"embeddable":true,"href":"https:\/\/mazzaci.com\/si\/wp-json\/wp\/v2\/media\/18418"}],"wp:attachment":[{"href":"https:\/\/mazzaci.com\/si\/wp-json\/wp\/v2\/media?parent=18406"}],"wp:term":[{"taxonomy":"product_brand","embeddable":true,"href":"https:\/\/mazzaci.com\/si\/wp-json\/wp\/v2\/product_brand?post=18406"},{"taxonomy":"product_cat","embeddable":true,"href":"https:\/\/mazzaci.com\/si\/wp-json\/wp\/v2\/product_cat?post=18406"},{"taxonomy":"product_tag","embeddable":true,"href":"https:\/\/mazzaci.com\/si\/wp-json\/wp\/v2\/product_tag?post=18406"}],"curies":[{"name":"wp","href":"https:\/\/api.w.org\/{rel}","templated":true}]}}