{"id":18405,"date":"2022-01-14T07:46:25","date_gmt":"2022-01-14T06:46:25","guid":{"rendered":"https:\/\/dev.mazzaci.com\/si\/?post_type=product&#038;p=18405"},"modified":"2026-04-14T09:04:09","modified_gmt":"2026-04-14T07:04:09","slug":"tango","status":"publish","type":"product","link":"https:\/\/mazzaci.com\/si\/izdelek\/tango\/","title":{"rendered":"Porjavitvena krema TanGo"},"content":{"rendered":"<p>Hitrej\u0161a, bolj bronasta in intenzivnej\u0161a porjavitev|<span data-sheets-value=\"{&quot;1&quot;:2,&quot;2&quot;:&quot;Veganski izdelek \u2013 \u010dudovit sadni vonj \u2013 brez parabenov in sulfatov&quot;}\" data-sheets-userformat=\"{&quot;2&quot;:15233,&quot;3&quot;:{&quot;1&quot;:0},&quot;10&quot;:1,&quot;11&quot;:4,&quot;12&quot;:0,&quot;14&quot;:{&quot;1&quot;:2,&quot;2&quot;:0},&quot;15&quot;:&quot;Roboto Mono&quot;,&quot;16&quot;:10}\">Veganski izdelek \u2013 \u010dudovit sadni vonj \u2013 brez parabenov in sulfatov<\/span><\/p>\n<div class=\"XTranslate\" style=\"all: unset;\"><\/div>\n<div class=\"XTranslate\" style=\"all: unset;\"><\/div>\n","protected":false},"excerpt":{"rendered":"<ul>\n<li><span data-sheets-value=\"{&quot;1&quot;:2,&quot;2&quot;:&quot;Ohranja dolgotrajno zagorelost&quot;}\" data-sheets-userformat=\"{&quot;2&quot;:13185,&quot;3&quot;:{&quot;1&quot;:0},&quot;10&quot;:1,&quot;11&quot;:4,&quot;12&quot;:0,&quot;15&quot;:&quot;Roboto Mono&quot;,&quot;16&quot;:10}\">Ohranja dolgotrajno zagorelost<\/span><\/li>\n<li><span data-sheets-value=\"{&quot;1&quot;:2,&quot;2&quot;:&quot;Ko\u017ei nudi popolno vla\u017eenje in mehkobo&quot;}\" data-sheets-userformat=\"{&quot;2&quot;:13185,&quot;3&quot;:{&quot;1&quot;:0},&quot;10&quot;:1,&quot;11&quot;:4,&quot;12&quot;:0,&quot;15&quot;:&quot;Roboto Mono&quot;,&quot;16&quot;:10}\">Ko\u017ei nudi popolno vla\u017eenje in mehkobo<\/span><\/li>\n<li><span data-sheets-value=\"{&quot;1&quot;:2,&quot;2&quot;:&quot;Hitro se vpija in ne pu\u0161\u010da made\u017eev&quot;}\" data-sheets-userformat=\"{&quot;2&quot;:13185,&quot;3&quot;:{&quot;1&quot;:0},&quot;10&quot;:1,&quot;11&quot;:4,&quot;12&quot;:0,&quot;15&quot;:&quot;Roboto Mono&quot;,&quot;16&quot;:10}\">Hitro se vpija in ne pu\u0161\u010da made\u017eev<\/span><\/li>\n<li><span data-sheets-value=\"{&quot;1&quot;:2,&quot;2&quot;:&quot;Opojno di\u0161e\u010d tropski vonj&quot;}\" data-sheets-userformat=\"{&quot;2&quot;:15233,&quot;3&quot;:{&quot;1&quot;:0},&quot;10&quot;:1,&quot;11&quot;:4,&quot;12&quot;:0,&quot;14&quot;:{&quot;1&quot;:2,&quot;2&quot;:3355443},&quot;15&quot;:&quot;Roboto Mono&quot;,&quot;16&quot;:10}\">Opojno di\u0161e\u010d tropski vonj<\/span><\/li>\n<li>200ml<\/li>\n<\/ul>\n<div class=\"XTranslate\" style=\"all: unset;\"><\/div>\n<div class=\"XTranslate\" style=\"all: unset;\"><\/div>\n","protected":false},"featured_media":18410,"template":"","meta":{"_acf_changed":false},"product_brand":[],"product_cat":[868],"product_tag":[],"class_list":{"0":"post-18405","1":"product","2":"type-product","3":"status-publish","4":"has-post-thumbnail","6":"product_cat-izdelki-za-porjavitev","8":"first","9":"instock","10":"taxable","11":"shipping-taxable","12":"purchasable","13":"product-type-simple"},"acf":[],"_links":{"self":[{"href":"https:\/\/mazzaci.com\/si\/wp-json\/wp\/v2\/product\/18405","targetHints":{"allow":["GET"]}}],"collection":[{"href":"https:\/\/mazzaci.com\/si\/wp-json\/wp\/v2\/product"}],"about":[{"href":"https:\/\/mazzaci.com\/si\/wp-json\/wp\/v2\/types\/product"}],"wp:featuredmedia":[{"embeddable":true,"href":"https:\/\/mazzaci.com\/si\/wp-json\/wp\/v2\/media\/18410"}],"wp:attachment":[{"href":"https:\/\/mazzaci.com\/si\/wp-json\/wp\/v2\/media?parent=18405"}],"wp:term":[{"taxonomy":"product_brand","embeddable":true,"href":"https:\/\/mazzaci.com\/si\/wp-json\/wp\/v2\/product_brand?post=18405"},{"taxonomy":"product_cat","embeddable":true,"href":"https:\/\/mazzaci.com\/si\/wp-json\/wp\/v2\/product_cat?post=18405"},{"taxonomy":"product_tag","embeddable":true,"href":"https:\/\/mazzaci.com\/si\/wp-json\/wp\/v2\/product_tag?post=18405"}],"curies":[{"name":"wp","href":"https:\/\/api.w.org\/{rel}","templated":true}]}}