{"id":87004,"date":"2026-04-24T06:15:52","date_gmt":"2026-04-24T04:15:52","guid":{"rendered":"https:\/\/mazzaci.com\/ro\/?post_type=product&#038;p=87004"},"modified":"2026-04-24T14:18:02","modified_gmt":"2026-04-24T12:18:02","slug":"tancare","status":"publish","type":"product","link":"https:\/\/mazzaci.com\/ro\/produs\/tancare\/","title":{"rendered":"Crem\u0103 hr\u0103nitoare TanCare"},"content":{"rendered":"<p><span data-sheets-root=\"1\">\u00cent\u0103rit de natur\u0103 pentru refacere maxim\u0103! O explozie hr\u0103nitoare 100% natural\u0103 care calmeaz\u0103 instant \u0219i hidrateaz\u0103 \u00een profunzime pielea dup\u0103 expunerea la soare. Acum cu o formul\u0103 \u00eembun\u0103t\u0103\u021bit\u0103, care repar\u0103 bariera pielii \u0219i prelunge\u0219te semnificativ bronzul de var\u0103.<br \/>\n<\/span><\/p>\n","protected":false},"excerpt":{"rendered":"<ul>\n<li><span data-sheets-root=\"1\">Reparare intensiv\u0103 cu niacinamid\u0103 \u0219i squalan<\/span><\/li>\n<li><span data-sheets-root=\"1\">Prelunge\u0219te bronzul \u0219i previne descuamarea pielii<\/span><\/li>\n<li><span data-sheets-root=\"1\">\u00a0Prospe\u021bime instant\u0103, f\u0103r\u0103 senza\u021bie gras\u0103 sau lipicioas\u0103<\/span><\/li>\n<li><span data-sheets-root=\"1\">Perfect pentru \u00eengrijire dup\u0103 b\u0103rbierit sau epilare<\/span><\/li>\n<li><span data-sheets-root=\"1\">F\u0103r\u0103 cruzime, f\u0103r\u0103 parabeni \u0219i f\u0103r\u0103 sulfa\u021bi<\/span><\/li>\n<li><span data-sheets-root=\"1\">Volum: 150 ml<\/span><\/li>\n<\/ul>\n","protected":false},"featured_media":87012,"template":"","meta":[],"product_cat":[1848],"product_tag":[],"acf":[],"_links":{"self":[{"href":"https:\/\/mazzaci.com\/ro\/wp-json\/wp\/v2\/product\/87004"}],"collection":[{"href":"https:\/\/mazzaci.com\/ro\/wp-json\/wp\/v2\/product"}],"about":[{"href":"https:\/\/mazzaci.com\/ro\/wp-json\/wp\/v2\/types\/product"}],"wp:featuredmedia":[{"embeddable":true,"href":"https:\/\/mazzaci.com\/ro\/wp-json\/wp\/v2\/media\/87012"}],"wp:attachment":[{"href":"https:\/\/mazzaci.com\/ro\/wp-json\/wp\/v2\/media?parent=87004"}],"wp:term":[{"taxonomy":"product_cat","embeddable":true,"href":"https:\/\/mazzaci.com\/ro\/wp-json\/wp\/v2\/product_cat?post=87004"},{"taxonomy":"product_tag","embeddable":true,"href":"https:\/\/mazzaci.com\/ro\/wp-json\/wp\/v2\/product_tag?post=87004"}],"curies":[{"name":"wp","href":"https:\/\/api.w.org\/{rel}","templated":true}]}}