{"id":20849,"date":"2022-01-14T11:49:35","date_gmt":"2022-01-14T10:49:35","guid":{"rendered":"https:\/\/dev.mazzaci.com\/ro\/?post_type=product&#038;p=20849"},"modified":"2026-04-24T14:18:02","modified_gmt":"2026-04-24T12:18:02","slug":"tango-oil","status":"publish","type":"product","link":"https:\/\/mazzaci.com\/ro\/produs\/tango-oil\/","title":{"rendered":"Spray de bronzare TanGo Oil"},"content":{"rendered":"<p><span data-sheets-value=\"{&quot;1&quot;:2,&quot;2&quot;:&quot;Bronzare mai rapid\u0103 \u0219i mai intens\u0103&quot;}\" data-sheets-userformat=\"{&quot;2&quot;:15105,&quot;3&quot;:{&quot;1&quot;:0},&quot;11&quot;:4,&quot;12&quot;:0,&quot;14&quot;:{&quot;1&quot;:2,&quot;2&quot;:0},&quot;15&quot;:&quot;Inconsolata, monospace, arial, sans, sans-serif&quot;,&quot;16&quot;:11}\">Bronzare mai rapid\u0103 \u0219i mai intens\u0103<\/span> |<span data-sheets-value=\"{&quot;1&quot;:2,&quot;2&quot;:&quot;Produs vegan - Miros minunat - f\u0103r\u0103 parabeni \u0219i sulfa\u021bi&quot;}\" data-sheets-userformat=\"{&quot;2&quot;:15105,&quot;3&quot;:{&quot;1&quot;:0},&quot;11&quot;:4,&quot;12&quot;:0,&quot;14&quot;:{&quot;1&quot;:2,&quot;2&quot;:0},&quot;15&quot;:&quot;Inconsolata, monospace, arial, sans, sans-serif&quot;,&quot;16&quot;:11}\">Produs vegan &#8211; Miros minunat &#8211; f\u0103r\u0103 parabeni \u0219i sulfa\u021bi<\/span><\/p>\n","protected":false},"excerpt":{"rendered":"<ul>\n<li><span data-sheets-value=\"{&quot;1&quot;:2,&quot;2&quot;:&quot;Pentru un bronz intens \u0219i str\u0103lucitor f\u0103r\u0103 a sta prea mult la soare&quot;}\" data-sheets-userformat=\"{&quot;2&quot;:13185,&quot;3&quot;:{&quot;1&quot;:0},&quot;10&quot;:1,&quot;11&quot;:4,&quot;12&quot;:0,&quot;15&quot;:&quot;Roboto Mono&quot;,&quot;16&quot;:10}\">Pentru un bronz intens \u0219i str\u0103lucitor f\u0103r\u0103 a sta prea mult la soare<\/span><\/li>\n<li><span data-sheets-value=\"{&quot;1&quot;:2,&quot;2&quot;:&quot;Miros minunat de fructe&quot;}\" data-sheets-userformat=\"{&quot;2&quot;:15105,&quot;3&quot;:{&quot;1&quot;:0},&quot;11&quot;:4,&quot;12&quot;:0,&quot;14&quot;:{&quot;1&quot;:2,&quot;2&quot;:0},&quot;15&quot;:&quot;Inconsolata, monospace, arial, sans, sans-serif&quot;,&quot;16&quot;:11}\">Miros minunat de fructe<\/span><\/li>\n<li><span data-sheets-value=\"{&quot;1&quot;:2,&quot;2&quot;:&quot;Nu las\u0103 dungi sau pete portocalii&quot;}\" data-sheets-userformat=\"{&quot;2&quot;:13185,&quot;3&quot;:{&quot;1&quot;:0},&quot;10&quot;:1,&quot;11&quot;:4,&quot;12&quot;:0,&quot;15&quot;:&quot;Roboto Mono&quot;,&quot;16&quot;:10}\">Nu las\u0103 dungi sau pete portocalii<\/span><\/li>\n<li><span data-sheets-value=\"{&quot;1&quot;:2,&quot;2&quot;:&quot;Textura non-gras\u0103 care se absoarbe \u00een c\u00e2teva secunde&quot;}\" data-sheets-userformat=\"{&quot;2&quot;:15105,&quot;3&quot;:{&quot;1&quot;:0},&quot;11&quot;:4,&quot;12&quot;:0,&quot;14&quot;:{&quot;1&quot;:2,&quot;2&quot;:0},&quot;15&quot;:&quot;Inconsolata, monospace, arial, sans, sans-serif&quot;,&quot;16&quot;:11}\">Textura non-gras\u0103 care se absoarbe \u00een c\u00e2teva secunde<\/span><\/li>\n<li><span data-sheets-value=\"{&quot;1&quot;:2,&quot;2&quot;:&quot;Ingrediente naturale pentru o bronzare mai rapid\u0103&quot;}\" data-sheets-userformat=\"{&quot;2&quot;:15233,&quot;3&quot;:{&quot;1&quot;:0},&quot;10&quot;:1,&quot;11&quot;:4,&quot;12&quot;:0,&quot;14&quot;:{&quot;1&quot;:2,&quot;2&quot;:0},&quot;15&quot;:&quot;Roboto Mono&quot;,&quot;16&quot;:10}\">Ingrediente naturale pentru o bronzare mai rapid\u0103<\/span><\/li>\n<li>150ml<\/li>\n<\/ul>\n","protected":false},"featured_media":20872,"template":"","meta":[],"product_cat":[1848],"product_tag":[],"acf":[],"_links":{"self":[{"href":"https:\/\/mazzaci.com\/ro\/wp-json\/wp\/v2\/product\/20849"}],"collection":[{"href":"https:\/\/mazzaci.com\/ro\/wp-json\/wp\/v2\/product"}],"about":[{"href":"https:\/\/mazzaci.com\/ro\/wp-json\/wp\/v2\/types\/product"}],"wp:featuredmedia":[{"embeddable":true,"href":"https:\/\/mazzaci.com\/ro\/wp-json\/wp\/v2\/media\/20872"}],"wp:attachment":[{"href":"https:\/\/mazzaci.com\/ro\/wp-json\/wp\/v2\/media?parent=20849"}],"wp:term":[{"taxonomy":"product_cat","embeddable":true,"href":"https:\/\/mazzaci.com\/ro\/wp-json\/wp\/v2\/product_cat?post=20849"},{"taxonomy":"product_tag","embeddable":true,"href":"https:\/\/mazzaci.com\/ro\/wp-json\/wp\/v2\/product_tag?post=20849"}],"curies":[{"name":"wp","href":"https:\/\/api.w.org\/{rel}","templated":true}]}}