{"id":20846,"date":"2022-01-14T11:49:35","date_gmt":"2022-01-14T10:49:35","guid":{"rendered":"https:\/\/dev.mazzaci.com\/ro\/?post_type=product&#038;p=20846"},"modified":"2026-04-24T06:47:08","modified_gmt":"2026-04-24T04:47:08","slug":"tanquick","status":"publish","type":"product","link":"https:\/\/mazzaci.com\/ro\/produs\/tanquick\/","title":{"rendered":"Lo\u021biune autobronzant\u0103 TanQuick"},"content":{"rendered":"<p><span data-sheets-value=\"{&quot;1&quot;:2,&quot;2&quot;:&quot;Ob\u021bine un bronz seduc\u0103tor \u00eentr-o clip\u0103!&quot;}\" data-sheets-userformat=\"{&quot;2&quot;:13185,&quot;3&quot;:{&quot;1&quot;:0},&quot;10&quot;:1,&quot;11&quot;:4,&quot;12&quot;:0,&quot;15&quot;:&quot;Roboto Mono&quot;,&quot;16&quot;:10}\">Ob\u021bine un bronz seduc\u0103tor \u00eentr-o clip\u0103!<\/span>|<span data-sheets-value=\"{&quot;1&quot;:2,&quot;2&quot;:&quot;Formul\u0103 non-lipicioas\u0103 - hipoalergenic\u0103 - f\u0103r\u0103 parabeni \u0219i sulfa\u021bi&quot;}\" data-sheets-userformat=\"{&quot;2&quot;:15105,&quot;3&quot;:{&quot;1&quot;:0},&quot;11&quot;:4,&quot;12&quot;:0,&quot;14&quot;:{&quot;1&quot;:2,&quot;2&quot;:0},&quot;15&quot;:&quot;Inconsolata, monospace, arial, sans, sans-serif&quot;,&quot;16&quot;:11}\">Formul\u0103 non-lipicioas\u0103 &#8211; hipoalergenic\u0103 &#8211; f\u0103r\u0103 parabeni \u0219i sulfa\u021bi<\/span><\/p>\n","protected":false},"excerpt":{"rendered":"<ul>\n<li><span data-sheets-value=\"{&quot;1&quot;:2,&quot;2&quot;:&quot;Efect egal cu s\u0103pt\u0103m\u00e2ni de bronzare la soare&quot;}\" data-sheets-userformat=\"{&quot;2&quot;:15105,&quot;3&quot;:{&quot;1&quot;:0},&quot;11&quot;:4,&quot;12&quot;:0,&quot;14&quot;:{&quot;1&quot;:2,&quot;2&quot;:0},&quot;15&quot;:&quot;Inconsolata, monospace, arial, sans, sans-serif&quot;,&quot;16&quot;:11}\">Efect egal cu s\u0103pt\u0103m\u00e2ni de bronzare la soare<\/span><\/li>\n<li><span data-sheets-value=\"{&quot;1&quot;:2,&quot;2&quot;:&quot;Ofer\u0103 un bronz cu aspect natural, f\u0103r\u0103 dungi sau pete&quot;}\" data-sheets-userformat=\"{&quot;2&quot;:15105,&quot;3&quot;:{&quot;1&quot;:0},&quot;11&quot;:4,&quot;12&quot;:0,&quot;14&quot;:{&quot;1&quot;:2,&quot;2&quot;:0},&quot;15&quot;:&quot;Inconsolata, monospace, arial, sans, sans-serif&quot;,&quot;16&quot;:11}\">Ofer\u0103 un bronz cu aspect natural, f\u0103r\u0103 dungi sau pete<\/span><\/li>\n<li><span data-sheets-value=\"{&quot;1&quot;:2,&quot;2&quot;:&quot;Formul\u0103 u\u0219oar\u0103, neaderent\u0103, care se absoarbe instantaneu&quot;}\" data-sheets-userformat=\"{&quot;2&quot;:15105,&quot;3&quot;:{&quot;1&quot;:0},&quot;11&quot;:4,&quot;12&quot;:0,&quot;14&quot;:{&quot;1&quot;:2,&quot;2&quot;:0},&quot;15&quot;:&quot;Inconsolata, monospace, arial, sans, sans-serif&quot;,&quot;16&quot;:11}\">Formul\u0103 u\u0219oar\u0103, neaderent\u0103, care se absoarbe instantaneu<\/span><\/li>\n<li><span data-sheets-value=\"{&quot;1&quot;:2,&quot;2&quot;:&quot;Ajut\u0103 la evitarea leziunilor pielii cauzate de razele UV \u0219i expunerea la soare&quot;}\" data-sheets-userformat=\"{&quot;2&quot;:15105,&quot;3&quot;:{&quot;1&quot;:0},&quot;11&quot;:4,&quot;12&quot;:0,&quot;14&quot;:{&quot;1&quot;:2,&quot;2&quot;:0},&quot;15&quot;:&quot;Inconsolata, monospace, arial, sans, sans-serif&quot;,&quot;16&quot;:11}\">Ajut\u0103 la evitarea leziunilor pielii cauzate de razele UV \u0219i expunerea la soare<\/span><\/li>\n<li><span data-sheets-value=\"{&quot;1&quot;:2,&quot;2&quot;:&quot;0% uleiuri minerale, parabeni \u0219i alcooli sicativi&quot;}\" data-sheets-userformat=\"{&quot;2&quot;:15105,&quot;3&quot;:{&quot;1&quot;:0},&quot;11&quot;:4,&quot;12&quot;:0,&quot;14&quot;:{&quot;1&quot;:2,&quot;2&quot;:0},&quot;15&quot;:&quot;Inconsolata, monospace, arial, sans, sans-serif&quot;,&quot;16&quot;:11}\">0% uleiuri minerale, parabeni \u0219i alcooli sicativi<\/span><\/li>\n<li>140ml<\/li>\n<\/ul>\n","protected":false},"featured_media":20858,"template":"","meta":[],"product_cat":[1848],"product_tag":[],"acf":[],"_links":{"self":[{"href":"https:\/\/mazzaci.com\/ro\/wp-json\/wp\/v2\/product\/20846"}],"collection":[{"href":"https:\/\/mazzaci.com\/ro\/wp-json\/wp\/v2\/product"}],"about":[{"href":"https:\/\/mazzaci.com\/ro\/wp-json\/wp\/v2\/types\/product"}],"wp:featuredmedia":[{"embeddable":true,"href":"https:\/\/mazzaci.com\/ro\/wp-json\/wp\/v2\/media\/20858"}],"wp:attachment":[{"href":"https:\/\/mazzaci.com\/ro\/wp-json\/wp\/v2\/media?parent=20846"}],"wp:term":[{"taxonomy":"product_cat","embeddable":true,"href":"https:\/\/mazzaci.com\/ro\/wp-json\/wp\/v2\/product_cat?post=20846"},{"taxonomy":"product_tag","embeddable":true,"href":"https:\/\/mazzaci.com\/ro\/wp-json\/wp\/v2\/product_tag?post=20846"}],"curies":[{"name":"wp","href":"https:\/\/api.w.org\/{rel}","templated":true}]}}