{"id":20845,"date":"2022-01-14T11:49:35","date_gmt":"2022-01-14T10:49:35","guid":{"rendered":"https:\/\/dev.mazzaci.com\/ro\/?post_type=product&#038;p=20845"},"modified":"2026-04-24T07:13:23","modified_gmt":"2026-04-24T05:13:23","slug":"tango","status":"publish","type":"product","link":"https:\/\/mazzaci.com\/ro\/produs\/tango\/","title":{"rendered":"Crem\u0103 de bronzare Tango"},"content":{"rendered":"<p><span data-sheets-value=\"{&quot;1&quot;:2,&quot;2&quot;:&quot;Bronzare mai rapid\u0103 \u0219i mai intens\u0103&quot;}\" data-sheets-userformat=\"{&quot;2&quot;:15105,&quot;3&quot;:{&quot;1&quot;:0},&quot;11&quot;:4,&quot;12&quot;:0,&quot;14&quot;:{&quot;1&quot;:2,&quot;2&quot;:0},&quot;15&quot;:&quot;Inconsolata, monospace, arial, sans, sans-serif&quot;,&quot;16&quot;:11}\">Bronzare mai rapid\u0103 \u0219i mai intens\u0103<\/span>|<span data-sheets-value=\"{&quot;1&quot;:2,&quot;2&quot;:&quot;Produs vegan - arom\u0103 minunat\u0103 de fructe - f\u0103r\u0103 parabeni \u0219i sulfa\u021bi&quot;}\" data-sheets-userformat=\"{&quot;2&quot;:15105,&quot;3&quot;:{&quot;1&quot;:0},&quot;11&quot;:4,&quot;12&quot;:0,&quot;14&quot;:{&quot;1&quot;:2,&quot;2&quot;:0},&quot;15&quot;:&quot;Inconsolata, monospace, arial, sans, sans-serif&quot;,&quot;16&quot;:11}\">Produs vegan &#8211; arom\u0103 minunat\u0103 de fructe &#8211; f\u0103r\u0103 parabeni \u0219i sulfa\u021bi<\/span><\/p>\n","protected":false},"excerpt":{"rendered":"<ul>\n<li><span data-sheets-value=\"{&quot;1&quot;:2,&quot;2&quot;:&quot;\u00ce\u021bi prelunge\u0219te bronzul&quot;}\" data-sheets-userformat=\"{&quot;2&quot;:13185,&quot;3&quot;:{&quot;1&quot;:0},&quot;10&quot;:1,&quot;11&quot;:4,&quot;12&quot;:0,&quot;15&quot;:&quot;Roboto Mono&quot;,&quot;16&quot;:10}\">\u00ce\u021bi prelunge\u0219te bronzul<\/span><\/li>\n<li><span data-sheets-value=\"{&quot;1&quot;:2,&quot;2&quot;:&quot;Pielea ta va fi hidratat\u0103 \u0219i moale&quot;}\" data-sheets-userformat=\"{&quot;2&quot;:15105,&quot;3&quot;:{&quot;1&quot;:0},&quot;11&quot;:4,&quot;12&quot;:0,&quot;14&quot;:{&quot;1&quot;:2,&quot;2&quot;:0},&quot;15&quot;:&quot;Inconsolata, monospace, arial, sans, sans-serif&quot;,&quot;16&quot;:11}\">Pielea ta va fi hidratat\u0103 \u0219i moale<\/span><\/li>\n<li><span data-sheets-value=\"{&quot;1&quot;:2,&quot;2&quot;:&quot;Se absoarbe rapid si nu las\u0103 pete&quot;}\" data-sheets-userformat=\"{&quot;2&quot;:15105,&quot;3&quot;:{&quot;1&quot;:0},&quot;11&quot;:4,&quot;12&quot;:0,&quot;14&quot;:{&quot;1&quot;:2,&quot;2&quot;:0},&quot;15&quot;:&quot;Inconsolata, monospace, arial, sans, sans-serif&quot;,&quot;16&quot;:11}\">Se absoarbe rapid si nu las\u0103 pete<\/span><\/li>\n<li><span data-sheets-value=\"{&quot;1&quot;:2,&quot;2&quot;:&quot;Parfum tropical captivant&quot;}\" data-sheets-userformat=\"{&quot;2&quot;:15105,&quot;3&quot;:{&quot;1&quot;:0},&quot;11&quot;:4,&quot;12&quot;:0,&quot;14&quot;:{&quot;1&quot;:2,&quot;2&quot;:0},&quot;15&quot;:&quot;Inconsolata, monospace, arial, sans, sans-serif&quot;,&quot;16&quot;:11}\">Parfum tropical captivant<\/span><\/li>\n<li>200ml<\/li>\n<\/ul>\n","protected":false},"featured_media":20850,"template":"","meta":[],"product_cat":[1848],"product_tag":[],"acf":[],"_links":{"self":[{"href":"https:\/\/mazzaci.com\/ro\/wp-json\/wp\/v2\/product\/20845"}],"collection":[{"href":"https:\/\/mazzaci.com\/ro\/wp-json\/wp\/v2\/product"}],"about":[{"href":"https:\/\/mazzaci.com\/ro\/wp-json\/wp\/v2\/types\/product"}],"wp:featuredmedia":[{"embeddable":true,"href":"https:\/\/mazzaci.com\/ro\/wp-json\/wp\/v2\/media\/20850"}],"wp:attachment":[{"href":"https:\/\/mazzaci.com\/ro\/wp-json\/wp\/v2\/media?parent=20845"}],"wp:term":[{"taxonomy":"product_cat","embeddable":true,"href":"https:\/\/mazzaci.com\/ro\/wp-json\/wp\/v2\/product_cat?post=20845"},{"taxonomy":"product_tag","embeddable":true,"href":"https:\/\/mazzaci.com\/ro\/wp-json\/wp\/v2\/product_tag?post=20845"}],"curies":[{"name":"wp","href":"https:\/\/api.w.org\/{rel}","templated":true}]}}