{"id":33,"date":"2021-02-23T08:59:18","date_gmt":"2021-02-23T08:59:18","guid":{"rendered":"https:\/\/dev.s-mania.si\/wpsi\/?page_id=33"},"modified":"2026-04-24T09:58:55","modified_gmt":"2026-04-24T07:58:55","slug":"homepage","status":"publish","type":"page","link":"https:\/\/mazzaci.com\/ro\/","title":{"rendered":"Homepage"},"content":{"rendered":"<div class=\"mazzaci_home_main_banner\">\t<!-- homer desktop -->\n\t<div class=\"mazzaci_home_banners_desktop\">\n\t\t\t\t\t<a href=\"https:\/\/mazzaci.com\/ro\/produs-categorie\/produse-de-bronzare\/\">\n\t\t\t\t<img src=\"https:\/\/mazzaci.com\/assets\/img\/banners-promo\/maz-desktop-2.webp\" \/>\n\t\t\t\t\t\t\t<\/a>\n\t\t\t<\/div>\n\t<!-- homer mobile -->\n\t<div class=\"mazzaci_home_banners_mobile\">\n\t\t\t\t\t<a href=\"https:\/\/mazzaci.com\/ro\/produs-categorie\/produse-de-bronzare\/\">\n\t\t\t\t<img src=\"https:\/\/mazzaci.com\/assets\/img\/banners-promo\/maz-mobile-2.webp\" \/>\n\t\t\t\t\t\t\t<\/a>\n\t\t\t<\/div>\n\n\t<div class=\"maz-banner-cards\">\n\n\t\n\t\t<a href=\"https:\/\/mazzaci.com\/ro\/produs\/tango\/\" class=\"maz-banner-card\" style=\"background-image: url('https:\/\/mazzaci.com\/ro\/wp-content\/uploads\/Kartica-BG-TanGo.png');\">\n\n\t\t\t<div class=\"maz-banner-card_text\">\n\t\t\t\t<span class=\"maz-banner-card_text-main\">\u00cemi doresc bronzul auriu perfect<\/span>\n\t\t\t\t<span class=\"maz-banner-card_text-plus\"><\/span>\n\t\t\t\t<span class=\"maz-banner-card_text-sku\">\n\t\t\t\t\t<span>Tan<\/span><span>Go<\/span>\n\t\t\t\t<\/span>\n\t\t\t<\/div>\n\t\t\t<div class=\"maz-banner-card_image\">\n\t\t\t\t<img src=\"https:\/\/mazzaci.com\/ro\/wp-content\/uploads\/tango_transparent.png\">\n\t\t\t\t<img class=\"measure\" src=\"https:\/\/mazzaci.com\/ro\/wp-content\/uploads\/tango_transparent.png\">\n\t\t\t\t\t\t\t<\/div>\n\t\t<\/a>\n\n\t\n\t\t<a href=\"https:\/\/mazzaci.com\/ro\/produs\/tanquick\/\" class=\"maz-banner-card out-of-stock\" style=\"background-image: url('https:\/\/mazzaci.com\/ro\/wp-content\/uploads\/Kartica-BG-TanQuick.png');\">\n\n\t\t\t<div class=\"maz-banner-card_text\">\n\t\t\t\t<span class=\"maz-banner-card_text-main\">Nu ai timp? Vrei culoare rapid\u0103<\/span>\n\t\t\t\t<span class=\"maz-banner-card_text-plus\"><\/span>\n\t\t\t\t<span class=\"maz-banner-card_text-sku\">\n\t\t\t\t\t<span>Tan<\/span><span>Quick<\/span>\n\t\t\t\t<\/span>\n\t\t\t<\/div>\n\t\t\t<div class=\"maz-banner-card_image\">\n\t\t\t\t<img src=\"https:\/\/mazzaci.com\/ro\/wp-content\/uploads\/tanquick_transparent.png\">\n\t\t\t\t<img class=\"measure\" src=\"https:\/\/mazzaci.com\/ro\/wp-content\/uploads\/tanquick_transparent.png\">\n\t\t\t\t\t\t\t\t<div class=\"maz-banner-oos\">Stoc epuizat<\/div>\n\t\t\t\t\t\t\t<\/div>\n\t\t<\/a>\n\n\t\n\t\t<a href=\"https:\/\/mazzaci.com\/ro\/produs\/tango-oil\/\" class=\"maz-banner-card\" style=\"background-image: url('https:\/\/mazzaci.com\/ro\/wp-content\/uploads\/Kartica-BG-TanGo-Oil.png');\">\n\n\t\t\t<div class=\"maz-banner-card_text\">\n\t\t\t\t<span class=\"maz-banner-card_text-main\">Vreau un bronz intens \u0219i str\u0103lucitor<\/span>\n\t\t\t\t<span class=\"maz-banner-card_text-plus\"><\/span>\n\t\t\t\t<span class=\"maz-banner-card_text-sku\">\n\t\t\t\t\t<span>Tango<\/span><span>OIL<\/span>\n\t\t\t\t<\/span>\n\t\t\t<\/div>\n\t\t\t<div class=\"maz-banner-card_image\">\n\t\t\t\t<img src=\"https:\/\/mazzaci.com\/ro\/wp-content\/uploads\/tanoil-transparent.png\">\n\t\t\t\t<img class=\"measure\" src=\"https:\/\/mazzaci.com\/ro\/wp-content\/uploads\/tanoil-transparent.png\">\n\t\t\t\t\t\t\t<\/div>\n\t\t<\/a>\n\n\t\n\t\t<a href=\"https:\/\/mazzaci.com\/ro\/produs\/tancare\/\" class=\"maz-banner-card\" style=\"background-image: url('https:\/\/mazzaci.com\/ro\/wp-content\/uploads\/Kartica-BG-TanCare.png');\">\n\n\t\t\t<div class=\"maz-banner-card_text\">\n\t\t\t\t<span class=\"maz-banner-card_text-main\">Trebuie s\u0103 \u00eemi lini\u0219tesc \u0219i s\u0103 \u00eemi hidratez pielea<\/span>\n\t\t\t\t<span class=\"maz-banner-card_text-plus\"><\/span>\n\t\t\t\t<span class=\"maz-banner-card_text-sku\">\n\t\t\t\t\t<span>Tan<\/span><span>Care<\/span>\n\t\t\t\t<\/span>\n\t\t\t<\/div>\n\t\t\t<div class=\"maz-banner-card_image\">\n\t\t\t\t<img src=\"https:\/\/mazzaci.com\/ro\/wp-content\/uploads\/tancare_transparent.png\">\n\t\t\t\t<img class=\"measure\" src=\"https:\/\/mazzaci.com\/ro\/wp-content\/uploads\/tancare_transparent.png\">\n\t\t\t\t\t\t\t<\/div>\n\t\t<\/a>\n\n\t\n\t<\/div>\n\t\n\t<\/div>\n\n\n<div class=\"mazzaci_home_main-title\">Natural, accesibil \u0219i prietenos cu pielea<\/div>\n\n\n\n<p class=\"has-text-align-center\">Marca lider \u00een domeniul cosmeticelor naturale care are grij\u0103 de pielea \u0219i p\u0103rul t\u0103u. Produse 100% naturale, f\u0103r\u0103 substan\u021be toxice, vegane \u0219i netestate pe animale.<\/p>\n\n\n\n<p class=\"mazzaci_home_section_title\">\n<img decoding=\"async\" src=\"..\/assets\/img\/home_title_icons\/hot-right-now.svg\">\n<span>\u00cen trenduri<\/span>\n<\/p>\n\n\n\t<div class=\"mazzaci_hot_rn\">\n\t\t<div class=\"woocommerce columns-3 \"><ul class=\"products columns-3\">\n<li class=\"product type-product post-20845 status-publish first instock product_cat-produse-de-bronzare has-post-thumbnail taxable shipping-taxable purchasable product-type-simple\">\n\t<h2 class=\"woocommerce-loop-product__title\">Crem\u0103 de bronzare Tango<div class=\"st\">Ob\u021bine un bronz mai profund \u00eentr-un timp mai scurt<\/div><\/h2><div class=\"custom_info_wrap\"><div class=\"custom_info_wrap-left\"><span data-prodid=\"20845\" class=\"custom_order_now_btn custom_order_now_btn_atc\">Adaug\u0103 \u00een co\u0219<\/span><\/div><div class=\"custom_info_wrap-right\"><\/div><\/div><\/li>\n<li class=\"product type-product post-87004 status-publish instock product_cat-produse-de-bronzare has-post-thumbnail taxable shipping-taxable purchasable product-type-simple\">\n\t<h2 class=\"woocommerce-loop-product__title\">Crem\u0103 hr\u0103nitoare TanCare<div class=\"st\">\u00cengrijire dup\u0103 plaj\u0103 100% natural\u0103<\/div><\/h2><div class=\"custom_info_wrap\"><div class=\"custom_info_wrap-left\"><span data-prodid=\"87004\" class=\"custom_order_now_btn custom_order_now_btn_atc\">Adaug\u0103 \u00een co\u0219<\/span><\/div><div class=\"custom_info_wrap-right\"><\/div><\/div><\/li>\n<li class=\"product type-product post-86995 status-publish last in_stock product_cat-produse-de-bronzare has-post-thumbnail taxable shipping-taxable purchasable product-type-simple\">\n\t<h2 class=\"woocommerce-loop-product__title\">Set TanGo \u0219i TanCare<div class=\"st\">Totul pentru un bronz perfect de var\u0103 \u2013 \u00eentr-un singur pachet<\/div><\/h2><div class=\"custom_info_wrap\"><div class=\"custom_info_wrap-left\"><span data-prodid=\"86995\" class=\"custom_order_now_btn custom_order_now_btn_atc\">Adaug\u0103 \u00een co\u0219<\/span><\/div><div class=\"custom_info_wrap-right\"><\/div><\/div><\/li>\n<li class=\"product type-product post-20849 status-publish first instock product_cat-produse-de-bronzare has-post-thumbnail taxable shipping-taxable purchasable product-type-simple\">\n\t<h2 class=\"woocommerce-loop-product__title\">Spray de bronzare TanGo Oil<div class=\"st\">Str\u0103lucire instantanee + bronzare mai rapid\u0103<\/div><\/h2><div class=\"custom_info_wrap\"><div class=\"custom_info_wrap-left\"><span data-prodid=\"20849\" class=\"custom_order_now_btn custom_order_now_btn_atc\">Adaug\u0103 \u00een co\u0219<\/span><\/div><div class=\"custom_info_wrap-right\"><\/div><\/div><\/li>\n<\/ul>\n<\/div>\t<\/div>\n\t\n\n\n<div class=\"mazzaci_home_values-title\">Pentru c\u0103 ne pas\u0103<\/div>\n\n\n\t<div class=\"mazzaci_home_values\">\n\t\t<div>\n\t\t\t<img src=\"https:\/\/mazzaci.com\/assets\/img\/values\/r_RO.svg?v=4\">\n\t\t\t<div class=\"mazzaci_home_values_item-txt\">Netestat pe animale<\/div>\n\t\t<\/div>\n\t\t<div>\n\t\t\t<img src=\"https:\/\/mazzaci.com\/assets\/img\/values\/l_RO.svg?v=4\">\n\t\t\t<div class=\"mazzaci_home_values_item-txt\">Complet natural<\/div>\n\t\t<\/div>\n\t\t<div>\n\t\t\t<img src=\"https:\/\/mazzaci.com\/assets\/img\/values\/p_RO.svg?v=4\">\n\t\t\t<div class=\"mazzaci_home_values_item-txt\">Miros minunat<\/div>\n\t\t<\/div>\n\t\t<div>\n\t\t\t<img src=\"https:\/\/mazzaci.com\/assets\/img\/values\/eu_RO.svg?v=4\">\n\t\t\t<div class=\"mazzaci_home_values_item-txt\">Produs \u00een UE<\/div>\n\t\t<\/div>\n\t<\/div>\n\n\n\n\n<p class=\"mazzaci_home_section_title\">\n<img decoding=\"async\" src=\"..\/assets\/img\/home_title_icons\/tanning-products.svg\">\n<span>Produse de bronzare<\/span>\n<\/p>\n\n\n\n<p style=\"font-size:18px\">O varietate de produse pentru un bronz cu aspect natural, potrivite pentru toate tipurile de piele. Ingrediente naturale \u0219i vegane.<\/p>\n\n\n\t<div class=\"mazzaci_combo\">\n\t\t<div class=\"mazzaci_combo-img\">\n\t\t\t<img src=\"https:\/\/mazzaci.com\/ro\/wp-content\/uploads\/tanning-d.jpg\">\n\t\t<\/div>\n\t\t<div class=\"mazzaci_combo-img-mobile\" style=\"background-image:url('https:\/\/mazzaci.com\/ro\/wp-content\/uploads\/tanning-m.jpg');\">\n\t\t\t<img src=\"https:\/\/mazzaci.com\/ro\/wp-content\/uploads\/tanning-m.jpg\">\n\t\t<\/div>\n\t\t<div class=\"mazzaci_combo-products\">\n\t\t\t<div class=\"woocommerce columns-3 \"><ul class=\"products columns-3\">\n<li class=\"product type-product post-20846 status-publish first outofstock product_cat-produse-de-bronzare has-post-thumbnail taxable shipping-taxable purchasable product-type-simple\">\n\t<h2 class=\"woocommerce-loop-product__title\">Lo\u021biune autobronzant\u0103 TanQuick<div class=\"st\">Bronz natural f\u0103r\u0103 soare \u2013 \u00een doar c\u00e2teva ore<\/div><\/h2><div class=\"custom_info_wrap\"><div class=\"custom_info_wrap-left\"><span data-prodid=\"20846\" class=\"custom_order_now_btn custom_order_now_btn_oos\">Stoc epuizat<\/span><\/div><div class=\"custom_info_wrap-right\"><\/div><\/div><\/li>\n<li class=\"product type-product post-20845 status-publish instock product_cat-produse-de-bronzare has-post-thumbnail taxable shipping-taxable purchasable product-type-simple\">\n\t<h2 class=\"woocommerce-loop-product__title\">Crem\u0103 de bronzare Tango<div class=\"st\">Ob\u021bine un bronz mai profund \u00eentr-un timp mai scurt<\/div><\/h2><div class=\"custom_info_wrap\"><div class=\"custom_info_wrap-left\"><span data-prodid=\"20845\" class=\"custom_order_now_btn custom_order_now_btn_atc\">Adaug\u0103 \u00een co\u0219<\/span><\/div><div class=\"custom_info_wrap-right\"><\/div><\/div><\/li>\n<li class=\"product type-product post-87004 status-publish last instock product_cat-produse-de-bronzare has-post-thumbnail taxable shipping-taxable purchasable product-type-simple\">\n\t<h2 class=\"woocommerce-loop-product__title\">Crem\u0103 hr\u0103nitoare TanCare<div class=\"st\">\u00cengrijire dup\u0103 plaj\u0103 100% natural\u0103<\/div><\/h2><div class=\"custom_info_wrap\"><div class=\"custom_info_wrap-left\"><span data-prodid=\"87004\" class=\"custom_order_now_btn custom_order_now_btn_atc\">Adaug\u0103 \u00een co\u0219<\/span><\/div><div class=\"custom_info_wrap-right\"><\/div><\/div><\/li>\n<li class=\"product type-product post-86995 status-publish first in_stock product_cat-produse-de-bronzare has-post-thumbnail taxable shipping-taxable purchasable product-type-simple\">\n\t<h2 class=\"woocommerce-loop-product__title\">Set TanGo \u0219i TanCare<div class=\"st\">Totul pentru un bronz perfect de var\u0103 \u2013 \u00eentr-un singur pachet<\/div><\/h2><div class=\"custom_info_wrap\"><div class=\"custom_info_wrap-left\"><span data-prodid=\"86995\" class=\"custom_order_now_btn custom_order_now_btn_atc\">Adaug\u0103 \u00een co\u0219<\/span><\/div><div class=\"custom_info_wrap-right\"><\/div><\/div><\/li>\n<li class=\"product type-product post-20849 status-publish instock product_cat-produse-de-bronzare has-post-thumbnail taxable shipping-taxable purchasable product-type-simple\">\n\t<h2 class=\"woocommerce-loop-product__title\">Spray de bronzare TanGo Oil<div class=\"st\">Str\u0103lucire instantanee + bronzare mai rapid\u0103<\/div><\/h2><div class=\"custom_info_wrap\"><div class=\"custom_info_wrap-left\"><span data-prodid=\"20849\" class=\"custom_order_now_btn custom_order_now_btn_atc\">Adaug\u0103 \u00een co\u0219<\/span><\/div><div class=\"custom_info_wrap-right\"><\/div><\/div><\/li>\n<\/ul>\n<\/div>\t\t<\/div>\n\t<\/div>\n\t<!-- View all category products -->\n\t\t\t<div class=\"mazzaci_combo_view_more\">\n\t\t\t<a href=\"https:\/\/mazzaci.com\/ro\/produs-categorie\/produse-de-bronzare\">Vezi tot <i style=\"margin-left:5px;\" class=\"fas fa-arrow-right\"><\/i><\/a>\n\t\t<\/div>\n\t\n\n\n\r\n    <div class=\"faq_main_div\">\r\n        <div class=\"faq_img_m\">\r\n            <img src=\"https:\/\/mazzaci.com\/assets\/img\/faq_img_m.png\">\r\n        <\/div>\r\n        <div class=\"faq_text_main\">\r\n            <h2>Cum v\u0103 putem ajuta?<\/h2>\r\n            <p>Vrem s\u0103 ne ajut\u0103m clien\u021bii c\u00e2t mai bine. Pute\u021bi c\u0103uta oric\u00e2nd asisten\u021b\u0103 pe re\u021belele noastre de socializare sau pute\u021bi g\u0103si un r\u0103spuns la \u00eentreb\u0103rile dvs. Mai jos.<\/p>\r\n            <div class=\"faq_links\">\r\n                <a href=\"\/ro\/faq?s=1\">Livrare & return\u0103ri<\/a>\r\n                <a href=\"\/ro\/faq?s=0\">Urm\u0103rirea comenzii<\/a>\r\n                <a href=\"\/ro\/faq\">\u00centreb\u0103ri frecvente<\/a>\r\n                <a href=\"\/ro\/instructiuni-de-folosire\">Instructiuni de folosire<\/a>\r\n            <\/div>\r\n        <\/div>\r\n        <div class=\"faq_img\">\r\n            <img src=\"https:\/\/mazzaci.com\/assets\/img\/faq_img.png\">\r\n        <\/div>\r\n    <\/div>\r\n\r\n    \n\n\n\n\n\n\t<script>\n\t\tvar newsletter_id = '194';\n\t<\/script>\n\t<div class=\"mazzaci_home_newsletter\">\n\t\t<div class=\"mazzaci_home_newsletter_title\">Al\u0103tur\u0103-te comunit\u0103\u021bii noastre<\/div>\n\t\t<div class=\"mazzaci_home_newsletter_txt\">Vrei s\u0103 fii la curent cu toate \u0219tirile? Aboneaz\u0103-te la newsletter-ul nostru \u0219i profit\u0103 de oportunit\u0103\u021bile fantastice!<\/div>\n\t\t<div class=\"mazzaci_home_newsletter_action\">\n\t\t\t<div class=\"mazzaci_home_newsletter_action_input\">\n\t\t\t\t<input id=\"mazzaci_home_newsletter_action_input\" type=\"text\" placeholder=\"Introdu e-mailul t\u0103u aici\">\n\t\t\t<\/div>\n\t\t\t<div class=\"mazzaci_home_newsletter_action_submit\">\n\t\t\t\t<span id=\"mazzaci_home_newsletter_action_submit\">\u00cenregistrare<\/span>\n\t\t\t<\/div>\n\t\t<\/div>\n\t<\/div>\n\n","protected":false},"excerpt":{"rendered":"<p>Marca lider \u00een domeniul cosmeticelor naturale care are grij\u0103 de pielea \u0219i p\u0103rul t\u0103u. Produse 100% naturale, f\u0103r\u0103 substan\u021be toxice, vegane \u0219i netestate pe animale. \u00cen trenduri Produse de bronzare O varietate de produse pentru un bronz cu aspect natural, potrivite pentru toate tipurile de piele. Ingrediente naturale \u0219i vegane.<\/p>\n","protected":false},"author":1,"featured_media":0,"parent":0,"menu_order":0,"comment_status":"closed","ping_status":"closed","template":"template-fullwidth.php","meta":[],"tags":[],"acf":[],"_links":{"self":[{"href":"https:\/\/mazzaci.com\/ro\/wp-json\/wp\/v2\/pages\/33"}],"collection":[{"href":"https:\/\/mazzaci.com\/ro\/wp-json\/wp\/v2\/pages"}],"about":[{"href":"https:\/\/mazzaci.com\/ro\/wp-json\/wp\/v2\/types\/page"}],"author":[{"embeddable":true,"href":"https:\/\/mazzaci.com\/ro\/wp-json\/wp\/v2\/users\/1"}],"replies":[{"embeddable":true,"href":"https:\/\/mazzaci.com\/ro\/wp-json\/wp\/v2\/comments?post=33"}],"version-history":[{"count":40,"href":"https:\/\/mazzaci.com\/ro\/wp-json\/wp\/v2\/pages\/33\/revisions"}],"predecessor-version":[{"id":87128,"href":"https:\/\/mazzaci.com\/ro\/wp-json\/wp\/v2\/pages\/33\/revisions\/87128"}],"wp:attachment":[{"href":"https:\/\/mazzaci.com\/ro\/wp-json\/wp\/v2\/media?parent=33"}],"wp:term":[{"taxonomy":"post_tag","embeddable":true,"href":"https:\/\/mazzaci.com\/ro\/wp-json\/wp\/v2\/tags?post=33"}],"curies":[{"name":"wp","href":"https:\/\/api.w.org\/{rel}","templated":true}]}}