{"id":24039,"date":"2022-06-07T07:22:16","date_gmt":"2022-06-07T05:22:16","guid":{"rendered":"https:\/\/mazzaci.com\/ro\/?page_id=24039"},"modified":"2023-01-18T10:23:38","modified_gmt":"2023-01-18T09:23:38","slug":"faq","status":"publish","type":"page","link":"https:\/\/mazzaci.com\/ro\/faq\/","title":{"rendered":"\u00centreb\u0103ri frecvente"},"content":{"rendered":"\n<div class=\"wp-block-pb-accordion-item c-accordion__item js-accordion-item no-js is-open\" data-initially-open=\"true\" data-click-to-close=\"false\" data-auto-close=\"false\" data-scroll=\"false\" data-scroll-offset=\"0\"><h2 id=\"at-2403911\" class=\"c-accordion__title js-accordion-controller\" role=\"button\">Urm\u0103rirea comenzii<\/h2><div id=\"ac-2403911\" class=\"c-accordion__content\">\n<p>Num\u0103rul de urm\u0103rire a comenzii se afl\u0103 \u00een e-mailul pe care \u021bi l-am trimis atunci c\u00e2nd comanda a fost expediat\u0103.<\/p>\n\n\n\n<p>Introdu num\u0103rul de urm\u0103rire a comenzii \u00een caseta de mai jos pentru a ob\u021bine timpul estimat de livrare.<\/p>\n\n\n\n<form id=\"overSeasForm\">\n  <input type=\"text\" id=\"trackingNum\" name=\"trackingNum\" placeholder=\"Num\u0103r de urm\u0103rire\">\n  <input type=\"submit\" value=\"C\u0103utare\" class=\"trackingSubmit\">\n<\/form>\n<\/div><\/div>\n\n\n\t\r\n\t<script>\r\n\r\n\t\t$(document).ready(function(){\r\n\r\n\t\t\tif($('.dfvu_docs')[0]) {\r\n\r\n\t\t\t\tlet url = 'https:\/\/s-mania.com\/landings-v1\/modules\/documents\/faq\/get_faq_data.php?country=RO&source=store';\r\n\t\t\t\t$('.dfvu_docs').load(url).hide().fadeIn();\r\n\r\n\t\t\t}\r\n\r\n\t\t});\r\n\r\n\t<\/script>\r\n\r\n\t<div class=\"dfvu_docs dfvu_docs_faq\"><\/div>\n\n\n    <script>\r\n        $(document).ready(function(){\r\n            $( \".entry-content > .c-accordion__item >.c-accordion__title \" ).each(function( index ) {\r\n                let text = $( this ).text();\r\n                let id = $( this ).attr('id');\r\n                $(\"#faqShortcuts\").append(`<div class=\"faqShortcut\" data-jump=\"#${id}\">${text}<\/div>`);\r\n            });\r\n            $('#content').on('click', '.faqShortcut', function() {\r\n                $([document.documentElement, document.body]).animate({\r\n                    scrollTop: $($( this ).data(\"jump\")).offset().top - 100\r\n                }, 1000);\r\n            });\r\n            $( \"#overSeasForm\" ).submit(function( event ) {\r\n                event.preventDefault();\r\n                let trackingCountry = \"RO\";\r\n                let trackingUrl = 'https:\/\/is.overseas.hr\/tracking\/?trackingid=';\r\n                if(trackingCountry === \"RO\"){\r\n                    trackingUrl = \"https:\/\/www.fancourier.ro\/awb-tracking\/?metoda=tracking&bar_size=x&limba=romana&awb=\";\r\n                }else if(trackingCountry === \"BG\"){\r\n                    trackingUrl = \"https:\/\/services.dpd.gr\/tracking\/?language=en&shipmentNumber=\";\r\n                }else if(trackingCountry === \"GR\"){\r\n                    trackingUrl = \"https:\/\/services.dpd.gr\/tracking\/?language=gr&shipmentNumber=\";\r\n                }\r\n\r\n                window.open( trackingUrl + $(\"#trackingNum\").val(),'_blank' );\r\n            });\r\n                    });\r\n\r\n    <\/script>\r\n    <style>\r\n        @media only screen and (min-width: 768px) {\r\n            \/* .entry-title{\r\n                display: none;\r\n            } *\/\r\n        }\r\n    <\/style>\r\n\r\n\r\n    \n","protected":false},"excerpt":{"rendered":"","protected":false},"author":1,"featured_media":0,"parent":0,"menu_order":0,"comment_status":"closed","ping_status":"closed","template":"","meta":[],"tags":[1853],"acf":[],"_links":{"self":[{"href":"https:\/\/mazzaci.com\/ro\/wp-json\/wp\/v2\/pages\/24039"}],"collection":[{"href":"https:\/\/mazzaci.com\/ro\/wp-json\/wp\/v2\/pages"}],"about":[{"href":"https:\/\/mazzaci.com\/ro\/wp-json\/wp\/v2\/types\/page"}],"author":[{"embeddable":true,"href":"https:\/\/mazzaci.com\/ro\/wp-json\/wp\/v2\/users\/1"}],"replies":[{"embeddable":true,"href":"https:\/\/mazzaci.com\/ro\/wp-json\/wp\/v2\/comments?post=24039"}],"version-history":[{"count":4,"href":"https:\/\/mazzaci.com\/ro\/wp-json\/wp\/v2\/pages\/24039\/revisions"}],"predecessor-version":[{"id":29737,"href":"https:\/\/mazzaci.com\/ro\/wp-json\/wp\/v2\/pages\/24039\/revisions\/29737"}],"wp:attachment":[{"href":"https:\/\/mazzaci.com\/ro\/wp-json\/wp\/v2\/media?parent=24039"}],"wp:term":[{"taxonomy":"post_tag","embeddable":true,"href":"https:\/\/mazzaci.com\/ro\/wp-json\/wp\/v2\/tags?post=24039"}],"curies":[{"name":"wp","href":"https:\/\/api.w.org\/{rel}","templated":true}]}}