{"id":1863,"date":"2021-06-02T12:17:27","date_gmt":"2021-06-02T10:17:27","guid":{"rendered":"https:\/\/s-mania.si\/?page_id=1863"},"modified":"2021-12-08T14:06:43","modified_gmt":"2021-12-08T13:06:43","slug":"contacteaza-ne","status":"publish","type":"page","link":"https:\/\/mazzaci.com\/ro\/contacteaza-ne\/","title":{"rendered":"Contacteaz\u0103-ne"},"content":{"rendered":"    \r\n    <div class=\"dfvu_custom_contact_form\">\r\n\r\n        <div class=\"dfvu_custom_contact_form_text\">\r\n\r\n        \u00ce\u021bi stam la dispozi\u021bie 24 de ore din 24. Dac\u0103 ai \u00eentreb\u0103ri,  nu ezita s\u0103 ne contactezi, vom face tot posibilul pentru a-\u021bi r\u0103spunde c\u00e2t mai rapid posibil.\r\n        <\/div>\r\n\r\n        <div class=\"dfvu_custom_contact_form_form\">\r\n            \r\n            <div class=\"dfvu_custom_contact_form_row\">\r\n\r\n                <div class=\"dfvu_custom_contact_form_row_item\"><label>Adresa de e-mail <i class=\"dfvu_custom_contact_form_required fas fa-asterisk fa-sm\"><\/i><\/label><input name=\"dfvu_custom_form_field_email\" type=\"text\"><\/div>\r\n                <div class=\"dfvu_custom_contact_form_row_item\"><label>Telefon<\/label><input name=\"dfvu_custom_form_field_phone\" placeholder=\"Adaug\u0103 un prefix interna\u021bional, cum ar fi +40\" type=\"text\"><\/div>\r\n\r\n            <\/div>\r\n\r\n            <div class=\"dfvu_custom_contact_form_row\">\r\n\r\n                <div class=\"dfvu_custom_contact_form_row_item\"><label>Nume \u0219i prenume <i class=\"dfvu_custom_contact_form_required fas fa-asterisk fa-sm\"><\/i><\/label><input name=\"dfvu_custom_form_field_name\" type=\"text\"><\/div>\r\n                <div class=\"dfvu_custom_contact_form_row_item\"><label>Subiect<\/label><input name=\"dfvu_custom_form_field_subject\" type=\"text\"><\/div>\r\n\r\n            <\/div>\r\n            \r\n            <div class=\"dfvu_custom_contact_form_single\">\r\n                \r\n                <div class=\"dfvu_custom_contact_form_row_item\"><label>Mesaj <i class=\"dfvu_custom_contact_form_required fas fa-asterisk fa-sm\"><\/i><\/label><textarea name=\"dfvu_custom_form_field_message\"><\/textarea><\/div>\r\n                \r\n            <\/div>\r\n            \r\n            \r\n            \r\n            <!-- Captcha -->\r\n            <input type=\"hidden\" name=\"dfvu_custom_form_field_token\" id=\"token\" \/>\r\n            <input type=\"hidden\" name=\"dfvu_custom_form_field_action\" id=\"action\"\/>\r\n\r\n        <\/div>\r\n\r\n        \r\n        <div class=\"dfvu_custom_contact_form_info\">\r\n\r\n            <i class=\"dfvu_custom_contact_form_required fas fa-asterisk fa-xs\"><\/i> - Acest c\u00e2mp este obligatoriu\r\n        <\/div>\r\n\r\n        <div class=\"dfvu_custom_contact_form_submit\">\r\n\r\n            <span>Trimite un mesaj<\/span>\r\n\r\n        <\/div>\r\n\r\n        <div class=\"dfvu_custom_contact_form_contact_info\">\r\n            DFVU d.o.o.\r\n            <br>\r\n            Liparjeva 6a\r\n            <br>\r\n            1234 Menge\u0161\r\n            <br>\r\n            Slovenia\r\n            <br>\r\n            <a href=\"mailto:ro@mazzaci.com\">ro@mazzaci.com<\/a>\r\n        <\/div>\r\n\r\n    <\/div>\r\n    \r\n    \n","protected":false},"excerpt":{"rendered":"","protected":false},"author":1,"featured_media":0,"parent":0,"menu_order":0,"comment_status":"closed","ping_status":"closed","template":"","meta":[],"tags":[1853],"acf":[],"_links":{"self":[{"href":"https:\/\/mazzaci.com\/ro\/wp-json\/wp\/v2\/pages\/1863"}],"collection":[{"href":"https:\/\/mazzaci.com\/ro\/wp-json\/wp\/v2\/pages"}],"about":[{"href":"https:\/\/mazzaci.com\/ro\/wp-json\/wp\/v2\/types\/page"}],"author":[{"embeddable":true,"href":"https:\/\/mazzaci.com\/ro\/wp-json\/wp\/v2\/users\/1"}],"replies":[{"embeddable":true,"href":"https:\/\/mazzaci.com\/ro\/wp-json\/wp\/v2\/comments?post=1863"}],"version-history":[{"count":1,"href":"https:\/\/mazzaci.com\/ro\/wp-json\/wp\/v2\/pages\/1863\/revisions"}],"predecessor-version":[{"id":20821,"href":"https:\/\/mazzaci.com\/ro\/wp-json\/wp\/v2\/pages\/1863\/revisions\/20821"}],"wp:attachment":[{"href":"https:\/\/mazzaci.com\/ro\/wp-json\/wp\/v2\/media?parent=1863"}],"wp:term":[{"taxonomy":"post_tag","embeddable":true,"href":"https:\/\/mazzaci.com\/ro\/wp-json\/wp\/v2\/tags?post=1863"}],"curies":[{"name":"wp","href":"https:\/\/api.w.org\/{rel}","templated":true}]}}