{"id":1725,"date":"2021-05-19T05:40:43","date_gmt":"2021-05-19T03:40:43","guid":{"rendered":"https:\/\/s-mania.si\/?page_id=1725"},"modified":"2024-09-26T06:45:53","modified_gmt":"2024-09-26T04:45:53","slug":"despre-noi","status":"publish","type":"page","link":"https:\/\/mazzaci.com\/ro\/despre-noi\/","title":{"rendered":"Despre noi"},"content":{"rendered":"\n<div class=\"smania_static_side\">\n\n    <div class=\"smania_static_side_left\">\n        <h4>Adres\u0103<\/h4>\n        DFVU d.o.o.\n        <br>\n        Liparjeva ulica 6a\n        <br>\n        1234 Menge\u0161\n        \n        <br><br>\n        <h4>E-mail<\/h4>\n        <a href=\"mailto:ro@mazzaci.com\">ro@mazzaci.com<\/a>\n        \n<br><br>\n        <h4>Telefon<\/h4>\n        0372786135\n\n        <br><br>\n        <h4>Program de lucru<\/h4>\n       De luni p\u00e2n\u0103 vineri: 07:00 &#8211; 15:00\n        \n        <br><br>\n        <h4>Informa\u021bii privind \u00eenfiin\u021barea<\/h4>\n        Grefier: AJPES, filiala Ljubljana\n        <br>\n        Data \u00eenregistr\u0103rii: 13.12.2016\n        \n        <br><br>\n        <h4>Date de identificare<\/h4>\n        Num\u0103rul de identificare TVA: SI35983175\n        <br>\n        \u00centreprindere \u00eenregistrat\u0103 cu TVA: DA\n        <br>\n        Num\u0103r de \u00eenregistrare: 7193548000\n        <br>\n        Cont bancar: SI56 6100 0001 5525 391 (DELAVSKA HRANILNICA d.d)\n        <br>\n        BIC: HDELSI22\n    \n    <\/div>\n    \n    <div class=\"smania_static_side_right\">\n    \n        <h3>PANOU DE AVIZARE<\/h3>\n        <span style=\"color: #808080\">29.03.2021<\/span>\n        <br>\n        <strong>Aviz privind neutilizarea \u0219tampilei pentru verificarea documentelor<\/strong>\n        <br>\n        <a target=\"_blank\" href=\"https:\/\/s-mania.si\/wp-content\/uploads\/doc\/Sklep-o-neuporabi-%C5%BEiga-2021.pdf\" rel=\"noopener\">Vezi documentul<\/a>\n    \n    <\/div>\n    \n<\/div>\n    \n    \n    \n    #main a {\n        color: #0087DE;\n        text-decoration: none!important;\n        }\n    \n    .smania_static_side {\n    \n        display: flex;\n        flex-direction: row;\n    \n    }\n    \n    .smania_static_side_left {\n    \n        padding-right: 40px;\n        margin-right: 40px;\n        border-right: 1px solid #dcdcdc;\n    \n    }\n    \n    @media only screen and (max-width: 800px) {\n    \n        .smania_static_side {\n    \n            flex-direction: column;\n    \n        }\n    \n        .smania_static_side &gt; div {\n    \n            width: 100%;\n    \n        }\n    \n        .smania_static_side_left {\n    \n            padding-right: 0;\n            margin-right: 0;\n            border-right: none;\n    \n            padding-bottom: 40px;\n            margin-bottom: 40px;\n            border-bottom: 1px solid #dcdcdc;\n    \n        }\n    \n    }\n\n\n\n<p><\/p>\n","protected":false},"excerpt":{"rendered":"<p>Adres\u0103 DFVU d.o.o. Liparjeva ulica 6a 1234 Menge\u0161 E-mail ro@mazzaci.com Telefon 0372786135 Program de lucru De luni p\u00e2n\u0103 vineri: 07:00 &#8211; 15:00 Informa\u021bii privind \u00eenfiin\u021barea Grefier: AJPES, filiala Ljubljana Data \u00eenregistr\u0103rii: 13.12.2016 Date de identificare Num\u0103rul de identificare TVA: SI35983175 \u00centreprindere \u00eenregistrat\u0103 cu TVA: DA Num\u0103r de \u00eenregistrare: 7193548000 Cont bancar: SI56 6100 0001 5525 [&hellip;]<\/p>\n","protected":false},"author":1,"featured_media":0,"parent":0,"menu_order":0,"comment_status":"closed","ping_status":"closed","template":"","meta":[],"tags":[1853],"acf":[],"_links":{"self":[{"href":"https:\/\/mazzaci.com\/ro\/wp-json\/wp\/v2\/pages\/1725"}],"collection":[{"href":"https:\/\/mazzaci.com\/ro\/wp-json\/wp\/v2\/pages"}],"about":[{"href":"https:\/\/mazzaci.com\/ro\/wp-json\/wp\/v2\/types\/page"}],"author":[{"embeddable":true,"href":"https:\/\/mazzaci.com\/ro\/wp-json\/wp\/v2\/users\/1"}],"replies":[{"embeddable":true,"href":"https:\/\/mazzaci.com\/ro\/wp-json\/wp\/v2\/comments?post=1725"}],"version-history":[{"count":5,"href":"https:\/\/mazzaci.com\/ro\/wp-json\/wp\/v2\/pages\/1725\/revisions"}],"predecessor-version":[{"id":47661,"href":"https:\/\/mazzaci.com\/ro\/wp-json\/wp\/v2\/pages\/1725\/revisions\/47661"}],"wp:attachment":[{"href":"https:\/\/mazzaci.com\/ro\/wp-json\/wp\/v2\/media?parent=1725"}],"wp:term":[{"taxonomy":"post_tag","embeddable":true,"href":"https:\/\/mazzaci.com\/ro\/wp-json\/wp\/v2\/tags?post=1725"}],"curies":[{"name":"wp","href":"https:\/\/api.w.org\/{rel}","templated":true}]}}