{"id":12498,"date":"2021-09-29T08:36:05","date_gmt":"2021-09-29T06:36:05","guid":{"rendered":"https:\/\/smania.store\/it\/?page_id=12498"},"modified":"2021-09-29T08:42:09","modified_gmt":"2021-09-29T06:42:09","slug":"politica-de-cookie-uri","status":"publish","type":"page","link":"https:\/\/mazzaci.com\/ro\/politica-de-cookie-uri\/","title":{"rendered":"Politica de cookie-uri"},"content":{"rendered":"<div class=\"cli_pg_page_contaner\">\n<h3>Despre aceast\u0103 politic\u0103 de cookie-uri<\/h3>\n<div>Aceast\u0103 politic\u0103 privind modulele cookie explic\u0103 ce sunt cookie-urile \u0219i cum le folosim, tipurile de module cookie pe care le folosim, adic\u0103 informa\u021biile pe care le colect\u0103m cu ajutorul modulelor cookie \u0219i cum sunt folosite aceste informa\u021bii, precum \u0219i modul \u00een care pute\u021bi controla preferin\u021bele privind modulele cookie. Pentru mai multe informa\u021bii despre modul \u00een care utiliz\u0103m, stoc\u0103m \u0219i p\u0103str\u0103m \u00een siguran\u021b\u0103 datele dvs. personale, consulta\u021bi Politica de confiden\u021bialitate.Pute\u021bi oric\u00e2nd s\u0103 v\u0103 modifica\u021bi sau s\u0103 v\u0103 retrage\u021bi consim\u021b\u0103m\u00e2ntul din Declara\u021bia privind cookie-urile de pe site-ul nostru webAfla\u021bi mai multe despre cine suntem, cum ne pute\u021bi contacta \u0219i cum prelucr\u0103m datele cu caracter personal \u00een Politica noastr\u0103 de confiden\u021bialitate.<\/div>\n<div><\/div>\n<div>Consim\u021b\u0103m\u00e2ntul dvs. se aplic\u0103 urm\u0103toarelor domenii: smania.store<div class=\"cli_user_consent_state\">Starea ta actual\u0103: Consim\u021b\u0103m\u00e2ntul nu a fost dat. <a class=\"cli_manage_current_consent\" style=\"cursor:pointer;text-decoration:underline;\">Administreaz\u0103-\u021bi consim\u021b\u0103m\u00e2ntul.<\/a> <\/div><\/div>\n<div><\/div>\n<h3>Ce sunt cookie-urile ?<\/h3>\n<div>Cookie-urile sunt fi\u0219iere text de mici dimensiuni care sunt utilizate pentru a stoca mici p\u0103r\u021bi de informa\u021bii. Acestea sunt stocate pe dispozitivul dvs. atunci c\u00e2nd site-ul web este \u00eenc\u0103rcat pe browserul dvs. Aceste cookie-uri ne ajut\u0103 s\u0103 facem ca site-ul web s\u0103 func\u021bioneze corect, s\u0103 \u00eel facem mai sigur, s\u0103 oferim o experien\u021b\u0103 mai bun\u0103 pentru utilizator \u0219i s\u0103 \u00een\u021belegem cum func\u021bioneaz\u0103 site-ul web \u0219i s\u0103 analiz\u0103m ce func\u021bioneaz\u0103 \u0219i unde este nevoie de \u00eembun\u0103t\u0103\u021biri.<\/div>\n<div><\/div>\n<h3>Cum folosim cookie-urile?<\/h3>\n<div>La fel ca majoritatea serviciilor online, site-ul nostru utilizeaz\u0103 cookie-uri de la prima parte \u0219i de la ter\u021bi \u00een mai multe scopuri. Cookie-urile de tip first-party sunt \u00een mare parte necesare pentru ca site-ul web s\u0103 func\u021bioneze \u00een mod corespunz\u0103tor \u0219i nu colecteaz\u0103 niciun fel de date care s\u0103 v\u0103 identifice personal. Modulele cookie de ter\u021b\u0103 parte utilizate pe site-ul nostru web sunt utilizate \u00een principal pentru a \u00een\u021belege modul \u00een care func\u021bioneaz\u0103 site-ul web, modul \u00een care interac\u021biona\u021bi cu site-ul nostru web, pentru a men\u021bine serviciile noastre \u00een siguran\u021b\u0103, pentru a oferi reclame relevante pentru dvs. \u0219i, \u00een general, pentru a v\u0103 oferi o experien\u021b\u0103 de utilizare mai bun\u0103 \u0219i \u00eembun\u0103t\u0103\u021bit\u0103 \u0219i pentru a v\u0103 ajuta s\u0103 accelera\u021bi viitoarele dvs. interac\u021biuni cu site-ul nostru web.<\/div>\n<div><\/div>\n<h3>Ce tipuri de cookie-uri folosim?<\/h3>\n<div><strong>Esen\u021biale:<\/strong> Unele cookie-uri sunt esen\u021biale pentru ca dvs. s\u0103 pute\u021bi beneficia de \u00eentreaga func\u021bionalitate a site-ului nostru. Acestea ne permit s\u0103 men\u021binem sesiunile de utilizator \u0219i s\u0103 prevenim orice amenin\u021bare la adresa securit\u0103\u021bii. Acestea nu colecteaz\u0103 \u0219i nu stocheaz\u0103 nicio informa\u021bie personal\u0103. De exemplu, aceste module cookie v\u0103 permit s\u0103 v\u0103 conecta\u021bi la contul dvs. \u0219i s\u0103 ad\u0103uga\u021bi produse \u00een co\u0219ul dvs. de cump\u0103r\u0103turi, precum \u0219i s\u0103 efectua\u021bi plata \u00een siguran\u021b\u0103.<\/div>\n<\/div>\n<div><\/div>\n<div><\/div>\n<div class=\"cli_pg_page_contaner\">\n<div><strong>Statistici:<\/strong> Aceste module cookie stocheaz\u0103 informa\u021bii precum num\u0103rul de vizitatori ai site-ului web, num\u0103rul de vizitatori unici, ce pagini ale site-ului web au fost vizitate, sursa vizitei etc. Aceste date ne ajut\u0103 s\u0103 \u00een\u021belegem \u0219i s\u0103 analiz\u0103m c\u00e2t de bine func\u021bioneaz\u0103 site-ul web \u0219i unde este nevoie de \u00eembun\u0103t\u0103\u021biri.<\/div>\n<\/div>\n<div><\/div>\n<div><\/div>\n<div class=\"cli_pg_page_contaner\">\n<div><strong>Marketing:<\/strong> Site-ul nostru web afi\u0219eaz\u0103 reclame. Aceste module cookie sunt utilizate pentru a personaliza reclamele pe care vi le afi\u0219\u0103m, astfel \u00eenc\u00e2t acestea s\u0103 fie semnificative pentru dumneavoastr\u0103. Aceste module cookie ne ajut\u0103, de asemenea, s\u0103 urm\u0103rim eficien\u021ba acestor campanii publicitare.Informa\u021biile stocate \u00een aceste module cookie pot fi, de asemenea, utilizate de c\u0103tre furnizorii de reclame ter\u021be pentru a v\u0103 afi\u0219a reclame \u0219i pe alte site-uri web din browser.<\/div>\n<\/div>\n<div><\/div>\n<div><\/div>\n<div class=\"cli_pg_page_contaner\">\n<div><strong>Func\u021bionale:<\/strong> Acestea sunt cookie-urile care ajut\u0103 anumite func\u021bionalit\u0103\u021bi neesen\u021biale pe site-ul nostru web. Aceste func\u021bionalit\u0103\u021bi includ \u00eencorporarea de con\u021binut, cum ar fi videoclipuri sau partajarea con\u021binutului site-ului web pe platformele de socializare.<\/div>\n<\/div>\n<div><\/div>\n<div><\/div>\n<div class=\"cli_pg_page_contaner\">\n<div><strong>Preferin\u021be:<\/strong> Aceste cookie-uri ne ajut\u0103 s\u0103 stoc\u0103m set\u0103rile \u0219i preferin\u021bele dvs. de navigare, cum ar fi preferin\u021bele lingvistice, astfel \u00eenc\u00e2t s\u0103 ave\u021bi o experien\u021b\u0103 mai bun\u0103 \u0219i mai eficient\u0103 la viitoarele vizite pe site-ul web.<\/div>\n<\/div>\n<div><\/div>\n<div><\/div>\n<div class=\"cli_pg_page_contaner\">\n<h3>Cum pot controla preferin\u021bele privind cookie-urile?<\/h3>\n<div>\u00cen cazul \u00een care decide\u021bi s\u0103 v\u0103 modifica\u021bi preferin\u021bele mai t\u00e2rziu \u00een timpul sesiunii de navigare, pute\u021bi face clic pe fila &#8222;&#8221;<span data-sheets-value=\"{&quot;1&quot;:2,&quot;2&quot;:&quot;Politica de cookie-uri&quot;}\" data-sheets-userformat=\"{&quot;2&quot;:9089,&quot;3&quot;:{&quot;1&quot;:0},&quot;10&quot;:1,&quot;11&quot;:4,&quot;12&quot;:0,&quot;16&quot;:10}\">Politica de cookie-uri<\/span>&#8222;&#8221; de pe ecran. Acest lucru va afi\u0219a din nou notificarea de consim\u021b\u0103m\u00e2nt, permi\u021b\u00e2ndu-v\u0103 s\u0103 v\u0103 modifica\u021bi preferin\u021bele sau s\u0103 v\u0103 retrage\u021bi \u00een totalitate consim\u021b\u0103m\u00e2ntul.\u00cen plus, diferite browsere ofer\u0103 diferite metode de blocare \u0219i \u0219tergere a modulelor cookie utilizate de site-urile web. Pute\u021bi modifica set\u0103rile browserului dvs. pentru a bloca\/\u0219terge cookie-urile. Pentru a afla mai multe despre cum s\u0103 gestiona\u021bi \u0219i s\u0103 \u0219terge\u021bi cookie-urile, vizita\u021bi wikipedia.org, www.allaboutcookies.org.<\/div>\n<\/div>\n","protected":false},"excerpt":{"rendered":"<p>Despre aceast\u0103 politic\u0103 de cookie-uri Aceast\u0103 politic\u0103 privind modulele cookie explic\u0103 ce sunt cookie-urile \u0219i cum le folosim, tipurile de module cookie pe care le folosim, adic\u0103 informa\u021biile pe care le colect\u0103m cu ajutorul modulelor cookie \u0219i cum sunt folosite aceste informa\u021bii, precum \u0219i modul \u00een care pute\u021bi controla preferin\u021bele privind modulele cookie. Pentru mai [&hellip;]<\/p>\n","protected":false},"author":6,"featured_media":0,"parent":0,"menu_order":0,"comment_status":"closed","ping_status":"closed","template":"","meta":[],"tags":[],"acf":[],"_links":{"self":[{"href":"https:\/\/mazzaci.com\/ro\/wp-json\/wp\/v2\/pages\/12498"}],"collection":[{"href":"https:\/\/mazzaci.com\/ro\/wp-json\/wp\/v2\/pages"}],"about":[{"href":"https:\/\/mazzaci.com\/ro\/wp-json\/wp\/v2\/types\/page"}],"author":[{"embeddable":true,"href":"https:\/\/mazzaci.com\/ro\/wp-json\/wp\/v2\/users\/6"}],"replies":[{"embeddable":true,"href":"https:\/\/mazzaci.com\/ro\/wp-json\/wp\/v2\/comments?post=12498"}],"version-history":[{"count":0,"href":"https:\/\/mazzaci.com\/ro\/wp-json\/wp\/v2\/pages\/12498\/revisions"}],"wp:attachment":[{"href":"https:\/\/mazzaci.com\/ro\/wp-json\/wp\/v2\/media?parent=12498"}],"wp:term":[{"taxonomy":"post_tag","embeddable":true,"href":"https:\/\/mazzaci.com\/ro\/wp-json\/wp\/v2\/tags?post=12498"}],"curies":[{"name":"wp","href":"https:\/\/api.w.org\/{rel}","templated":true}]}}