{"id":26761,"date":"2021-11-26T07:52:35","date_gmt":"2021-11-26T06:52:35","guid":{"rendered":"https:\/\/dev.mazzaci.com\/en\/?post_type=product&#038;p=26761"},"modified":"2024-05-08T08:03:07","modified_gmt":"2024-05-08T06:03:07","slug":"tanset","status":"publish","type":"product","link":"https:\/\/mazzaci.com\/pt\/produto\/tanset\/","title":{"rendered":"Conjunto TanGo e TanCare"},"content":{"rendered":"<p>Conjunto de creme bronzeador TanGo e creme nutritivo para a pele TanCare|Produtos vegan &#8211; cheiro maravilhoso &#8211; sem parabenos nem sulfatos<\/p>\n","protected":false},"excerpt":{"rendered":"<p>A Mazzaci finalmente preparou um conjunto de produtos naturais para a pele que ir\u00e3o impressionar todos os que amam aquecer-se ao sol.<\/p>\n<ul>\n<li>Use TanGo para bronzear e TanCare para nutrir a pele<\/li>\n<li>Sem produtos qu\u00edmicos<\/li>\n<li>Caixa de presente projetada com bom gosto<\/li>\n<li>Aplica\u00e7\u00e3o r\u00e1pida e sem manchas<\/li>\n<li>Mime-se a si, a um amigo ou a um ente querido<\/li>\n<li>Feito na UE<\/li>\n<\/ul>\n","protected":false},"featured_media":26928,"template":"","meta":[],"product_cat":[2133],"product_tag":[],"acf":[],"_links":{"self":[{"href":"https:\/\/mazzaci.com\/pt\/wp-json\/wp\/v2\/product\/26761"}],"collection":[{"href":"https:\/\/mazzaci.com\/pt\/wp-json\/wp\/v2\/product"}],"about":[{"href":"https:\/\/mazzaci.com\/pt\/wp-json\/wp\/v2\/types\/product"}],"wp:featuredmedia":[{"embeddable":true,"href":"https:\/\/mazzaci.com\/pt\/wp-json\/wp\/v2\/media\/26928"}],"wp:attachment":[{"href":"https:\/\/mazzaci.com\/pt\/wp-json\/wp\/v2\/media?parent=26761"}],"wp:term":[{"taxonomy":"product_cat","embeddable":true,"href":"https:\/\/mazzaci.com\/pt\/wp-json\/wp\/v2\/product_cat?post=26761"},{"taxonomy":"product_tag","embeddable":true,"href":"https:\/\/mazzaci.com\/pt\/wp-json\/wp\/v2\/product_tag?post=26761"}],"curies":[{"name":"wp","href":"https:\/\/api.w.org\/{rel}","templated":true}]}}