{"id":26752,"date":"2021-11-26T07:50:31","date_gmt":"2021-11-26T06:50:31","guid":{"rendered":"https:\/\/dev.mazzaci.com\/en\/?post_type=product&#038;p=26752"},"modified":"2022-07-20T08:24:09","modified_gmt":"2022-07-20T06:24:09","slug":"tancare","status":"publish","type":"product","link":"https:\/\/mazzaci.com\/pt\/produto\/tancare\/","title":{"rendered":"Creme nutritivo TanCare"},"content":{"rendered":"<p>Nutri\u00e7\u00e3o e hidrata\u00e7\u00e3o intensivas para qualquer tipo de pele|Vegan &#8211; Cheiro \u00d3timo &#8211; Livre de Sulfatos e Parabenos<\/p>\n","protected":false},"excerpt":{"rendered":"<ul>\n<li>Impede o peeling e o aperto desagrad\u00e1vel da pele<\/li>\n<li>Hidrata intensamente a pele<\/li>\n<li>Mant\u00e9m um equil\u00edbrio saud\u00e1vel da pele, prolongando o seu bronzeado atraente<\/li>\n<li>Mant\u00e9m a sua pele jovem, brilhante e incrivelmente macia<\/li>\n<li>O cuidado perfeito ap\u00f3s o sol, ap\u00f3s barbear e ap\u00f3s depilar<\/li>\n<li>200 ml<\/li>\n<\/ul>\n","protected":false},"featured_media":27042,"template":"","meta":[],"product_cat":[2133],"product_tag":[],"acf":[],"_links":{"self":[{"href":"https:\/\/mazzaci.com\/pt\/wp-json\/wp\/v2\/product\/26752"}],"collection":[{"href":"https:\/\/mazzaci.com\/pt\/wp-json\/wp\/v2\/product"}],"about":[{"href":"https:\/\/mazzaci.com\/pt\/wp-json\/wp\/v2\/types\/product"}],"wp:featuredmedia":[{"embeddable":true,"href":"https:\/\/mazzaci.com\/pt\/wp-json\/wp\/v2\/media\/27042"}],"wp:attachment":[{"href":"https:\/\/mazzaci.com\/pt\/wp-json\/wp\/v2\/media?parent=26752"}],"wp:term":[{"taxonomy":"product_cat","embeddable":true,"href":"https:\/\/mazzaci.com\/pt\/wp-json\/wp\/v2\/product_cat?post=26752"},{"taxonomy":"product_tag","embeddable":true,"href":"https:\/\/mazzaci.com\/pt\/wp-json\/wp\/v2\/product_tag?post=26752"}],"curies":[{"name":"wp","href":"https:\/\/api.w.org\/{rel}","templated":true}]}}