{"id":26745,"date":"2021-11-26T07:45:18","date_gmt":"2021-11-26T06:45:18","guid":{"rendered":"https:\/\/dev.mazzaci.com\/en\/?post_type=product&#038;p=26745"},"modified":"2022-08-17T07:50:45","modified_gmt":"2022-08-17T05:50:45","slug":"tanquick","status":"publish","type":"product","link":"https:\/\/mazzaci.com\/pt\/produto\/tanquick\/","title":{"rendered":"Autobronzeador TanQuick"},"content":{"rendered":"<p>Consiga um bronzeado sedutor num instante!|F\u00f3rmula n\u00e3o pegajosa &#8211; hipoalerg\u00e9nica &#8211; livre de parabenos e sulfatos<\/p>\n","protected":false},"excerpt":{"rendered":"<ul>\n<li>Efeito igual a semanas de bronzeamento<\/li>\n<li>Cria uma apar\u00eancia bronzeada natural, sem estrias e manchas<\/li>\n<li>F\u00f3rmula leve e n\u00e3o pegajosa que absorve num instante<\/li>\n<li>Ajuda a evitar danos \u00e0 pele causados pelos raios UV e banhos de sol<\/li>\n<li>0% \u00f3leo mineral, parabenos, \u00e1lcoois secantes<\/li>\n<li>140 ml<\/li>\n<\/ul>\n","protected":false},"featured_media":27041,"template":"","meta":[],"product_cat":[2133],"product_tag":[],"acf":[],"_links":{"self":[{"href":"https:\/\/mazzaci.com\/pt\/wp-json\/wp\/v2\/product\/26745"}],"collection":[{"href":"https:\/\/mazzaci.com\/pt\/wp-json\/wp\/v2\/product"}],"about":[{"href":"https:\/\/mazzaci.com\/pt\/wp-json\/wp\/v2\/types\/product"}],"wp:featuredmedia":[{"embeddable":true,"href":"https:\/\/mazzaci.com\/pt\/wp-json\/wp\/v2\/media\/27041"}],"wp:attachment":[{"href":"https:\/\/mazzaci.com\/pt\/wp-json\/wp\/v2\/media?parent=26745"}],"wp:term":[{"taxonomy":"product_cat","embeddable":true,"href":"https:\/\/mazzaci.com\/pt\/wp-json\/wp\/v2\/product_cat?post=26745"},{"taxonomy":"product_tag","embeddable":true,"href":"https:\/\/mazzaci.com\/pt\/wp-json\/wp\/v2\/product_tag?post=26745"}],"curies":[{"name":"wp","href":"https:\/\/api.w.org\/{rel}","templated":true}]}}