{"id":33,"date":"2021-02-23T08:59:18","date_gmt":"2021-02-23T08:59:18","guid":{"rendered":"https:\/\/dev.s-mania.si\/wpsi\/?page_id=33"},"modified":"2026-04-24T09:58:51","modified_gmt":"2026-04-24T07:58:51","slug":"homepage","status":"publish","type":"page","link":"https:\/\/mazzaci.com\/pt\/","title":{"rendered":"Homepage"},"content":{"rendered":"<div class=\"mazzaci_home_main_banner\">\t<!-- homer desktop -->\n\t<div class=\"mazzaci_home_banners_desktop\">\n\t\t\t\t\t<a href=\"https:\/\/mazzaci.com\/pt\/categoria-de-produto\/produtos-de-bronzeamento\/\">\n\t\t\t\t<img src=\"https:\/\/mazzaci.com\/assets\/img\/banners-promo\/maz-desktop-2.webp\" \/>\n\t\t\t\t\t\t\t<\/a>\n\t\t\t<\/div>\n\t<!-- homer mobile -->\n\t<div class=\"mazzaci_home_banners_mobile\">\n\t\t\t\t\t<a href=\"https:\/\/mazzaci.com\/pt\/categoria-de-produto\/produtos-de-bronzeamento\/\">\n\t\t\t\t<img src=\"https:\/\/mazzaci.com\/assets\/img\/banners-promo\/maz-mobile-2.webp\" \/>\n\t\t\t\t\t\t\t<\/a>\n\t\t\t<\/div>\n\n\t<div class=\"maz-banner-cards\">\n\n\t\n\t\t<a href=\"https:\/\/mazzaci.com\/pt\/produto\/tango\/\" class=\"maz-banner-card out-of-stock\" style=\"background-image: url('https:\/\/mazzaci.com\/pt\/wp-content\/uploads\/Kartica-BG-TanGo.png');\">\n\n\t\t\t<div class=\"maz-banner-card_text\">\n\t\t\t\t<span class=\"maz-banner-card_text-main\">Quero o bronzeado dourado perfeito<\/span>\n\t\t\t\t<span class=\"maz-banner-card_text-plus\"><\/span>\n\t\t\t\t<span class=\"maz-banner-card_text-sku\">\n\t\t\t\t\t<span>Tan<\/span><span>Go<\/span>\n\t\t\t\t<\/span>\n\t\t\t<\/div>\n\t\t\t<div class=\"maz-banner-card_image\">\n\t\t\t\t<img src=\"https:\/\/mazzaci.com\/pt\/wp-content\/uploads\/tango_transparent.png\">\n\t\t\t\t<img class=\"measure\" src=\"https:\/\/mazzaci.com\/pt\/wp-content\/uploads\/tango_transparent.png\">\n\t\t\t\t\t\t\t\t<div class=\"maz-banner-oos\">Esgotado<\/div>\n\t\t\t\t\t\t\t<\/div>\n\t\t<\/a>\n\n\t\n\t\t<a href=\"https:\/\/mazzaci.com\/pt\/produto\/tanquick\/\" class=\"maz-banner-card out-of-stock\" style=\"background-image: url('https:\/\/mazzaci.com\/pt\/wp-content\/uploads\/Kartica-BG-TanQuick.png');\">\n\n\t\t\t<div class=\"maz-banner-card_text\">\n\t\t\t\t<span class=\"maz-banner-card_text-main\">Sem tempo? Precisa de cor r\u00e1pida.<\/span>\n\t\t\t\t<span class=\"maz-banner-card_text-plus\"><\/span>\n\t\t\t\t<span class=\"maz-banner-card_text-sku\">\n\t\t\t\t\t<span>Tan<\/span><span>Quick<\/span>\n\t\t\t\t<\/span>\n\t\t\t<\/div>\n\t\t\t<div class=\"maz-banner-card_image\">\n\t\t\t\t<img src=\"https:\/\/mazzaci.com\/pt\/wp-content\/uploads\/tanquick_transparent.png\">\n\t\t\t\t<img class=\"measure\" src=\"https:\/\/mazzaci.com\/pt\/wp-content\/uploads\/tanquick_transparent.png\">\n\t\t\t\t\t\t\t\t<div class=\"maz-banner-oos\">Esgotado<\/div>\n\t\t\t\t\t\t\t<\/div>\n\t\t<\/a>\n\n\t\n\t\t<a href=\"https:\/\/mazzaci.com\/pt\/produto\/tango-oil\/\" class=\"maz-banner-card out-of-stock\" style=\"background-image: url('https:\/\/mazzaci.com\/pt\/wp-content\/uploads\/Kartica-BG-TanGo-Oil.png');\">\n\n\t\t\t<div class=\"maz-banner-card_text\">\n\t\t\t\t<span class=\"maz-banner-card_text-main\">Quero um bronzeado profundo e luminoso<\/span>\n\t\t\t\t<span class=\"maz-banner-card_text-plus\"><\/span>\n\t\t\t\t<span class=\"maz-banner-card_text-sku\">\n\t\t\t\t\t<span>Tango<\/span><span>OIL<\/span>\n\t\t\t\t<\/span>\n\t\t\t<\/div>\n\t\t\t<div class=\"maz-banner-card_image\">\n\t\t\t\t<img src=\"https:\/\/mazzaci.com\/pt\/wp-content\/uploads\/tanoil-transparent.png\">\n\t\t\t\t<img class=\"measure\" src=\"https:\/\/mazzaci.com\/pt\/wp-content\/uploads\/tanoil-transparent.png\">\n\t\t\t\t\t\t\t\t<div class=\"maz-banner-oos\">Esgotado<\/div>\n\t\t\t\t\t\t\t<\/div>\n\t\t<\/a>\n\n\t\n\t\t<a href=\"https:\/\/mazzaci.com\/pt\/produto\/tancare\/\" class=\"maz-banner-card out-of-stock\" style=\"background-image: url('https:\/\/mazzaci.com\/pt\/wp-content\/uploads\/Kartica-BG-TanCare.png');\">\n\n\t\t\t<div class=\"maz-banner-card_text\">\n\t\t\t\t<span class=\"maz-banner-card_text-main\">Preciso de acalmar e hidratar a minha pele<\/span>\n\t\t\t\t<span class=\"maz-banner-card_text-plus\"><\/span>\n\t\t\t\t<span class=\"maz-banner-card_text-sku\">\n\t\t\t\t\t<span>Tan<\/span><span>Care<\/span>\n\t\t\t\t<\/span>\n\t\t\t<\/div>\n\t\t\t<div class=\"maz-banner-card_image\">\n\t\t\t\t<img src=\"https:\/\/mazzaci.com\/pt\/wp-content\/uploads\/tancare_transparent.png\">\n\t\t\t\t<img class=\"measure\" src=\"https:\/\/mazzaci.com\/pt\/wp-content\/uploads\/tancare_transparent.png\">\n\t\t\t\t\t\t\t\t<div class=\"maz-banner-oos\">Esgotado<\/div>\n\t\t\t\t\t\t\t<\/div>\n\t\t<\/a>\n\n\t\n\t<\/div>\n\t\n\t<\/div>\n\n\n<div class=\"mazzaci_home_main-title\">Natural, acess\u00edvel e amig\u00e1vel para a pele<\/div>\n\n\n\n<p class=\"has-text-align-center\">A marca l\u00edder em cosm\u00e9ticos naturais que cuida da sua pele e cabelo. 100% natural, sem t\u00f3xico, vegano e produtos sem crueldade.<\/p>\n\n\n\n<p class=\"mazzaci_home_section_title\">\n<img decoding=\"async\" src=\"..\/assets\/img\/home_title_icons\/hot-right-now.svg\">\n<span>Quente agora<\/span>\n<\/p>\n\n\n\t<div class=\"mazzaci_hot_rn\">\n\t\t<div class=\"woocommerce columns-3 \"><ul class=\"products columns-3\">\n<li class=\"product type-product post-26738 status-publish first outofstock product_cat-produtos-de-bronzeamento has-post-thumbnail taxable shipping-taxable purchasable product-type-simple\">\n\t<h2 class=\"woocommerce-loop-product__title\">Geleia de bronzeamento TanGo<div class=\"st\">Conquiste um bronzeado mais profundo em menos tempo<\/div><\/h2><div class=\"custom_info_wrap\"><div class=\"custom_info_wrap-left\"><span data-prodid=\"26738\" class=\"custom_order_now_btn custom_order_now_btn_oos\">Esgotado<\/span><\/div><div class=\"custom_info_wrap-right\"><\/div><\/div><\/li>\n<li class=\"product type-product post-26768 status-publish outofstock product_cat-produtos-de-bronzeamento has-post-thumbnail taxable shipping-taxable purchasable product-type-simple\">\n\t<h2 class=\"woocommerce-loop-product__title\">TanGo Oil spray bronzeador<div class=\"st\">Brilho instant\u00e2neo + bronzeamento mais r\u00e1pido<\/div><\/h2><div class=\"custom_info_wrap\"><div class=\"custom_info_wrap-left\"><span data-prodid=\"26768\" class=\"custom_order_now_btn custom_order_now_btn_oos\">Esgotado<\/span><\/div><div class=\"custom_info_wrap-right\"><\/div><\/div><\/li>\n<li class=\"product type-product post-27738 status-publish last in_stock product_cat-produtos-de-bronzeamento has-post-thumbnail taxable shipping-taxable purchasable product-type-simple\">\n\t<h2 class=\"woocommerce-loop-product__title\">Conjunto TanGo e TanCare<div class=\"st\">Tudo para um bronzeado de ver\u00e3o perfeito \u2013 num s\u00f3 pacote<\/div><\/h2><div class=\"custom_info_wrap\"><div class=\"custom_info_wrap-left\"><span data-prodid=\"27738\" class=\"custom_order_now_btn custom_order_now_btn_atc\">Adicionar<\/span><\/div><div class=\"custom_info_wrap-right\"><\/div><\/div><\/li>\n<li class=\"product type-product post-27739 status-publish first outofstock product_cat-produtos-de-bronzeamento has-post-thumbnail taxable shipping-taxable purchasable product-type-simple\">\n\t<h2 class=\"woocommerce-loop-product__title\">Creme nutritivo TanCare<div class=\"st\">Cuidado p\u00f3s-sol 100% natural<\/div><\/h2><div class=\"custom_info_wrap\"><div class=\"custom_info_wrap-left\"><span data-prodid=\"27739\" class=\"custom_order_now_btn custom_order_now_btn_oos\">Esgotado<\/span><\/div><div class=\"custom_info_wrap-right\"><\/div><\/div><\/li>\n<\/ul>\n<\/div>\t<\/div>\n\t\n\n\n<div class=\"mazzaci_home_values-title\">Porque n\u00f3s nos importamos<\/div>\n\n\n\t<div class=\"mazzaci_home_values\">\n\t\t<div>\n\t\t\t<img src=\"https:\/\/mazzaci.com\/assets\/img\/values\/r_PT.svg?v=4\">\n\t\t\t<div class=\"mazzaci_home_values_item-txt\">Sem crueldade perante animais<\/div>\n\t\t<\/div>\n\t\t<div>\n\t\t\t<img src=\"https:\/\/mazzaci.com\/assets\/img\/values\/l_PT.svg?v=4\">\n\t\t\t<div class=\"mazzaci_home_values_item-txt\">Tudo natural<\/div>\n\t\t<\/div>\n\t\t<div>\n\t\t\t<img src=\"https:\/\/mazzaci.com\/assets\/img\/values\/p_PT.svg?v=4\">\n\t\t\t<div class=\"mazzaci_home_values_item-txt\">Cheiro maravilhoso<\/div>\n\t\t<\/div>\n\t\t<div>\n\t\t\t<img src=\"https:\/\/mazzaci.com\/assets\/img\/values\/eu_PT.svg?v=4\">\n\t\t\t<div class=\"mazzaci_home_values_item-txt\">Feito na UE<\/div>\n\t\t<\/div>\n\t<\/div>\n\n\n\n\n<p class=\"mazzaci_home_section_title\">\n<img decoding=\"async\" src=\"..\/assets\/img\/home_title_icons\/tanning-products.svg\">\n<span>Produtos de bronzeamento<\/span>\n<\/p>\n\n\n\n<p style=\"font-size:18px\">Uma variedade de produtos para um bronzeado natural, adequado para todos os tipos de pele. Ingredientes all-naturais favor\u00e1veis \u200b\u200bao vegetariano.<\/p>\n\n\n\t<div class=\"mazzaci_combo\">\n\t\t<div class=\"mazzaci_combo-img\">\n\t\t\t<img src=\"https:\/\/mazzaci.com\/pt\/wp-content\/uploads\/DSC30022.jpg\">\n\t\t<\/div>\n\t\t<div class=\"mazzaci_combo-img-mobile\" style=\"background-image:url('https:\/\/mazzaci.com\/pt\/wp-content\/uploads\/mazzaci-product-showcase-mobile.webp');\">\n\t\t\t<img src=\"https:\/\/mazzaci.com\/pt\/wp-content\/uploads\/mazzaci-product-showcase-mobile.webp\">\n\t\t<\/div>\n\t\t<div class=\"mazzaci_combo-products\">\n\t\t\t<div class=\"woocommerce columns-3 \"><ul class=\"products columns-3\">\n<li class=\"product type-product post-26738 status-publish first outofstock product_cat-produtos-de-bronzeamento has-post-thumbnail taxable shipping-taxable purchasable product-type-simple\">\n\t<h2 class=\"woocommerce-loop-product__title\">Geleia de bronzeamento TanGo<div class=\"st\">Conquiste um bronzeado mais profundo em menos tempo<\/div><\/h2><div class=\"custom_info_wrap\"><div class=\"custom_info_wrap-left\"><span data-prodid=\"26738\" class=\"custom_order_now_btn custom_order_now_btn_oos\">Esgotado<\/span><\/div><div class=\"custom_info_wrap-right\"><\/div><\/div><\/li>\n<li class=\"product type-product post-26768 status-publish outofstock product_cat-produtos-de-bronzeamento has-post-thumbnail taxable shipping-taxable purchasable product-type-simple\">\n\t<h2 class=\"woocommerce-loop-product__title\">TanGo Oil spray bronzeador<div class=\"st\">Brilho instant\u00e2neo + bronzeamento mais r\u00e1pido<\/div><\/h2><div class=\"custom_info_wrap\"><div class=\"custom_info_wrap-left\"><span data-prodid=\"26768\" class=\"custom_order_now_btn custom_order_now_btn_oos\">Esgotado<\/span><\/div><div class=\"custom_info_wrap-right\"><\/div><\/div><\/li>\n<li class=\"product type-product post-27738 status-publish last in_stock product_cat-produtos-de-bronzeamento has-post-thumbnail taxable shipping-taxable purchasable product-type-simple\">\n\t<h2 class=\"woocommerce-loop-product__title\">Conjunto TanGo e TanCare<div class=\"st\">Tudo para um bronzeado de ver\u00e3o perfeito \u2013 num s\u00f3 pacote<\/div><\/h2><div class=\"custom_info_wrap\"><div class=\"custom_info_wrap-left\"><span data-prodid=\"27738\" class=\"custom_order_now_btn custom_order_now_btn_atc\">Adicionar<\/span><\/div><div class=\"custom_info_wrap-right\"><\/div><\/div><\/li>\n<li class=\"product type-product post-27739 status-publish first outofstock product_cat-produtos-de-bronzeamento has-post-thumbnail taxable shipping-taxable purchasable product-type-simple\">\n\t<h2 class=\"woocommerce-loop-product__title\">Creme nutritivo TanCare<div class=\"st\">Cuidado p\u00f3s-sol 100% natural<\/div><\/h2><div class=\"custom_info_wrap\"><div class=\"custom_info_wrap-left\"><span data-prodid=\"27739\" class=\"custom_order_now_btn custom_order_now_btn_oos\">Esgotado<\/span><\/div><div class=\"custom_info_wrap-right\"><\/div><\/div><\/li>\n<li class=\"product type-product post-26745 status-publish outofstock product_cat-produtos-de-bronzeamento has-post-thumbnail taxable shipping-taxable purchasable product-type-simple\">\n\t<h2 class=\"woocommerce-loop-product__title\">Autobronzeador TanQuick<div class=\"st\">Bronzeado natural sem sol \u2013 em apenas algumas horas<\/div><\/h2><div class=\"custom_info_wrap\"><div class=\"custom_info_wrap-left\"><span data-prodid=\"26745\" class=\"custom_order_now_btn custom_order_now_btn_oos\">Esgotado<\/span><\/div><div class=\"custom_info_wrap-right\"><\/div><\/div><\/li>\n<\/ul>\n<\/div>\t\t<\/div>\n\t<\/div>\n\t<!-- View all category products -->\n\t\t\t<div class=\"mazzaci_combo_view_more\">\n\t\t\t<a href=\"https:\/\/mazzaci.com\/pt\/categoria-de-produto\/produtos-de-bronzeamento\">Ver mais <i style=\"margin-left:5px;\" class=\"fas fa-arrow-right\"><\/i><\/a>\n\t\t<\/div>\n\t\n\n\n\r\n    <div class=\"faq_main_div\">\r\n        <div class=\"faq_img_m\">\r\n            <img src=\"https:\/\/mazzaci.com\/assets\/img\/faq_img_m.png\">\r\n        <\/div>\r\n        <div class=\"faq_text_main\">\r\n            <h2>Como podemos ajudar?<\/h2>\r\n            <p>Queremos ajudar os nossos clientes da forma que pudermos. Pode sempre procurar apoio atrav\u00e9s dos nossos servi\u00e7os sociais, ou encontrar uma resposta \u00e0s suas perguntas abaixo.<\/p>\r\n            <div class=\"faq_links\">\r\n                <a href=\"\/pt\/faq?s=1\">Entrega e devolu\u00e7\u00f5es<\/a>\r\n                <a href=\"\/pt\/faq?s=0\">Seguimento de encomendas<\/a>\r\n                <a href=\"\/pt\/faq\">Perguntas frequentes<\/a>\r\n                <a href=\"\/pt\/instrucoes-de-uso\">Instru\u00e7\u00f5es de uso<\/a>\r\n            <\/div>\r\n        <\/div>\r\n        <div class=\"faq_img\">\r\n            <img src=\"https:\/\/mazzaci.com\/assets\/img\/faq_img.png\">\r\n        <\/div>\r\n    <\/div>\r\n\r\n    \n\n\n\n\n\n\n\n\n\n<p><\/p>\n","protected":false},"excerpt":{"rendered":"<p>A marca l\u00edder em cosm\u00e9ticos naturais que cuida da sua pele e cabelo. 100% natural, sem t\u00f3xico, vegano e produtos sem crueldade. Quente agora Produtos de bronzeamento Uma variedade de produtos para um bronzeado natural, adequado para todos os tipos de pele. Ingredientes all-naturais favor\u00e1veis \u200b\u200bao vegetariano.<\/p>\n","protected":false},"author":1,"featured_media":0,"parent":0,"menu_order":0,"comment_status":"closed","ping_status":"closed","template":"template-fullwidth.php","meta":[],"tags":[],"acf":[],"_links":{"self":[{"href":"https:\/\/mazzaci.com\/pt\/wp-json\/wp\/v2\/pages\/33"}],"collection":[{"href":"https:\/\/mazzaci.com\/pt\/wp-json\/wp\/v2\/pages"}],"about":[{"href":"https:\/\/mazzaci.com\/pt\/wp-json\/wp\/v2\/types\/page"}],"author":[{"embeddable":true,"href":"https:\/\/mazzaci.com\/pt\/wp-json\/wp\/v2\/users\/1"}],"replies":[{"embeddable":true,"href":"https:\/\/mazzaci.com\/pt\/wp-json\/wp\/v2\/comments?post=33"}],"version-history":[{"count":103,"href":"https:\/\/mazzaci.com\/pt\/wp-json\/wp\/v2\/pages\/33\/revisions"}],"predecessor-version":[{"id":27623,"href":"https:\/\/mazzaci.com\/pt\/wp-json\/wp\/v2\/pages\/33\/revisions\/27623"}],"wp:attachment":[{"href":"https:\/\/mazzaci.com\/pt\/wp-json\/wp\/v2\/media?parent=33"}],"wp:term":[{"taxonomy":"post_tag","embeddable":true,"href":"https:\/\/mazzaci.com\/pt\/wp-json\/wp\/v2\/tags?post=33"}],"curies":[{"name":"wp","href":"https:\/\/api.w.org\/{rel}","templated":true}]}}