{"id":27390,"date":"2022-01-14T11:46:20","date_gmt":"2022-01-14T10:46:20","guid":{"rendered":"https:\/\/dev.mazzaci.com\/pl\/?post_type=product&#038;p=27390"},"modified":"2024-05-08T08:03:04","modified_gmt":"2024-05-08T06:03:04","slug":"tanset","status":"publish","type":"product","link":"https:\/\/mazzaci.com\/pl\/produkt\/tanset\/","title":{"rendered":"Zestaw TanGo i TanCare"},"content":{"rendered":"<p><span data-sheets-value=\"{&quot;1&quot;:2,&quot;2&quot;:&quot;Zestaw zawieraj\u0105cy przy\u015bpieszacz do opalania TanGo i krem od\u017cywczy TanCare&quot;}\" data-sheets-userformat=\"{&quot;2&quot;:13187,&quot;3&quot;:{&quot;1&quot;:0},&quot;4&quot;:{&quot;1&quot;:2,&quot;2&quot;:16777215},&quot;10&quot;:1,&quot;11&quot;:4,&quot;12&quot;:0,&quot;15&quot;:&quot;Roboto Mono&quot;,&quot;16&quot;:10}\">Zestaw zawieraj\u0105cy przy\u015bpieszacz do opalania TanGo i krem od\u017cywczy TanCare<\/span>|<span data-sheets-value=\"{&quot;1&quot;:2,&quot;2&quot;:&quot;Produkty wega\u0144skie \u2013 cudowny zapach \u2013 wolne od paraben\u00f3w i siarczan\u00f3w&quot;}\" data-sheets-userformat=\"{&quot;2&quot;:13185,&quot;3&quot;:{&quot;1&quot;:0},&quot;10&quot;:1,&quot;11&quot;:4,&quot;12&quot;:0,&quot;15&quot;:&quot;Roboto Mono&quot;,&quot;16&quot;:10}\">Produkty wega\u0144skie \u2013 cudowny zapach \u2013 wolne od paraben\u00f3w i siarczan\u00f3w<\/span><\/p>\n","protected":false},"excerpt":{"rendered":"<p><span data-sheets-value=\"{&quot;1&quot;:2,&quot;2&quot;:&quot;Marka Mazzaci w ko\u0144cu przygotowa\u0142a zestaw podarunkowy z naturalnych produkt\u00f3w do piel\u0119gnacji sk\u00f3ry, kt\u00f3ry zachwyci wszystkich, kt\u00f3rzy kochaj\u0105 k\u0105piele s\u0142oneczne.&quot;}\" data-sheets-userformat=\"{&quot;2&quot;:13185,&quot;3&quot;:{&quot;1&quot;:0},&quot;10&quot;:1,&quot;11&quot;:4,&quot;12&quot;:0,&quot;15&quot;:&quot;Roboto Mono&quot;,&quot;16&quot;:10}\">Marka Mazzaci w ko\u0144cu przygotowa\u0142a zestaw podarunkowy z naturalnych produkt\u00f3w do piel\u0119gnacji sk\u00f3ry, kt\u00f3ry zachwyci wszystkich, kt\u00f3rzy kochaj\u0105 k\u0105piele s\u0142oneczne.<\/span><\/p>\n<ul>\n<li><span data-sheets-value=\"{&quot;1&quot;:2,&quot;2&quot;:&quot;U\u017cywaj TanGo do opalania i TanCare do od\u017cywiania sk\u00f3ry&quot;}\" data-sheets-userformat=\"{&quot;2&quot;:13185,&quot;3&quot;:{&quot;1&quot;:0},&quot;10&quot;:1,&quot;11&quot;:4,&quot;12&quot;:0,&quot;15&quot;:&quot;Roboto Mono&quot;,&quot;16&quot;:10}\">U\u017cywaj TanGo do opalania i TanCare do od\u017cywiania sk\u00f3ry<\/span><\/li>\n<li><span data-sheets-value=\"{&quot;1&quot;:2,&quot;2&quot;:&quot;Nie zawieraj\u0105 \u017cadnych \u015brodk\u00f3w chemicznych&quot;}\" data-sheets-userformat=\"{&quot;2&quot;:13185,&quot;3&quot;:{&quot;1&quot;:0},&quot;10&quot;:1,&quot;11&quot;:4,&quot;12&quot;:0,&quot;15&quot;:&quot;Roboto Mono&quot;,&quot;16&quot;:10}\">Nie zawieraj\u0105 \u017cadnych \u015brodk\u00f3w chemicznych<\/span><\/li>\n<li><span data-sheets-value=\"{&quot;1&quot;:2,&quot;2&quot;:&quot;Estetyczne pude\u0142ko upominkowe&quot;}\" data-sheets-userformat=\"{&quot;2&quot;:13185,&quot;3&quot;:{&quot;1&quot;:0},&quot;10&quot;:1,&quot;11&quot;:4,&quot;12&quot;:0,&quot;15&quot;:&quot;Roboto Mono&quot;,&quot;16&quot;:10}\">Estetyczne pude\u0142ko upominkowe<\/span><\/li>\n<li><span data-sheets-value=\"{&quot;1&quot;:2,&quot;2&quot;:&quot;Szybko si\u0119 wch\u0142ania i nie pozostawia plam&quot;}\" data-sheets-userformat=\"{&quot;2&quot;:13185,&quot;3&quot;:{&quot;1&quot;:0},&quot;10&quot;:1,&quot;11&quot;:4,&quot;12&quot;:0,&quot;15&quot;:&quot;Roboto Mono&quot;,&quot;16&quot;:10}\">Szybko si\u0119 wch\u0142ania i nie pozostawia plam<\/span><\/li>\n<li><span data-sheets-value=\"{&quot;1&quot;:2,&quot;2&quot;:&quot;Spraw przyjemno\u015b\u0107 sobie, przyjaci\u00f3\u0142ce lub bliskiej osobie&quot;}\" data-sheets-userformat=\"{&quot;2&quot;:13185,&quot;3&quot;:{&quot;1&quot;:0},&quot;10&quot;:1,&quot;11&quot;:4,&quot;12&quot;:0,&quot;15&quot;:&quot;Roboto Mono&quot;,&quot;16&quot;:10}\">Spraw przyjemno\u015b\u0107 sobie, przyjaci\u00f3\u0142ce lub bliskiej osobie<\/span><\/li>\n<li><span data-sheets-value=\"{&quot;1&quot;:2,&quot;2&quot;:&quot;Wyprodukowano w UE&quot;}\" data-sheets-userformat=\"{&quot;2&quot;:13185,&quot;3&quot;:{&quot;1&quot;:0},&quot;10&quot;:1,&quot;11&quot;:4,&quot;12&quot;:0,&quot;15&quot;:&quot;Roboto Mono&quot;,&quot;16&quot;:10}\">Wyprodukowano w UE<\/span><\/li>\n<\/ul>\n","protected":false},"featured_media":27410,"template":"","meta":[],"product_cat":[2201],"product_tag":[],"acf":[],"_links":{"self":[{"href":"https:\/\/mazzaci.com\/pl\/wp-json\/wp\/v2\/product\/27390"}],"collection":[{"href":"https:\/\/mazzaci.com\/pl\/wp-json\/wp\/v2\/product"}],"about":[{"href":"https:\/\/mazzaci.com\/pl\/wp-json\/wp\/v2\/types\/product"}],"wp:featuredmedia":[{"embeddable":true,"href":"https:\/\/mazzaci.com\/pl\/wp-json\/wp\/v2\/media\/27410"}],"wp:attachment":[{"href":"https:\/\/mazzaci.com\/pl\/wp-json\/wp\/v2\/media?parent=27390"}],"wp:term":[{"taxonomy":"product_cat","embeddable":true,"href":"https:\/\/mazzaci.com\/pl\/wp-json\/wp\/v2\/product_cat?post=27390"},{"taxonomy":"product_tag","embeddable":true,"href":"https:\/\/mazzaci.com\/pl\/wp-json\/wp\/v2\/product_tag?post=27390"}],"curies":[{"name":"wp","href":"https:\/\/api.w.org\/{rel}","templated":true}]}}