{"id":27389,"date":"2022-01-14T11:46:20","date_gmt":"2022-01-14T10:46:20","guid":{"rendered":"https:\/\/dev.mazzaci.com\/pl\/?post_type=product&#038;p=27389"},"modified":"2023-08-03T11:38:43","modified_gmt":"2023-08-03T09:38:43","slug":"tancare","status":"publish","type":"product","link":"https:\/\/mazzaci.com\/pl\/produkt\/tancare\/","title":{"rendered":"TanCare krem od\u017cywczy"},"content":{"rendered":"<p><span data-sheets-value=\"{&quot;1&quot;:2,&quot;2&quot;:&quot;Intensywne od\u017cywianie i nawil\u017canie dla ka\u017cdego rodzaju sk\u00f3ry&quot;}\" data-sheets-userformat=\"{&quot;2&quot;:13185,&quot;3&quot;:{&quot;1&quot;:0},&quot;10&quot;:1,&quot;11&quot;:4,&quot;12&quot;:0,&quot;15&quot;:&quot;Roboto Mono&quot;,&quot;16&quot;:10}\">Intensywne od\u017cywianie i nawil\u017canie dla ka\u017cdego rodzaju sk\u00f3ry<\/span>|<span data-sheets-value=\"{&quot;1&quot;:2,&quot;2&quot;:&quot;Przyjazny dla wegan \u2013 Cudowny zapach \u2013 Nie zawiera paraben\u00f3w i siarczan\u00f3w&quot;}\" data-sheets-userformat=\"{&quot;2&quot;:13185,&quot;3&quot;:{&quot;1&quot;:0},&quot;10&quot;:1,&quot;11&quot;:4,&quot;12&quot;:0,&quot;15&quot;:&quot;Roboto Mono&quot;,&quot;16&quot;:10}\">Przyjazny dla wegan \u2013 Cudowny zapach \u2013 Nie zawiera paraben\u00f3w i siarczan\u00f3w<\/span><\/p>\n","protected":false},"excerpt":{"rendered":"<ul>\n<li><span data-sheets-value=\"{&quot;1&quot;:2,&quot;2&quot;:&quot;Zapobiega \u0142uszczeniu i nieprzyjemnemu \u015bci\u0105gni\u0119ciu sk\u00f3ry&quot;}\" data-sheets-userformat=\"{&quot;2&quot;:13185,&quot;3&quot;:{&quot;1&quot;:0},&quot;10&quot;:1,&quot;11&quot;:4,&quot;12&quot;:0,&quot;15&quot;:&quot;Roboto Mono&quot;,&quot;16&quot;:10}\">Zapobiega \u0142uszczeniu i nieprzyjemnemu \u015bci\u0105gni\u0119ciu sk\u00f3ry<\/span><\/li>\n<li><span data-sheets-value=\"{&quot;1&quot;:2,&quot;2&quot;:&quot;Intensywnie nawil\u017ca sk\u00f3r\u0119&quot;}\" data-sheets-userformat=\"{&quot;2&quot;:13185,&quot;3&quot;:{&quot;1&quot;:0},&quot;10&quot;:1,&quot;11&quot;:4,&quot;12&quot;:0,&quot;15&quot;:&quot;Roboto Mono&quot;,&quot;16&quot;:10}\">Intensywnie nawil\u017ca sk\u00f3r\u0119<\/span><\/li>\n<li><span data-sheets-value=\"{&quot;1&quot;:2,&quot;2&quot;:&quot;Utrzymuje prawid\u0142ow\u0105 r\u00f3wnowag\u0119 sk\u00f3ry, przed\u0142u\u017caj\u0105c atrakcyjn\u0105 opalenizn\u0119&quot;}\" data-sheets-userformat=\"{&quot;2&quot;:13187,&quot;3&quot;:{&quot;1&quot;:0},&quot;4&quot;:{&quot;1&quot;:2,&quot;2&quot;:16777215},&quot;10&quot;:1,&quot;11&quot;:4,&quot;12&quot;:0,&quot;15&quot;:&quot;Roboto Mono&quot;,&quot;16&quot;:10}\">Utrzymuje prawid\u0142ow\u0105 r\u00f3wnowag\u0119 sk\u00f3ry, przed\u0142u\u017caj\u0105c atrakcyjn\u0105 opalenizn\u0119<\/span><\/li>\n<li><span data-sheets-value=\"{&quot;1&quot;:2,&quot;2&quot;:&quot;Utrzymuje m\u0142odo\u015b\u0107, blask i niezwyk\u0142\u0105 mi\u0119kko\u015b\u0107 Twojej cery&quot;}\" data-sheets-userformat=\"{&quot;2&quot;:13185,&quot;3&quot;:{&quot;1&quot;:0},&quot;10&quot;:1,&quot;11&quot;:4,&quot;12&quot;:0,&quot;15&quot;:&quot;Roboto Mono&quot;,&quot;16&quot;:10}\">Utrzymuje m\u0142odo\u015b\u0107, blask i niezwyk\u0142\u0105 mi\u0119kko\u015b\u0107 Twojej cery<\/span><\/li>\n<li><span data-sheets-value=\"{&quot;1&quot;:2,&quot;2&quot;:&quot;Doskona\u0142a piel\u0119gnacja po opalaniu, goleniu i depilacji woskiem&quot;}\" data-sheets-userformat=\"{&quot;2&quot;:13185,&quot;3&quot;:{&quot;1&quot;:0},&quot;10&quot;:1,&quot;11&quot;:4,&quot;12&quot;:0,&quot;15&quot;:&quot;Roboto Mono&quot;,&quot;16&quot;:10}\">Doskona\u0142a piel\u0119gnacja po opalaniu, goleniu i depilacji woskiem<\/span><\/li>\n<li>200ml<\/li>\n<\/ul>\n","protected":false},"featured_media":27405,"template":"","meta":[],"product_cat":[2201],"product_tag":[],"acf":[],"_links":{"self":[{"href":"https:\/\/mazzaci.com\/pl\/wp-json\/wp\/v2\/product\/27389"}],"collection":[{"href":"https:\/\/mazzaci.com\/pl\/wp-json\/wp\/v2\/product"}],"about":[{"href":"https:\/\/mazzaci.com\/pl\/wp-json\/wp\/v2\/types\/product"}],"wp:featuredmedia":[{"embeddable":true,"href":"https:\/\/mazzaci.com\/pl\/wp-json\/wp\/v2\/media\/27405"}],"wp:attachment":[{"href":"https:\/\/mazzaci.com\/pl\/wp-json\/wp\/v2\/media?parent=27389"}],"wp:term":[{"taxonomy":"product_cat","embeddable":true,"href":"https:\/\/mazzaci.com\/pl\/wp-json\/wp\/v2\/product_cat?post=27389"},{"taxonomy":"product_tag","embeddable":true,"href":"https:\/\/mazzaci.com\/pl\/wp-json\/wp\/v2\/product_tag?post=27389"}],"curies":[{"name":"wp","href":"https:\/\/api.w.org\/{rel}","templated":true}]}}