{"id":27388,"date":"2022-01-14T11:46:20","date_gmt":"2022-01-14T10:46:20","guid":{"rendered":"https:\/\/dev.mazzaci.com\/pl\/?post_type=product&#038;p=27388"},"modified":"2025-06-29T09:49:01","modified_gmt":"2025-06-29T07:49:01","slug":"tanquick","status":"publish","type":"product","link":"https:\/\/mazzaci.com\/pl\/produkt\/tanquick\/","title":{"rendered":"TanQuick samoopalacz"},"content":{"rendered":"<p><span data-sheets-value=\"{&quot;1&quot;:2,&quot;2&quot;:&quot;Uzyskaj uwodzicielsk\u0105 opalenizn\u0119 w jednej chwili!&quot;}\" data-sheets-userformat=\"{&quot;2&quot;:13185,&quot;3&quot;:{&quot;1&quot;:0},&quot;10&quot;:1,&quot;11&quot;:4,&quot;12&quot;:0,&quot;15&quot;:&quot;Roboto Mono&quot;,&quot;16&quot;:10}\">Uzyskaj uwodzicielsk\u0105 opalenizn\u0119 w jednej chwili!<\/span>|<span data-sheets-value=\"{&quot;1&quot;:2,&quot;2&quot;:&quot;Nie klej\u0105ca si\u0119 formu\u0142a \u2013 hipoalergiczna \u2013 bez paraben\u00f3w i siarczan\u00f3w&quot;}\" data-sheets-userformat=\"{&quot;2&quot;:13185,&quot;3&quot;:{&quot;1&quot;:0},&quot;10&quot;:1,&quot;11&quot;:4,&quot;12&quot;:0,&quot;15&quot;:&quot;Roboto Mono&quot;,&quot;16&quot;:10}\">Nie klej\u0105ca si\u0119 formu\u0142a \u2013 hipoalergiczna \u2013 bez paraben\u00f3w i siarczan\u00f3w<\/span><\/p>\n","protected":false},"excerpt":{"rendered":"<ul>\n<li><span data-sheets-value=\"{&quot;1&quot;:2,&quot;2&quot;:&quot;Efekt por\u00f3wnywalny z tygodniami opalania na s\u0142o\u0144cu&quot;}\" data-sheets-userformat=\"{&quot;2&quot;:13185,&quot;3&quot;:{&quot;1&quot;:0},&quot;10&quot;:1,&quot;11&quot;:4,&quot;12&quot;:0,&quot;15&quot;:&quot;Roboto Mono&quot;,&quot;16&quot;:10}\">Efekt por\u00f3wnywalny z tygodniami opalania na s\u0142o\u0144cu<\/span><\/li>\n<li><span data-sheets-value=\"{&quot;1&quot;:2,&quot;2&quot;:&quot;Zapewnia naturalny wygl\u0105d opalenizny, bez smug i plam&quot;}\" data-sheets-userformat=\"{&quot;2&quot;:13185,&quot;3&quot;:{&quot;1&quot;:0},&quot;10&quot;:1,&quot;11&quot;:4,&quot;12&quot;:0,&quot;15&quot;:&quot;Roboto Mono&quot;,&quot;16&quot;:10}\">Zapewnia naturalny wygl\u0105d opalenizny, bez smug i plam<\/span><\/li>\n<li><span data-sheets-value=\"{&quot;1&quot;:2,&quot;2&quot;:&quot;Lekka, nieklej\u0105ca si\u0119 struktura, kt\u00f3ra b\u0142yskawicznie si\u0119 wch\u0142ania&quot;}\" data-sheets-userformat=\"{&quot;2&quot;:13185,&quot;3&quot;:{&quot;1&quot;:0},&quot;10&quot;:1,&quot;11&quot;:4,&quot;12&quot;:0,&quot;15&quot;:&quot;Roboto Mono&quot;,&quot;16&quot;:10}\">Lekka, nieklej\u0105ca si\u0119 struktura, kt\u00f3ra b\u0142yskawicznie si\u0119 wch\u0142ania<\/span><\/li>\n<li><span data-sheets-value=\"{&quot;1&quot;:2,&quot;2&quot;:&quot;Pomaga unikn\u0105\u0107 uszkodze\u0144 sk\u00f3ry spowodowanych przez promienie UV i k\u0105piele s\u0142oneczne&quot;}\" data-sheets-userformat=\"{&quot;2&quot;:13185,&quot;3&quot;:{&quot;1&quot;:0},&quot;10&quot;:1,&quot;11&quot;:4,&quot;12&quot;:0,&quot;15&quot;:&quot;Roboto Mono&quot;,&quot;16&quot;:10}\">Pomaga unikn\u0105\u0107 uszkodze\u0144 sk\u00f3ry spowodowanych przez promienie UV i k\u0105piele s\u0142oneczne<\/span><\/li>\n<li><span data-sheets-value=\"{&quot;1&quot;:2,&quot;2&quot;:&quot;0% olej\u00f3w mineralnych, paraben\u00f3w, alkoholi wysuszaj\u0105cych&quot;}\" data-sheets-userformat=\"{&quot;2&quot;:13185,&quot;3&quot;:{&quot;1&quot;:0},&quot;10&quot;:1,&quot;11&quot;:4,&quot;12&quot;:0,&quot;15&quot;:&quot;Roboto Mono&quot;,&quot;16&quot;:10}\">0% olej\u00f3w mineralnych, paraben\u00f3w, alkoholi wysuszaj\u0105cych<\/span><\/li>\n<li>140ml<\/li>\n<\/ul>\n","protected":false},"featured_media":27400,"template":"","meta":[],"product_cat":[2201],"product_tag":[],"acf":[],"_links":{"self":[{"href":"https:\/\/mazzaci.com\/pl\/wp-json\/wp\/v2\/product\/27388"}],"collection":[{"href":"https:\/\/mazzaci.com\/pl\/wp-json\/wp\/v2\/product"}],"about":[{"href":"https:\/\/mazzaci.com\/pl\/wp-json\/wp\/v2\/types\/product"}],"wp:featuredmedia":[{"embeddable":true,"href":"https:\/\/mazzaci.com\/pl\/wp-json\/wp\/v2\/media\/27400"}],"wp:attachment":[{"href":"https:\/\/mazzaci.com\/pl\/wp-json\/wp\/v2\/media?parent=27388"}],"wp:term":[{"taxonomy":"product_cat","embeddable":true,"href":"https:\/\/mazzaci.com\/pl\/wp-json\/wp\/v2\/product_cat?post=27388"},{"taxonomy":"product_tag","embeddable":true,"href":"https:\/\/mazzaci.com\/pl\/wp-json\/wp\/v2\/product_tag?post=27388"}],"curies":[{"name":"wp","href":"https:\/\/api.w.org\/{rel}","templated":true}]}}