{"id":33,"date":"2021-02-23T08:59:18","date_gmt":"2021-02-23T08:59:18","guid":{"rendered":"https:\/\/dev.s-mania.si\/wpsi\/?page_id=33"},"modified":"2026-04-14T08:13:14","modified_gmt":"2026-04-14T06:13:14","slug":"homepage","status":"publish","type":"page","link":"https:\/\/mazzaci.com\/pl\/","title":{"rendered":"Homepage"},"content":{"rendered":"<div class=\"mazzaci_home_main_banner\">\t<!-- homer desktop -->\n\t<div class=\"mazzaci_home_banners_desktop\">\n\t\t\t\t\t<a href=\"https:\/\/mazzaci.com\/pl\/kategoria-produktu\/produkty-do-opalania\/\">\n\t\t\t\t<img src=\"https:\/\/mazzaci.com\/assets\/img\/banners-promo\/maz-desktop-2.webp\" \/>\n\t\t\t\t\t\t\t<\/a>\n\t\t\t<\/div>\n\t<!-- homer mobile -->\n\t<div class=\"mazzaci_home_banners_mobile\">\n\t\t\t\t\t<a href=\"https:\/\/mazzaci.com\/pl\/kategoria-produktu\/produkty-do-opalania\/\">\n\t\t\t\t<img src=\"https:\/\/mazzaci.com\/assets\/img\/banners-promo\/maz-mobile-2.webp\" \/>\n\t\t\t\t\t\t\t<\/a>\n\t\t\t<\/div>\n<\/div>\n\n\n<div class=\"mazzaci_home_main-title\">Naturalny, przyst\u0119pny cenowo i przyjazny dla sk\u00f3ry<\/div>\n\n\n\n<p class=\"has-text-align-center\">Czo\u0142owa marka kosmetyk\u00f3w naturalnych, kt\u00f3ra zadba o Twoj\u0105 sk\u00f3r\u0119 i w\u0142osy. Produkty w 100% naturalne, wolne od toksyn, wega\u0144skie i wolne od okrucie\u0144stwa.<\/p>\n\n\n\n<p class=\"mazzaci_home_section_title\">\n<img decoding=\"async\" src=\"..\/assets\/img\/home_title_icons\/hot-right-now.svg\">\n<span>Teraz na topie<\/span>\n<\/p>\n\n\n<div class=\"woocommerce columns-3 \"><ul class=\"products columns-3\">\n<li class=\"product type-product post-27555 status-publish first outofstock product_cat-pielegnacja-wlosow has-post-thumbnail taxable shipping-taxable purchasable product-type-simple\">\n\t<h2 class=\"woocommerce-loop-product__title\">CandyBomb maska do w\u0142os\u00f3w<\/h2><div class=\"custom_info_wrap\"><div class=\"custom_info_wrap-left\"><span data-prodid=\"27555\" class=\"custom_order_now_btn custom_order_now_btn_oos\">Brak w magazynie<\/span><\/div><div class=\"custom_info_wrap-right\"><\/div><\/div><\/li>\n<li class=\"product type-product post-27388 status-publish outofstock product_cat-produkty-do-opalania has-post-thumbnail taxable shipping-taxable purchasable product-type-simple\">\n\t<h2 class=\"woocommerce-loop-product__title\">TanQuick samoopalacz<div class=\"st\">Beztroskie opalanie<\/div><\/h2><div class=\"custom_info_wrap\"><div class=\"custom_info_wrap-left\"><span data-prodid=\"27388\" class=\"custom_order_now_btn custom_order_now_btn_oos\">Brak w magazynie<\/span><\/div><div class=\"custom_info_wrap-right\"><\/div><\/div><\/li>\n<li class=\"product type-product post-27387 status-publish last instock product_cat-produkty-do-opalania has-post-thumbnail taxable shipping-taxable purchasable product-type-simple\">\n\t<h2 class=\"woocommerce-loop-product__title\">TanGo przy\u015bpieszacz do opalania<div class=\"st\">Szybsze i r\u00f3wnomierne opalanie<\/div><\/h2><div class=\"custom_info_wrap\"><div class=\"custom_info_wrap-left\"><span data-prodid=\"27387\" class=\"custom_order_now_btn custom_order_now_btn_atc\">Dodaj do koszyka<\/span><\/div><div class=\"custom_info_wrap-right\"><\/div><\/div><\/li>\n<li class=\"product type-product post-27389 status-publish first instock product_cat-produkty-do-opalania has-post-thumbnail taxable shipping-taxable purchasable product-type-simple\">\n\t<h2 class=\"woocommerce-loop-product__title\">TanCare krem od\u017cywczy<div class=\"st\">Wega\u0144skie rozwi\u0105zanie do piel\u0119gnacji sk\u00f3ry<\/div><\/h2><div class=\"custom_info_wrap\"><div class=\"custom_info_wrap-left\"><span data-prodid=\"27389\" class=\"custom_order_now_btn custom_order_now_btn_atc\">Dodaj do koszyka<\/span><\/div><div class=\"custom_info_wrap-right\"><\/div><\/div><\/li>\n<\/ul>\n<\/div>\n\n\n<div class=\"mazzaci_home_values-title\">Bo nam zale\u017cy<\/div>\n\n\n\t<div class=\"mazzaci_home_values\">\n\t\t<div>\n\t\t\t<img src=\"https:\/\/mazzaci.com\/assets\/img\/values\/r_PL.svg?v=4\">\n\t\t\t<div class=\"mazzaci_home_values_item-txt\">Wolne od okrucie\u0144stwa<\/div>\n\t\t<\/div>\n\t\t<div>\n\t\t\t<img src=\"https:\/\/mazzaci.com\/assets\/img\/values\/l_PL.svg?v=4\">\n\t\t\t<div class=\"mazzaci_home_values_item-txt\">Ca\u0142kiem naturalne<\/div>\n\t\t<\/div>\n\t\t<div>\n\t\t\t<img src=\"https:\/\/mazzaci.com\/assets\/img\/values\/p_PL.svg?v=4\">\n\t\t\t<div class=\"mazzaci_home_values_item-txt\">Wspania\u0142y zapach<\/div>\n\t\t<\/div>\n\t\t<div>\n\t\t\t<img src=\"https:\/\/mazzaci.com\/assets\/img\/values\/eu_PL.svg?v=4\">\n\t\t\t<div class=\"mazzaci_home_values_item-txt\">Wyprodukowano w UE<\/div>\n\t\t<\/div>\n\t<\/div>\n\n\n\n\n<p class=\"mazzaci_home_section_title\">\n<img decoding=\"async\" src=\"..\/assets\/img\/home_title_icons\/tanning-products.svg\">\n<span>Produkty do opalania<\/span>\n<\/p>\n\n\n\n<p style=\"font-size:18px\">R\u00f3\u017cnorodne produkty do naturalnie wygl\u0105daj\u0105cej opalenizny, odpowiednie dla wszystkich rodzaj\u00f3w sk\u00f3ry. Przyjazne dla wegan, ca\u0142kowicie naturalne sk\u0142adniki.<\/p>\n\n\n\t<div class=\"mazzaci_combo\">\n\t\t<div class=\"mazzaci_combo-img\">\n\t\t\t<img src=\"https:\/\/mazzaci.com\/pl\/wp-content\/uploads\/tanning-d.jpg\">\n\t\t<\/div>\n\t\t<div class=\"mazzaci_combo-img-mobile\" style=\"background-image:url('https:\/\/mazzaci.com\/pl\/wp-content\/uploads\/tanning-m.jpg');\">\n\t\t\t<img src=\"https:\/\/mazzaci.com\/pl\/wp-content\/uploads\/tanning-m.jpg\">\n\t\t<\/div>\n\t\t<div class=\"mazzaci_combo-products\">\n\t\t\t<div class=\"woocommerce columns-3 \"><ul class=\"products columns-3\">\n<li class=\"product type-product post-27388 status-publish first outofstock product_cat-produkty-do-opalania has-post-thumbnail taxable shipping-taxable purchasable product-type-simple\">\n\t<h2 class=\"woocommerce-loop-product__title\">TanQuick samoopalacz<div class=\"st\">Beztroskie opalanie<\/div><\/h2><div class=\"custom_info_wrap\"><div class=\"custom_info_wrap-left\"><span data-prodid=\"27388\" class=\"custom_order_now_btn custom_order_now_btn_oos\">Brak w magazynie<\/span><\/div><div class=\"custom_info_wrap-right\"><\/div><\/div><\/li>\n<li class=\"product type-product post-27387 status-publish instock product_cat-produkty-do-opalania has-post-thumbnail taxable shipping-taxable purchasable product-type-simple\">\n\t<h2 class=\"woocommerce-loop-product__title\">TanGo przy\u015bpieszacz do opalania<div class=\"st\">Szybsze i r\u00f3wnomierne opalanie<\/div><\/h2><div class=\"custom_info_wrap\"><div class=\"custom_info_wrap-left\"><span data-prodid=\"27387\" class=\"custom_order_now_btn custom_order_now_btn_atc\">Dodaj do koszyka<\/span><\/div><div class=\"custom_info_wrap-right\"><\/div><\/div><\/li>\n<li class=\"product type-product post-27389 status-publish last instock product_cat-produkty-do-opalania has-post-thumbnail taxable shipping-taxable purchasable product-type-simple\">\n\t<h2 class=\"woocommerce-loop-product__title\">TanCare krem od\u017cywczy<div class=\"st\">Wega\u0144skie rozwi\u0105zanie do piel\u0119gnacji sk\u00f3ry<\/div><\/h2><div class=\"custom_info_wrap\"><div class=\"custom_info_wrap-left\"><span data-prodid=\"27389\" class=\"custom_order_now_btn custom_order_now_btn_atc\">Dodaj do koszyka<\/span><\/div><div class=\"custom_info_wrap-right\"><\/div><\/div><\/li>\n<li class=\"product type-product post-27390 status-publish first outofstock product_cat-produkty-do-opalania has-post-thumbnail taxable shipping-taxable purchasable product-type-simple\">\n\t<h2 class=\"woocommerce-loop-product__title\">Zestaw TanGo i TanCare<div class=\"st\">Idealny zestaw do opalania<\/div><\/h2><div class=\"custom_info_wrap\"><div class=\"custom_info_wrap-left\"><span data-prodid=\"27390\" class=\"custom_order_now_btn custom_order_now_btn_oos\">Brak w magazynie<\/span><\/div><div class=\"custom_info_wrap-right\"><\/div><\/div><\/li>\n<li class=\"product type-product post-27391 status-publish instock product_cat-produkty-do-opalania has-post-thumbnail taxable shipping-taxable purchasable product-type-simple\">\n\t<h2 class=\"woocommerce-loop-product__title\">TanGo Oil spray do opalania<div class=\"st\">Krem TanGo w sprayu<\/div><\/h2><div class=\"custom_info_wrap\"><div class=\"custom_info_wrap-left\"><span data-prodid=\"27391\" class=\"custom_order_now_btn custom_order_now_btn_atc\">Dodaj do koszyka<\/span><\/div><div class=\"custom_info_wrap-right\"><\/div><\/div><\/li>\n<\/ul>\n<\/div>\t\t<\/div>\n\t<\/div>\n\t<!-- View all category products -->\n\t\t\t<div class=\"mazzaci_combo_view_more\">\n\t\t\t<a href=\"https:\/\/mazzaci.com\/pl\/kategoria-produktu\/produkty-do-opalania\">Zobacz wszystkie <i style=\"margin-left:5px;\" class=\"fas fa-arrow-right\"><\/i><\/a>\n\t\t<\/div>\n\t\n\n\n\r\n    <div class=\"faq_main_div\">\r\n        <div class=\"faq_img_m\">\r\n            <img src=\"https:\/\/mazzaci.com\/assets\/img\/faq_img_m.png\">\r\n        <\/div>\r\n        <div class=\"faq_text_main\">\r\n            <h2>JAK MO\u017bEMY CI POM\u00d3C?<\/h2>\r\n            <p>Chcemy pomaga\u0107 naszym konsumentom w ka\u017cdy mo\u017cliwy spos\u00f3b. Zawsze mo\u017cesz szuka\u0107 wsparcia poprzez nasze kana\u0142y medi\u00f3w spo\u0142eczno\u015bciowych, lub znale\u017a\u0107 odpowied\u017a na swoje pytania poni\u017cej.<\/p>\r\n            <div class=\"faq_links\">\r\n                <a href=\"\/pl\/faq?s=1\">Dostawa i zwroty<\/a>\r\n                <a href=\"\/pl\/faq?s=0\">\u015aledzenie zam\u00f3wienia<\/a>\r\n                <a href=\"\/pl\/faq\">Najcz\u0119\u015bciej zadawane pytania<\/a>\r\n                <a href=\"\/pl\/instrukcja-uzycia\">Instrukcja u\u017cycia<\/a>\r\n            <\/div>\r\n        <\/div>\r\n        <div class=\"faq_img\">\r\n            <img src=\"https:\/\/mazzaci.com\/assets\/img\/faq_img.png\">\r\n        <\/div>\r\n    <\/div>\r\n\r\n    \n\n\n\n\n\n\t<script>\n\t\tvar newsletter_id = '189';\n\t<\/script>\n\t<div class=\"mazzaci_home_newsletter\">\n\t\t<div class=\"mazzaci_home_newsletter_title\">Do\u0142\u0105cz do naszej spo\u0142eczno\u015bci<\/div>\n\t\t<div class=\"mazzaci_home_newsletter_txt\">Chcesz by\u0107 na bie\u017c\u0105co z wszystkimi nowo\u015bciami? Zapisz si\u0119 do naszego newslettera i skorzystaj z atrakcyjnych ofert!<\/div>\n\t\t<div class=\"mazzaci_home_newsletter_action\">\n\t\t\t<div class=\"mazzaci_home_newsletter_action_input\">\n\t\t\t\t<input id=\"mazzaci_home_newsletter_action_input\" type=\"text\" placeholder=\"Wpisz sw\u00f3j e-mail tutaj\">\n\t\t\t<\/div>\n\t\t\t<div class=\"mazzaci_home_newsletter_action_submit\">\n\t\t\t\t<span id=\"mazzaci_home_newsletter_action_submit\">Zapisz si\u0119<\/span>\n\t\t\t<\/div>\n\t\t<\/div>\n\t<\/div>\n\n","protected":false},"excerpt":{"rendered":"<p>Czo\u0142owa marka kosmetyk\u00f3w naturalnych, kt\u00f3ra zadba o Twoj\u0105 sk\u00f3r\u0119 i w\u0142osy. Produkty w 100% naturalne, wolne od toksyn, wega\u0144skie i wolne od okrucie\u0144stwa. Teraz na topie Produkty do opalania R\u00f3\u017cnorodne produkty do naturalnie wygl\u0105daj\u0105cej opalenizny, odpowiednie dla wszystkich rodzaj\u00f3w sk\u00f3ry. Przyjazne dla wegan, ca\u0142kowicie naturalne sk\u0142adniki.<\/p>\n","protected":false},"author":1,"featured_media":0,"parent":0,"menu_order":0,"comment_status":"closed","ping_status":"closed","template":"template-fullwidth.php","meta":[],"tags":[],"acf":[],"_links":{"self":[{"href":"https:\/\/mazzaci.com\/pl\/wp-json\/wp\/v2\/pages\/33"}],"collection":[{"href":"https:\/\/mazzaci.com\/pl\/wp-json\/wp\/v2\/pages"}],"about":[{"href":"https:\/\/mazzaci.com\/pl\/wp-json\/wp\/v2\/types\/page"}],"author":[{"embeddable":true,"href":"https:\/\/mazzaci.com\/pl\/wp-json\/wp\/v2\/users\/1"}],"replies":[{"embeddable":true,"href":"https:\/\/mazzaci.com\/pl\/wp-json\/wp\/v2\/comments?post=33"}],"version-history":[{"count":42,"href":"https:\/\/mazzaci.com\/pl\/wp-json\/wp\/v2\/pages\/33\/revisions"}],"predecessor-version":[{"id":63359,"href":"https:\/\/mazzaci.com\/pl\/wp-json\/wp\/v2\/pages\/33\/revisions\/63359"}],"wp:attachment":[{"href":"https:\/\/mazzaci.com\/pl\/wp-json\/wp\/v2\/media?parent=33"}],"wp:term":[{"taxonomy":"post_tag","embeddable":true,"href":"https:\/\/mazzaci.com\/pl\/wp-json\/wp\/v2\/tags?post=33"}],"curies":[{"name":"wp","href":"https:\/\/api.w.org\/{rel}","templated":true}]}}