{"id":27966,"date":"2022-05-09T13:41:05","date_gmt":"2022-05-09T11:41:05","guid":{"rendered":"https:\/\/mazzaci.com\/pl\/?page_id=27966"},"modified":"2022-05-09T13:41:05","modified_gmt":"2022-05-09T11:41:05","slug":"zapytania-ofertowe-i-zamowienia-hurtowe","status":"publish","type":"page","link":"https:\/\/mazzaci.com\/pl\/zapytania-ofertowe-i-zamowienia-hurtowe\/","title":{"rendered":"Zapytania ofertowe i zam\u00f3wienia hurtowe"},"content":{"rendered":"\n<p>Nasz zesp\u00f3\u0142 pracuje nad tym, aby oferowa\u0107 najlepsze ceny za nasze wysokojako\u015bciowe produkty. Dzi\u0119ki zaanga\u017cowanemu zespo\u0142owi ekspert\u00f3w oferujemy najwy\u017cszej jako\u015bci produkty i materia\u0142y marketingowe, kt\u00f3re pozwol\u0105 Ci rozwin\u0105\u0107 dzia\u0142alno\u015b\u0107 w Twoim kraju.<\/p>\n\n\n\n<figure class=\"is-layout-flex wp-block-gallery-1 wp-block-gallery aligncenter has-nested-images columns-default is-cropped\">\n<figure class=\"wp-block-image size-large\"><img decoding=\"async\" loading=\"lazy\" width=\"900\" height=\"1125\" data-id=\"27563\"  src=\"https:\/\/mazzaci.com\/pl\/wp-content\/uploads\/candybomb-2.jpg\" alt=\"\" class=\"wp-image-27563\" srcset=\"https:\/\/mazzaci.com\/pl\/wp-content\/uploads\/candybomb-2.jpg 900w, https:\/\/mazzaci.com\/pl\/wp-content\/uploads\/candybomb-2-240x300.jpg 240w, https:\/\/mazzaci.com\/pl\/wp-content\/uploads\/candybomb-2-819x1024.jpg 819w, https:\/\/mazzaci.com\/pl\/wp-content\/uploads\/candybomb-2-768x960.jpg 768w, https:\/\/mazzaci.com\/pl\/wp-content\/uploads\/candybomb-2-416x520.jpg 416w\" sizes=\"(max-width: 900px) 100vw, 900px\" \/><\/figure>\n\n\n\n<figure class=\"wp-block-image size-large\"><img decoding=\"async\" loading=\"lazy\" width=\"900\" height=\"1125\" data-id=\"27469\"  src=\"https:\/\/mazzaci.com\/pl\/wp-content\/uploads\/gocurls-nika-kar-2.webp\" alt=\"\" class=\"wp-image-27469\" srcset=\"https:\/\/mazzaci.com\/pl\/wp-content\/uploads\/gocurls-nika-kar-2.webp 900w, https:\/\/mazzaci.com\/pl\/wp-content\/uploads\/gocurls-nika-kar-2-240x300.webp 240w, https:\/\/mazzaci.com\/pl\/wp-content\/uploads\/gocurls-nika-kar-2-819x1024.webp 819w, https:\/\/mazzaci.com\/pl\/wp-content\/uploads\/gocurls-nika-kar-2-768x960.webp 768w, https:\/\/mazzaci.com\/pl\/wp-content\/uploads\/gocurls-nika-kar-2-416x520.webp 416w\" sizes=\"(max-width: 900px) 100vw, 900px\" \/><\/figure>\n\n\n\n<figure class=\"wp-block-image size-large\"><img decoding=\"async\" loading=\"lazy\" width=\"1000\" height=\"1250\" data-id=\"27403\"  src=\"https:\/\/mazzaci.com\/pl\/wp-content\/uploads\/tanquick-3.jpg\" alt=\"\" class=\"wp-image-27403\" srcset=\"https:\/\/mazzaci.com\/pl\/wp-content\/uploads\/tanquick-3.jpg 1000w, https:\/\/mazzaci.com\/pl\/wp-content\/uploads\/tanquick-3-240x300.jpg 240w, https:\/\/mazzaci.com\/pl\/wp-content\/uploads\/tanquick-3-819x1024.jpg 819w, https:\/\/mazzaci.com\/pl\/wp-content\/uploads\/tanquick-3-768x960.jpg 768w, https:\/\/mazzaci.com\/pl\/wp-content\/uploads\/tanquick-3-416x520.jpg 416w\" sizes=\"(max-width: 1000px) 100vw, 1000px\" \/><\/figure>\n<\/figure>\n\n\n\n","protected":false},"excerpt":{"rendered":"<p>Nasz zesp\u00f3\u0142 pracuje nad tym, aby oferowa\u0107 najlepsze ceny za nasze wysokojako\u015bciowe produkty. Dzi\u0119ki zaanga\u017cowanemu zespo\u0142owi ekspert\u00f3w oferujemy najwy\u017cszej jako\u015bci produkty i materia\u0142y marketingowe, kt\u00f3re pozwol\u0105 Ci rozwin\u0105\u0107 dzia\u0142alno\u015b\u0107 w Twoim kraju.<\/p>\n","protected":false},"author":1,"featured_media":0,"parent":0,"menu_order":0,"comment_status":"closed","ping_status":"closed","template":"","meta":[],"tags":[2207,2202],"acf":[],"_links":{"self":[{"href":"https:\/\/mazzaci.com\/pl\/wp-json\/wp\/v2\/pages\/27966"}],"collection":[{"href":"https:\/\/mazzaci.com\/pl\/wp-json\/wp\/v2\/pages"}],"about":[{"href":"https:\/\/mazzaci.com\/pl\/wp-json\/wp\/v2\/types\/page"}],"author":[{"embeddable":true,"href":"https:\/\/mazzaci.com\/pl\/wp-json\/wp\/v2\/users\/1"}],"replies":[{"embeddable":true,"href":"https:\/\/mazzaci.com\/pl\/wp-json\/wp\/v2\/comments?post=27966"}],"version-history":[{"count":1,"href":"https:\/\/mazzaci.com\/pl\/wp-json\/wp\/v2\/pages\/27966\/revisions"}],"predecessor-version":[{"id":27967,"href":"https:\/\/mazzaci.com\/pl\/wp-json\/wp\/v2\/pages\/27966\/revisions\/27967"}],"wp:attachment":[{"href":"https:\/\/mazzaci.com\/pl\/wp-json\/wp\/v2\/media?parent=27966"}],"wp:term":[{"taxonomy":"post_tag","embeddable":true,"href":"https:\/\/mazzaci.com\/pl\/wp-json\/wp\/v2\/tags?post=27966"}],"curies":[{"name":"wp","href":"https:\/\/api.w.org\/{rel}","templated":true}]}}