{"id":22895,"date":"2022-01-12T10:50:48","date_gmt":"2022-01-12T09:50:48","guid":{"rendered":"https:\/\/dev.mazzaci.com\/it\/?post_type=product&#038;p=22895"},"modified":"2026-05-03T22:11:41","modified_gmt":"2026-05-03T20:11:41","slug":"tango-oil","status":"publish","type":"product","link":"https:\/\/mazzaci.com\/it\/articolo\/tango-oil\/","title":{"rendered":"Spray abbronzante TanGo Oil"},"content":{"rendered":"<p>Abbronzatura pi\u00f9 rapida, pi\u00f9 bronzea e pi\u00f9 intensa |Prodotto vegano \u2013 Delizioso profumo di frutta \u2013 Senza parabeni e solfati<\/p>\n<p>&nbsp;<\/p>\n","protected":false},"excerpt":{"rendered":"<ul>\n<li>Per un intenso splendore abbronzato senza lettino<\/li>\n<li>Meravigliosa fragranza fruttata<\/li>\n<li>Non lascia aloni arancioni, striature o macchie<\/li>\n<li>Consistenza non untuosa che si assorbe in pochi secondi<\/li>\n<li>Ingredienti naturali per un&#8217;abbronzatura pi\u00f9 rapida<\/li>\n<li>150 ml<\/li>\n<\/ul>\n","protected":false},"featured_media":22727,"template":"","meta":[],"product_cat":[1540],"product_tag":[],"acf":[],"_links":{"self":[{"href":"https:\/\/mazzaci.com\/it\/wp-json\/wp\/v2\/product\/22895"}],"collection":[{"href":"https:\/\/mazzaci.com\/it\/wp-json\/wp\/v2\/product"}],"about":[{"href":"https:\/\/mazzaci.com\/it\/wp-json\/wp\/v2\/types\/product"}],"wp:featuredmedia":[{"embeddable":true,"href":"https:\/\/mazzaci.com\/it\/wp-json\/wp\/v2\/media\/22727"}],"wp:attachment":[{"href":"https:\/\/mazzaci.com\/it\/wp-json\/wp\/v2\/media?parent=22895"}],"wp:term":[{"taxonomy":"product_cat","embeddable":true,"href":"https:\/\/mazzaci.com\/it\/wp-json\/wp\/v2\/product_cat?post=22895"},{"taxonomy":"product_tag","embeddable":true,"href":"https:\/\/mazzaci.com\/it\/wp-json\/wp\/v2\/product_tag?post=22895"}],"curies":[{"name":"wp","href":"https:\/\/api.w.org\/{rel}","templated":true}]}}