{"id":22891,"date":"2022-01-12T10:50:47","date_gmt":"2022-01-12T09:50:47","guid":{"rendered":"https:\/\/dev.mazzaci.com\/it\/?post_type=product&#038;p=22891"},"modified":"2026-05-02T11:56:56","modified_gmt":"2026-05-02T09:56:56","slug":"tango","status":"publish","type":"product","link":"https:\/\/mazzaci.com\/it\/articolo\/tango\/","title":{"rendered":"Crema abbronzante TanGo"},"content":{"rendered":"<p>Abbronzatura pi\u00f9 rapida, pi\u00f9 bronzea e pi\u00f9 intensa|Prodotto vegano \u2013 Delizioso profumo di frutta \u2013 Senza parabeni e solfati<\/p>\n<div class=\"XTranslate\" style=\"all: unset;\"><\/div>\n<div class=\"XTranslate\" style=\"all: unset;\"><\/div>\n","protected":false},"excerpt":{"rendered":"<ul>\n<li>Prolunga l&#8217;abbronzatura<\/li>\n<li>La tua pelle sar\u00e0 idratata e morbida<\/li>\n<li>Si assorbe velocemente e non lascia macchie<\/li>\n<li>Inebriante fragranza tropicale<\/li>\n<li>200 ml<\/li>\n<\/ul>\n<p>&nbsp;<\/p>\n<p>Nota: non contiene alcuna protezione SPF.<\/p>\n<div class=\"XTranslate\" style=\"all: unset;\"><\/div>\n<div class=\"XTranslate\" style=\"all: unset;\"><\/div>\n","protected":false},"featured_media":22896,"template":"","meta":[],"product_cat":[1540],"product_tag":[],"acf":[],"_links":{"self":[{"href":"https:\/\/mazzaci.com\/it\/wp-json\/wp\/v2\/product\/22891"}],"collection":[{"href":"https:\/\/mazzaci.com\/it\/wp-json\/wp\/v2\/product"}],"about":[{"href":"https:\/\/mazzaci.com\/it\/wp-json\/wp\/v2\/types\/product"}],"wp:featuredmedia":[{"embeddable":true,"href":"https:\/\/mazzaci.com\/it\/wp-json\/wp\/v2\/media\/22896"}],"wp:attachment":[{"href":"https:\/\/mazzaci.com\/it\/wp-json\/wp\/v2\/media?parent=22891"}],"wp:term":[{"taxonomy":"product_cat","embeddable":true,"href":"https:\/\/mazzaci.com\/it\/wp-json\/wp\/v2\/product_cat?post=22891"},{"taxonomy":"product_tag","embeddable":true,"href":"https:\/\/mazzaci.com\/it\/wp-json\/wp\/v2\/product_tag?post=22891"}],"curies":[{"name":"wp","href":"https:\/\/api.w.org\/{rel}","templated":true}]}}