{"id":23615,"date":"2022-05-09T12:42:17","date_gmt":"2022-05-09T10:42:17","guid":{"rendered":"https:\/\/mazzaci.com\/it\/?page_id=23615"},"modified":"2022-05-09T12:42:17","modified_gmt":"2022-05-09T10:42:17","slug":"commercio-allingrosso","status":"publish","type":"page","link":"https:\/\/mazzaci.com\/it\/commercio-allingrosso\/","title":{"rendered":"Commercio all&#8217;ingrosso"},"content":{"rendered":"\n<p>Il nostro team si impegna a offrire i migliori prezzi per i nostri prodotti di qualit\u00e0. Con un team dedicato di esperti offriamo prodotti di altissima qualit\u00e0 e materiale di marketing per sviluppare l&#8217;attivit\u00e0 nel tuo paese.<\/p>\n\n\n\n<figure class=\"is-layout-flex wp-block-gallery-1 wp-block-gallery aligncenter has-nested-images columns-3 is-cropped\">\n<figure class=\"wp-block-image size-large\"><img decoding=\"async\" loading=\"lazy\" width=\"900\" height=\"1125\" data-id=\"23190\"  src=\"https:\/\/mazzaci.com\/it\/wp-content\/uploads\/candybomb-2.jpg\" alt=\"\" class=\"wp-image-23190\" srcset=\"https:\/\/mazzaci.com\/it\/wp-content\/uploads\/candybomb-2.jpg 900w, https:\/\/mazzaci.com\/it\/wp-content\/uploads\/candybomb-2-240x300.jpg 240w, https:\/\/mazzaci.com\/it\/wp-content\/uploads\/candybomb-2-819x1024.jpg 819w, https:\/\/mazzaci.com\/it\/wp-content\/uploads\/candybomb-2-768x960.jpg 768w, https:\/\/mazzaci.com\/it\/wp-content\/uploads\/candybomb-2-416x520.jpg 416w\" sizes=\"(max-width: 900px) 100vw, 900px\" \/><\/figure>\n\n\n\n<figure class=\"wp-block-image size-large\"><img decoding=\"async\" loading=\"lazy\" width=\"1000\" height=\"1250\" data-id=\"22907\"  src=\"https:\/\/mazzaci.com\/it\/wp-content\/uploads\/tanquick-3.jpg\" alt=\"\" class=\"wp-image-22907\" srcset=\"https:\/\/mazzaci.com\/it\/wp-content\/uploads\/tanquick-3.jpg 1000w, https:\/\/mazzaci.com\/it\/wp-content\/uploads\/tanquick-3-240x300.jpg 240w, https:\/\/mazzaci.com\/it\/wp-content\/uploads\/tanquick-3-819x1024.jpg 819w, https:\/\/mazzaci.com\/it\/wp-content\/uploads\/tanquick-3-768x960.jpg 768w, https:\/\/mazzaci.com\/it\/wp-content\/uploads\/tanquick-3-416x520.jpg 416w\" sizes=\"(max-width: 1000px) 100vw, 1000px\" \/><\/figure>\n\n\n\n<figure class=\"wp-block-image size-large\"><img decoding=\"async\" loading=\"lazy\" width=\"900\" height=\"1125\" data-id=\"23055\"  src=\"https:\/\/mazzaci.com\/it\/wp-content\/uploads\/gocurls-nika-kar-2.webp\" alt=\"\" class=\"wp-image-23055\" srcset=\"https:\/\/mazzaci.com\/it\/wp-content\/uploads\/gocurls-nika-kar-2.webp 900w, https:\/\/mazzaci.com\/it\/wp-content\/uploads\/gocurls-nika-kar-2-240x300.webp 240w, https:\/\/mazzaci.com\/it\/wp-content\/uploads\/gocurls-nika-kar-2-819x1024.webp 819w, https:\/\/mazzaci.com\/it\/wp-content\/uploads\/gocurls-nika-kar-2-768x960.webp 768w, https:\/\/mazzaci.com\/it\/wp-content\/uploads\/gocurls-nika-kar-2-416x520.webp 416w\" sizes=\"(max-width: 900px) 100vw, 900px\" \/><\/figure>\n<\/figure>\n\n\n\n","protected":false},"excerpt":{"rendered":"<p>Il nostro team si impegna a offrire i migliori prezzi per i nostri prodotti di qualit\u00e0. Con un team dedicato di esperti offriamo prodotti di altissima qualit\u00e0 e materiale di marketing per sviluppare l&#8217;attivit\u00e0 nel tuo paese.<\/p>\n","protected":false},"author":1,"featured_media":0,"parent":0,"menu_order":0,"comment_status":"closed","ping_status":"closed","template":"","meta":[],"tags":[1551],"acf":[],"_links":{"self":[{"href":"https:\/\/mazzaci.com\/it\/wp-json\/wp\/v2\/pages\/23615"}],"collection":[{"href":"https:\/\/mazzaci.com\/it\/wp-json\/wp\/v2\/pages"}],"about":[{"href":"https:\/\/mazzaci.com\/it\/wp-json\/wp\/v2\/types\/page"}],"author":[{"embeddable":true,"href":"https:\/\/mazzaci.com\/it\/wp-json\/wp\/v2\/users\/1"}],"replies":[{"embeddable":true,"href":"https:\/\/mazzaci.com\/it\/wp-json\/wp\/v2\/comments?post=23615"}],"version-history":[{"count":1,"href":"https:\/\/mazzaci.com\/it\/wp-json\/wp\/v2\/pages\/23615\/revisions"}],"predecessor-version":[{"id":23616,"href":"https:\/\/mazzaci.com\/it\/wp-json\/wp\/v2\/pages\/23615\/revisions\/23616"}],"wp:attachment":[{"href":"https:\/\/mazzaci.com\/it\/wp-json\/wp\/v2\/media?parent=23615"}],"wp:term":[{"taxonomy":"post_tag","embeddable":true,"href":"https:\/\/mazzaci.com\/it\/wp-json\/wp\/v2\/tags?post=23615"}],"curies":[{"name":"wp","href":"https:\/\/api.w.org\/{rel}","templated":true}]}}