{"id":1725,"date":"2021-05-19T05:40:43","date_gmt":"2021-05-19T03:40:43","guid":{"rendered":"https:\/\/s-mania.si\/?page_id=1725"},"modified":"2024-10-30T09:45:30","modified_gmt":"2024-10-30T08:45:30","slug":"chi-siamo","status":"publish","type":"page","link":"https:\/\/mazzaci.com\/it\/chi-siamo\/","title":{"rendered":"Chi siamo"},"content":{"rendered":"\n<div class=\"smania_static_side\">\n\n \n\n    <div class=\"smania_static_side_left\">\n\n        <h4>Indirizzo<\/h4>\n\n        DFVU d.o.o.\n\n        <br>\n\n        Liparjeva ulica 6a\n\n        <br>\n\n        1234 Menge\u0161\n\n        <br> \n\n        Slovenia\n\n        <br><br>\n\n        <h4>Email<\/h4>\n\n        <a href=\"mailto:it@mazzaci.com\">it@mazzaci.com<\/a>\n\n        <br><br>\n\n        <h4>Orario<\/h4>\n\n        04 0983 56 60 <br> Da luned\u00ec a venerd\u00ec: dalle 8:00&nbsp;alle 16:00       \n\n        <br><br>\n\n        <h4>Informazioni sulla constituzione<\/h4>\n\n        Registrata presso: AJPES, sede di Ljubljana\n\n        <br>\n\n        Data di registrazione: 13.12.2016\n\n       \n\n        <br><br>\n\n        <h4> Dati di identificazione <\/h4>\n\n        Numero d&#8217;identificazione IVA: SI35983175\n\n        <br>\n\n        Attivit\u00e0 con partita IVA: S\u00ec\n\n        <br>\n\n        Numero del registro: 7193548000\n\n        <br>\n\n        Conto corrente: SI56 6100 0001 5525 391 (DELAVSKA HRANILNICA d. d.)\n\n        <br>\n\n        SWIFT: HDELSI22\n\n   \n\n   <\/div>\n    <div class=\"smania_static_side_right\">\n        <h3>AVVISI<\/h3>\n        <span style=\"color: #808080\">29.03.2021<\/span>\n        <br>\n        <strong>Avviso sul non utilizzo del timbro per verificare la conformit\u00e0 di documenti<\/strong>\n        <br>\n        <a target=\"_blank\" href=\"https:\/\/s-mania.si\/wp-content\/uploads\/doc\/Sklep-o-neuporabi-%C5%BEiga-2021.pdf\" rel=\"noopener\">Vedi il documento<\/a>\n    \n    <\/div>\n    \n<\/div>\n    \n    \n    \n    #main a {\n        color: #0087DE;\n        text-decoration: none!important;\n        }\n    .smania_static_side {\n        display: flex;\n        flex-direction: row;\n    }\n    .smania_static_side_left {\n        padding-right: 40px;\n        margin-right: 40px;\n        border-right: 1px solid #DCDCDC;\n    }\n    @media only screen and (max-width: 800px) {\n        .smania_static_side {\n            flex-direction: column;\n        }\n        .smania_static_side &gt; div {\n            width: 100%;\n        }\n        .smania_static_side_left {\n            padding-right: 0;\n            margin-right: 0;\n            border-right: none;\n            padding-bottom: 40px;\n            margin-bottom: 40px;\n            border-bottom: 1px solid #DCDCDC;\n        }\n    }\n\n\n\n<p><\/p>\n","protected":false},"excerpt":{"rendered":"<p>Indirizzo DFVU d.o.o. Liparjeva ulica 6a 1234 Menge\u0161 Slovenia Email it@mazzaci.com Orario 04 0983 56 60 Da luned\u00ec a venerd\u00ec: dalle 8:00&nbsp;alle 16:00 Informazioni sulla constituzione Registrata presso: AJPES, sede di Ljubljana Data di registrazione: 13.12.2016 Dati di identificazione Numero d&#8217;identificazione IVA: SI35983175 Attivit\u00e0 con partita IVA: S\u00ec Numero del registro: 7193548000 Conto corrente: SI56 [&hellip;]<\/p>\n","protected":false},"author":1,"featured_media":0,"parent":0,"menu_order":0,"comment_status":"closed","ping_status":"closed","template":"","meta":[],"tags":[1543],"acf":[],"_links":{"self":[{"href":"https:\/\/mazzaci.com\/it\/wp-json\/wp\/v2\/pages\/1725"}],"collection":[{"href":"https:\/\/mazzaci.com\/it\/wp-json\/wp\/v2\/pages"}],"about":[{"href":"https:\/\/mazzaci.com\/it\/wp-json\/wp\/v2\/types\/page"}],"author":[{"embeddable":true,"href":"https:\/\/mazzaci.com\/it\/wp-json\/wp\/v2\/users\/1"}],"replies":[{"embeddable":true,"href":"https:\/\/mazzaci.com\/it\/wp-json\/wp\/v2\/comments?post=1725"}],"version-history":[{"count":22,"href":"https:\/\/mazzaci.com\/it\/wp-json\/wp\/v2\/pages\/1725\/revisions"}],"predecessor-version":[{"id":26861,"href":"https:\/\/mazzaci.com\/it\/wp-json\/wp\/v2\/pages\/1725\/revisions\/26861"}],"wp:attachment":[{"href":"https:\/\/mazzaci.com\/it\/wp-json\/wp\/v2\/media?parent=1725"}],"wp:term":[{"taxonomy":"post_tag","embeddable":true,"href":"https:\/\/mazzaci.com\/it\/wp-json\/wp\/v2\/tags?post=1725"}],"curies":[{"name":"wp","href":"https:\/\/api.w.org\/{rel}","templated":true}]}}