{"id":61511,"date":"2026-04-27T05:52:59","date_gmt":"2026-04-27T03:52:59","guid":{"rendered":"https:\/\/mazzaci.com\/hu\/?post_type=product&#038;p=61511"},"modified":"2026-04-27T05:59:52","modified_gmt":"2026-04-27T03:59:52","slug":"tanset","status":"publish","type":"product","link":"https:\/\/mazzaci.com\/hu\/termek\/tanset\/","title":{"rendered":"TanGo \u00e9s TanCare szett"},"content":{"rendered":"<p><span data-sheets-root=\"1\">Mi\u00e9rt v\u00e1lasztan\u00e1l, ha mindent is kaphatsz? A TanSet egyes\u00edti a legkelend\u0151bb TanGo barnul\u00e1st gyors\u00edt\u00f3 olajunkat az \u00faj \u00e9s tov\u00e1bbfejlesztett TanCare napoz\u00e1s ut\u00e1ni kr\u00e9mmel. Egy\u00fctt biztos\u00edtj\u00e1k, hogy a m\u00e9ly bronzos barnas\u00e1g el\u00e9r\u00e9s\u00e9hez kevesebb id\u0151re legyen sz\u00fcks\u00e9ged, mik\u00f6zben a ny\u00e1ri ragyog\u00e1sod sokkal tov\u00e1bb megmarad a b\u0151r\u00f6d\u00f6n.<br \/>\n<\/span><\/p>\n","protected":false},"excerpt":{"rendered":"<ul>\n<li><span data-sheets-root=\"1\">TanGo: Rekordgyors \u00e9s term\u00e9szetes barnul\u00e1s<\/span><\/li>\n<li><span data-sheets-root=\"1\">TanCare: Intenz\u00edv regener\u00e1l\u00e1s niacinamiddal \u00e9s szkval\u00e1nnal<\/span><\/li>\n<li><span data-sheets-root=\"1\">Megakad\u00e1lyozza a h\u00e1ml\u00e1st \u00e9s meg\u0151rzi a b\u0151r puhas\u00e1g\u00e1t<\/span><\/li>\n<li><span data-sheets-root=\"1\">Term\u00e9szetes \u00f6sszetev\u0151k, agressz\u00edv vegyi anyagok n\u00e9lk\u00fcl<\/span><\/li>\n<li><span data-sheets-root=\"1\">T\u00f6k\u00e9letes kombin\u00e1ci\u00f3 arcra \u00e9s testre egyar\u00e1nt<\/span><\/li>\n<li><span data-sheets-root=\"1\">A szett tartalma: TanGo 200 ml + TanCare 150 ml<\/span><\/li>\n<\/ul>\n","protected":false},"featured_media":61512,"template":"","meta":[],"product_cat":[2199],"product_tag":[],"acf":[],"_links":{"self":[{"href":"https:\/\/mazzaci.com\/hu\/wp-json\/wp\/v2\/product\/61511"}],"collection":[{"href":"https:\/\/mazzaci.com\/hu\/wp-json\/wp\/v2\/product"}],"about":[{"href":"https:\/\/mazzaci.com\/hu\/wp-json\/wp\/v2\/types\/product"}],"wp:featuredmedia":[{"embeddable":true,"href":"https:\/\/mazzaci.com\/hu\/wp-json\/wp\/v2\/media\/61512"}],"wp:attachment":[{"href":"https:\/\/mazzaci.com\/hu\/wp-json\/wp\/v2\/media?parent=61511"}],"wp:term":[{"taxonomy":"product_cat","embeddable":true,"href":"https:\/\/mazzaci.com\/hu\/wp-json\/wp\/v2\/product_cat?post=61511"},{"taxonomy":"product_tag","embeddable":true,"href":"https:\/\/mazzaci.com\/hu\/wp-json\/wp\/v2\/product_tag?post=61511"}],"curies":[{"name":"wp","href":"https:\/\/api.w.org\/{rel}","templated":true}]}}