{"id":27547,"date":"2022-01-14T11:48:14","date_gmt":"2022-01-14T10:48:14","guid":{"rendered":"https:\/\/dev.mazzaci.com\/hu\/?post_type=product&#038;p=27547"},"modified":"2026-04-14T09:20:03","modified_gmt":"2026-04-14T07:20:03","slug":"tango-oil","status":"publish","type":"product","link":"https:\/\/mazzaci.com\/hu\/termek\/tango-oil\/","title":{"rendered":"TanGo Oil barn\u00edt\u00f3 olaj"},"content":{"rendered":"<p><span data-sheets-value=\"{&quot;1&quot;:2,&quot;2&quot;:&quot;Gyorsabb, bronzosabb \u00e9s intenz\u00edvebb barnul\u00e1s&quot;}\" data-sheets-userformat=\"{&quot;2&quot;:13185,&quot;3&quot;:{&quot;1&quot;:0},&quot;10&quot;:1,&quot;11&quot;:4,&quot;12&quot;:0,&quot;15&quot;:&quot;Roboto Mono&quot;,&quot;16&quot;:10}\">Gyorsabb, bronzosabb \u00e9s intenz\u00edvebb barnul\u00e1s<\/span> |<span data-sheets-value=\"{&quot;1&quot;:2,&quot;2&quot;:&quot;Veg\u00e1n \u2013 csod\u00e1latos illat \u2013 parab\u00e9n- \u00e9s szulf\u00e1tmentes&quot;}\" data-sheets-userformat=\"{&quot;2&quot;:13185,&quot;3&quot;:{&quot;1&quot;:0},&quot;10&quot;:1,&quot;11&quot;:4,&quot;12&quot;:0,&quot;15&quot;:&quot;Roboto Mono&quot;,&quot;16&quot;:10}\">Veg\u00e1n \u2013 csod\u00e1latos illat \u2013 parab\u00e9n- \u00e9s szulf\u00e1tmentes<\/span><\/p>\n","protected":false},"excerpt":{"rendered":"<ul>\n<li><span data-sheets-value=\"{&quot;1&quot;:2,&quot;2&quot;:&quot;Az intenz\u00edv bronzbarna b\u0151rsz\u00edn\u00e9rt szol\u00e1rium n\u00e9lk\u00fcl&quot;}\" data-sheets-userformat=\"{&quot;2&quot;:13185,&quot;3&quot;:{&quot;1&quot;:0},&quot;10&quot;:1,&quot;11&quot;:4,&quot;12&quot;:0,&quot;15&quot;:&quot;Roboto Mono&quot;,&quot;16&quot;:10}\">Az intenz\u00edv bronzbarna b\u0151rsz\u00edn\u00e9rt szol\u00e1rium n\u00e9lk\u00fcl<\/span><\/li>\n<li><span data-sheets-value=\"{&quot;1&quot;:2,&quot;2&quot;:&quot;Csod\u00e1latos gy\u00fcm\u00f6lcs\u00f6s illat&quot;}\" data-sheets-userformat=\"{&quot;2&quot;:13185,&quot;3&quot;:{&quot;1&quot;:0},&quot;10&quot;:1,&quot;11&quot;:4,&quot;12&quot;:0,&quot;15&quot;:&quot;Roboto Mono&quot;,&quot;16&quot;:10}\">Csod\u00e1latos gy\u00fcm\u00f6lcs\u00f6s illat<\/span><\/li>\n<li><span data-sheets-value=\"{&quot;1&quot;:2,&quot;2&quot;:&quot;Nem hagy narancss\u00e1rga nyomokat, foltokat vagy cs\u00edkokat&quot;}\" data-sheets-userformat=\"{&quot;2&quot;:13185,&quot;3&quot;:{&quot;1&quot;:0},&quot;10&quot;:1,&quot;11&quot;:4,&quot;12&quot;:0,&quot;15&quot;:&quot;Roboto Mono&quot;,&quot;16&quot;:10}\">Nem hagy narancss\u00e1rga nyomokat, foltokat vagy cs\u00edkokat<\/span><\/li>\n<li><span data-sheets-value=\"{&quot;1&quot;:2,&quot;2&quot;:&quot;Nem zs\u00edros text\u00fara, amely m\u00e1sodpercek alatt felsz\u00edv\u00f3dik&quot;}\" data-sheets-userformat=\"{&quot;2&quot;:13185,&quot;3&quot;:{&quot;1&quot;:0},&quot;10&quot;:1,&quot;11&quot;:4,&quot;12&quot;:0,&quot;15&quot;:&quot;Roboto Mono&quot;,&quot;16&quot;:10}\">Nem zs\u00edros text\u00fara, amely m\u00e1sodpercek alatt felsz\u00edv\u00f3dik<\/span><\/li>\n<li><span data-sheets-value=\"{&quot;1&quot;:2,&quot;2&quot;:&quot;Term\u00e9szetes \u00f6sszetev\u0151k a gyorsabb barnul\u00e1s\u00e9rt&quot;}\" data-sheets-userformat=\"{&quot;2&quot;:15233,&quot;3&quot;:{&quot;1&quot;:0},&quot;10&quot;:1,&quot;11&quot;:4,&quot;12&quot;:0,&quot;14&quot;:{&quot;1&quot;:2,&quot;2&quot;:0},&quot;15&quot;:&quot;Roboto Mono&quot;,&quot;16&quot;:10}\">Term\u00e9szetes \u00f6sszetev\u0151k a gyorsabb barnul\u00e1s\u00e9rt<\/span><\/li>\n<li>150ml<\/li>\n<\/ul>\n","protected":false},"featured_media":27570,"template":"","meta":[],"product_cat":[2199],"product_tag":[],"acf":[],"_links":{"self":[{"href":"https:\/\/mazzaci.com\/hu\/wp-json\/wp\/v2\/product\/27547"}],"collection":[{"href":"https:\/\/mazzaci.com\/hu\/wp-json\/wp\/v2\/product"}],"about":[{"href":"https:\/\/mazzaci.com\/hu\/wp-json\/wp\/v2\/types\/product"}],"wp:featuredmedia":[{"embeddable":true,"href":"https:\/\/mazzaci.com\/hu\/wp-json\/wp\/v2\/media\/27570"}],"wp:attachment":[{"href":"https:\/\/mazzaci.com\/hu\/wp-json\/wp\/v2\/media?parent=27547"}],"wp:term":[{"taxonomy":"product_cat","embeddable":true,"href":"https:\/\/mazzaci.com\/hu\/wp-json\/wp\/v2\/product_cat?post=27547"},{"taxonomy":"product_tag","embeddable":true,"href":"https:\/\/mazzaci.com\/hu\/wp-json\/wp\/v2\/product_tag?post=27547"}],"curies":[{"name":"wp","href":"https:\/\/api.w.org\/{rel}","templated":true}]}}