{"id":27545,"date":"2022-01-14T11:48:13","date_gmt":"2022-01-14T10:48:13","guid":{"rendered":"https:\/\/dev.mazzaci.com\/hu\/?post_type=product&#038;p=27545"},"modified":"2024-03-12T07:25:28","modified_gmt":"2024-03-12T06:25:28","slug":"tancare","status":"publish","type":"product","link":"https:\/\/mazzaci.com\/hu\/termek\/tancare\/","title":{"rendered":"TanCare t\u00e1pl\u00e1l\u00f3 kr\u00e9m"},"content":{"rendered":"<p><span data-sheets-value=\"{&quot;1&quot;:2,&quot;2&quot;:&quot;Intenz\u00edv t\u00e1pl\u00e1l\u00f3 friss\u00edt\u0151 minden b\u0151rt\u00edpusra&quot;}\" data-sheets-userformat=\"{&quot;2&quot;:13185,&quot;3&quot;:{&quot;1&quot;:0},&quot;10&quot;:1,&quot;11&quot;:4,&quot;12&quot;:0,&quot;15&quot;:&quot;Roboto Mono&quot;,&quot;16&quot;:10}\">Intenz\u00edv t\u00e1pl\u00e1l\u00f3 friss\u00edt\u0151 minden b\u0151rt\u00edpusra<\/span>|<span data-sheets-value=\"{&quot;1&quot;:2,&quot;2&quot;:&quot;Veg\u00e1n \u2013 csod\u00e1latos illat \u2013 parab\u00e9n- \u00e9s szulf\u00e1tmentes&quot;}\" data-sheets-userformat=\"{&quot;2&quot;:13185,&quot;3&quot;:{&quot;1&quot;:0},&quot;10&quot;:1,&quot;11&quot;:4,&quot;12&quot;:0,&quot;15&quot;:&quot;Roboto Mono&quot;,&quot;16&quot;:10}\">Veg\u00e1n \u2013 csod\u00e1latos illat \u2013 parab\u00e9n- \u00e9s szulf\u00e1tmentes<\/span><\/p>\n","protected":false},"excerpt":{"rendered":"<ul>\n<li><span data-sheets-value=\"{&quot;1&quot;:2,&quot;2&quot;:&quot;Megakad\u00e1lyozza a h\u00e1ml\u00e1st \u00e9s a kellemetlen b\u0151rh\u00faz\u00f3d\u00e1st&quot;}\" data-sheets-userformat=\"{&quot;2&quot;:13185,&quot;3&quot;:{&quot;1&quot;:0},&quot;10&quot;:1,&quot;11&quot;:4,&quot;12&quot;:0,&quot;15&quot;:&quot;Roboto Mono&quot;,&quot;16&quot;:10}\">Megakad\u00e1lyozza a h\u00e1ml\u00e1st \u00e9s a kellemetlen b\u0151rh\u00faz\u00f3d\u00e1st<\/span><\/li>\n<li><span data-sheets-value=\"{&quot;1&quot;:2,&quot;2&quot;:&quot;T\u00e1pl\u00e1lja a b\u0151rt \u00e9s v\u00e9di a kisz\u00e1rad\u00e1st\u00f3l&quot;}\" data-sheets-userformat=\"{&quot;2&quot;:13185,&quot;3&quot;:{&quot;1&quot;:0},&quot;10&quot;:1,&quot;11&quot;:4,&quot;12&quot;:0,&quot;15&quot;:&quot;Roboto Mono&quot;,&quot;16&quot;:10}\">T\u00e1pl\u00e1lja a b\u0151rt \u00e9s v\u00e9di a kisz\u00e1rad\u00e1st\u00f3l<\/span><\/li>\n<li><span data-sheets-value=\"{&quot;1&quot;:2,&quot;2&quot;:&quot;El\u0151seg\u00edti a b\u0151r eg\u00e9szs\u00e9ges egyens\u00faly\u00e1t \u00e9s meghosszabb\u00edtja a vonz\u00f3 barnas\u00e1got&quot;}\" data-sheets-userformat=\"{&quot;2&quot;:13185,&quot;3&quot;:{&quot;1&quot;:0},&quot;10&quot;:1,&quot;11&quot;:4,&quot;12&quot;:0,&quot;15&quot;:&quot;Roboto Mono&quot;,&quot;16&quot;:10}\">El\u0151seg\u00edti a b\u0151r eg\u00e9szs\u00e9ges egyens\u00faly\u00e1t \u00e9s meghosszabb\u00edtja a vonz\u00f3 barnas\u00e1got<\/span><\/li>\n<li>A b\u0151r fiatalos, ragyog\u00f3 \u00e9s puha marad<\/li>\n<li><span data-sheets-value=\"{&quot;1&quot;:2,&quot;2&quot;:&quot;T\u00f6k\u00e9letes \u00e1pol\u00e1s napoz\u00e1s, borotv\u00e1lkoz\u00e1s \u00e9s sz\u0151rtelen\u00edt\u00e9s ut\u00e1n&quot;}\" data-sheets-userformat=\"{&quot;2&quot;:13185,&quot;3&quot;:{&quot;1&quot;:0},&quot;10&quot;:1,&quot;11&quot;:4,&quot;12&quot;:0,&quot;15&quot;:&quot;Roboto Mono&quot;,&quot;16&quot;:10}\">T\u00f6k\u00e9letes \u00e1pol\u00e1s napoz\u00e1s, borotv\u00e1lkoz\u00e1s \u00e9s sz\u0151rtelen\u00edt\u00e9s ut\u00e1n<\/span><\/li>\n<li>200ml<\/li>\n<\/ul>\n","protected":false},"featured_media":27561,"template":"","meta":[],"product_cat":[2199],"product_tag":[],"acf":[],"_links":{"self":[{"href":"https:\/\/mazzaci.com\/hu\/wp-json\/wp\/v2\/product\/27545"}],"collection":[{"href":"https:\/\/mazzaci.com\/hu\/wp-json\/wp\/v2\/product"}],"about":[{"href":"https:\/\/mazzaci.com\/hu\/wp-json\/wp\/v2\/types\/product"}],"wp:featuredmedia":[{"embeddable":true,"href":"https:\/\/mazzaci.com\/hu\/wp-json\/wp\/v2\/media\/27561"}],"wp:attachment":[{"href":"https:\/\/mazzaci.com\/hu\/wp-json\/wp\/v2\/media?parent=27545"}],"wp:term":[{"taxonomy":"product_cat","embeddable":true,"href":"https:\/\/mazzaci.com\/hu\/wp-json\/wp\/v2\/product_cat?post=27545"},{"taxonomy":"product_tag","embeddable":true,"href":"https:\/\/mazzaci.com\/hu\/wp-json\/wp\/v2\/product_tag?post=27545"}],"curies":[{"name":"wp","href":"https:\/\/api.w.org\/{rel}","templated":true}]}}