{"id":27544,"date":"2022-01-14T11:48:13","date_gmt":"2022-01-14T10:48:13","guid":{"rendered":"https:\/\/dev.mazzaci.com\/hu\/?post_type=product&#038;p=27544"},"modified":"2026-04-27T06:16:11","modified_gmt":"2026-04-27T04:16:11","slug":"tanquick","status":"publish","type":"product","link":"https:\/\/mazzaci.com\/hu\/termek\/tanquick\/","title":{"rendered":"TanQuick \u00f6nbarn\u00edt\u00f3 test\u00e1pol\u00f3"},"content":{"rendered":"<p><span data-sheets-value=\"{&quot;1&quot;:2,&quot;2&quot;:&quot;\u00c9rj el cs\u00e1b\u00edt\u00f3 barna b\u0151rsz\u00ednt egy pillanat alatt!&quot;}\" data-sheets-userformat=\"{&quot;2&quot;:13185,&quot;3&quot;:{&quot;1&quot;:0},&quot;10&quot;:1,&quot;11&quot;:4,&quot;12&quot;:0,&quot;15&quot;:&quot;Roboto Mono&quot;,&quot;16&quot;:10}\">\u00c9rj el cs\u00e1b\u00edt\u00f3 barna b\u0151rsz\u00ednt egy pillanat alatt!<\/span>|Nem ragad\u00f3s formula &#8211; hipoallerg\u00e9n &#8211; parab\u00e9n- \u00e9s szulf\u00e1tmentes<\/p>\n","protected":false},"excerpt":{"rendered":"<ul>\n<li><span data-sheets-value=\"{&quot;1&quot;:2,&quot;2&quot;:&quot;A hat\u00e1s ugyanaz, mint egy h\u00e9tnyi napoz\u00e1s sor\u00e1n&quot;}\" data-sheets-userformat=\"{&quot;2&quot;:13185,&quot;3&quot;:{&quot;1&quot;:0},&quot;10&quot;:1,&quot;11&quot;:4,&quot;12&quot;:0,&quot;15&quot;:&quot;Roboto Mono&quot;,&quot;16&quot;:10}\">A hat\u00e1s ugyanaz, mint egy h\u00e9tnyi napoz\u00e1s sor\u00e1n<\/span><\/li>\n<li><span data-sheets-value=\"{&quot;1&quot;:2,&quot;2&quot;:&quot;Term\u00e9szetes barnul\u00e1st k\u00f6lcs\u00f6n\u00f6z, foltok \u00e9s cs\u00edkok n\u00e9lk\u00fcl&quot;}\" data-sheets-userformat=\"{&quot;2&quot;:13185,&quot;3&quot;:{&quot;1&quot;:0},&quot;10&quot;:1,&quot;11&quot;:4,&quot;12&quot;:0,&quot;15&quot;:&quot;Roboto Mono&quot;,&quot;16&quot;:10}\">Term\u00e9szetes barnul\u00e1st k\u00f6lcs\u00f6n\u00f6z, foltok \u00e9s cs\u00edkok n\u00e9lk\u00fcl<\/span><\/li>\n<li><span data-sheets-value=\"{&quot;1&quot;:2,&quot;2&quot;:&quot;K\u00f6nny\u0171, nem ragad\u00f3s formula, amely egy pillanat alatt felsz\u00edv\u00f3dik&quot;}\" data-sheets-userformat=\"{&quot;2&quot;:13185,&quot;3&quot;:{&quot;1&quot;:0},&quot;10&quot;:1,&quot;11&quot;:4,&quot;12&quot;:0,&quot;15&quot;:&quot;Roboto Mono&quot;,&quot;16&quot;:10}\">K\u00f6nny\u0171, nem ragad\u00f3s formula, amely egy pillanat alatt felsz\u00edv\u00f3dik<\/span><\/li>\n<li><span data-sheets-value=\"{&quot;1&quot;:2,&quot;2&quot;:&quot;Megakad\u00e1lyozza az UV-sug\u00e1rz\u00e1s \u00e9s a napsug\u00e1rz\u00e1s \u00e1ltal okozott b\u0151rk\u00e1rosod\u00e1st&quot;}\" data-sheets-userformat=\"{&quot;2&quot;:13185,&quot;3&quot;:{&quot;1&quot;:0},&quot;10&quot;:1,&quot;11&quot;:4,&quot;12&quot;:0,&quot;15&quot;:&quot;Roboto Mono&quot;,&quot;16&quot;:10}\">Megakad\u00e1lyozza az UV-sug\u00e1rz\u00e1s \u00e9s a napsug\u00e1rz\u00e1s \u00e1ltal okozott b\u0151rk\u00e1rosod\u00e1st<\/span><\/li>\n<li><span data-sheets-value=\"{&quot;1&quot;:2,&quot;2&quot;:&quot;0% \u00e1sv\u00e1nyi olajok, parab\u00e9nek, sz\u00e1r\u00edt\u00f3 alkoholok&quot;}\" data-sheets-userformat=\"{&quot;2&quot;:13185,&quot;3&quot;:{&quot;1&quot;:0},&quot;10&quot;:1,&quot;11&quot;:4,&quot;12&quot;:0,&quot;15&quot;:&quot;Roboto Mono&quot;,&quot;16&quot;:10}\">0% \u00e1sv\u00e1nyi olajok, parab\u00e9nek, sz\u00e1r\u00edt\u00f3 alkoholok<\/span><\/li>\n<li>140ml<\/li>\n<\/ul>\n","protected":false},"featured_media":27556,"template":"","meta":[],"product_cat":[2199],"product_tag":[],"acf":[],"_links":{"self":[{"href":"https:\/\/mazzaci.com\/hu\/wp-json\/wp\/v2\/product\/27544"}],"collection":[{"href":"https:\/\/mazzaci.com\/hu\/wp-json\/wp\/v2\/product"}],"about":[{"href":"https:\/\/mazzaci.com\/hu\/wp-json\/wp\/v2\/types\/product"}],"wp:featuredmedia":[{"embeddable":true,"href":"https:\/\/mazzaci.com\/hu\/wp-json\/wp\/v2\/media\/27556"}],"wp:attachment":[{"href":"https:\/\/mazzaci.com\/hu\/wp-json\/wp\/v2\/media?parent=27544"}],"wp:term":[{"taxonomy":"product_cat","embeddable":true,"href":"https:\/\/mazzaci.com\/hu\/wp-json\/wp\/v2\/product_cat?post=27544"},{"taxonomy":"product_tag","embeddable":true,"href":"https:\/\/mazzaci.com\/hu\/wp-json\/wp\/v2\/product_tag?post=27544"}],"curies":[{"name":"wp","href":"https:\/\/api.w.org\/{rel}","templated":true}]}}