{"id":27543,"date":"2022-01-14T11:48:13","date_gmt":"2022-01-14T10:48:13","guid":{"rendered":"https:\/\/dev.mazzaci.com\/hu\/?post_type=product&#038;p=27543"},"modified":"2026-04-14T09:20:11","modified_gmt":"2026-04-14T07:20:11","slug":"tango","status":"publish","type":"product","link":"https:\/\/mazzaci.com\/hu\/termek\/tango\/","title":{"rendered":"TanGo barn\u00edt\u00f3 kr\u00e9m"},"content":{"rendered":"<p><span data-sheets-value=\"{&quot;1&quot;:2,&quot;2&quot;:&quot;Gyorsabb, bronzosabb \u00e9s intenz\u00edvebb barnul\u00e1s&quot;}\" data-sheets-userformat=\"{&quot;2&quot;:13185,&quot;3&quot;:{&quot;1&quot;:0},&quot;10&quot;:1,&quot;11&quot;:4,&quot;12&quot;:0,&quot;15&quot;:&quot;Roboto Mono&quot;,&quot;16&quot;:10}\">Gyorsabb, bronzosabb \u00e9s intenz\u00edvebb barnul\u00e1s<\/span>|<span data-sheets-value=\"{&quot;1&quot;:2,&quot;2&quot;:&quot;Veg\u00e1n term\u00e9k - csod\u00e1latos gy\u00fcm\u00f6lcs\u00f6s illat - parab\u00e9n- \u00e9s szulf\u00e1tmentes&quot;}\" data-sheets-userformat=\"{&quot;2&quot;:13185,&quot;3&quot;:{&quot;1&quot;:0},&quot;10&quot;:1,&quot;11&quot;:4,&quot;12&quot;:0,&quot;15&quot;:&quot;Roboto Mono&quot;,&quot;16&quot;:10}\">Veg\u00e1n term\u00e9k &#8211; csod\u00e1latos gy\u00fcm\u00f6lcs\u00f6s illat &#8211; parab\u00e9n- \u00e9s szulf\u00e1tmentes<\/span><\/p>\n<div class=\"XTranslate\" style=\"all: unset;\"><\/div>\n<div class=\"XTranslate\" style=\"all: unset;\"><\/div>\n","protected":false},"excerpt":{"rendered":"<ul>\n<li>Hosszan tart\u00f3 barna b\u0151rsz\u00edn<\/li>\n<li><span data-sheets-value=\"{&quot;1&quot;:2,&quot;2&quot;:&quot;Teljes hidrat\u00e1lts\u00e1got \u00e9s puhas\u00e1got ny\u00fajt a b\u0151rnek&quot;}\" data-sheets-userformat=\"{&quot;2&quot;:13185,&quot;3&quot;:{&quot;1&quot;:0},&quot;10&quot;:1,&quot;11&quot;:4,&quot;12&quot;:0,&quot;15&quot;:&quot;Roboto Mono&quot;,&quot;16&quot;:10}\">Teljes hidrat\u00e1lts\u00e1got \u00e9s puhas\u00e1got ny\u00fajt a b\u0151rnek<\/span><\/li>\n<li><span data-sheets-value=\"{&quot;1&quot;:2,&quot;2&quot;:&quot;Gyorsan felsz\u00edv\u00f3dik \u00e9s nem hagy foltot&quot;}\" data-sheets-userformat=\"{&quot;2&quot;:13185,&quot;3&quot;:{&quot;1&quot;:0},&quot;10&quot;:1,&quot;11&quot;:4,&quot;12&quot;:0,&quot;15&quot;:&quot;Roboto Mono&quot;,&quot;16&quot;:10}\">Gyorsan felsz\u00edv\u00f3dik \u00e9s nem hagy foltot<\/span><\/li>\n<li><span data-sheets-value=\"{&quot;1&quot;:2,&quot;2&quot;:&quot;B\u00f3d\u00edt\u00f3 tr\u00f3pusi illat&quot;}\" data-sheets-userformat=\"{&quot;2&quot;:13185,&quot;3&quot;:{&quot;1&quot;:0},&quot;10&quot;:1,&quot;11&quot;:4,&quot;12&quot;:0,&quot;15&quot;:&quot;Roboto Mono&quot;,&quot;16&quot;:10}\">B\u00f3d\u00edt\u00f3 tr\u00f3pusi illat<\/span><\/li>\n<li>200ml<\/li>\n<\/ul>\n<div class=\"XTranslate\" style=\"all: unset;\"><\/div>\n<div class=\"XTranslate\" style=\"all: unset;\"><\/div>\n","protected":false},"featured_media":27548,"template":"","meta":[],"product_cat":[2199],"product_tag":[],"acf":[],"_links":{"self":[{"href":"https:\/\/mazzaci.com\/hu\/wp-json\/wp\/v2\/product\/27543"}],"collection":[{"href":"https:\/\/mazzaci.com\/hu\/wp-json\/wp\/v2\/product"}],"about":[{"href":"https:\/\/mazzaci.com\/hu\/wp-json\/wp\/v2\/types\/product"}],"wp:featuredmedia":[{"embeddable":true,"href":"https:\/\/mazzaci.com\/hu\/wp-json\/wp\/v2\/media\/27548"}],"wp:attachment":[{"href":"https:\/\/mazzaci.com\/hu\/wp-json\/wp\/v2\/media?parent=27543"}],"wp:term":[{"taxonomy":"product_cat","embeddable":true,"href":"https:\/\/mazzaci.com\/hu\/wp-json\/wp\/v2\/product_cat?post=27543"},{"taxonomy":"product_tag","embeddable":true,"href":"https:\/\/mazzaci.com\/hu\/wp-json\/wp\/v2\/product_tag?post=27543"}],"curies":[{"name":"wp","href":"https:\/\/api.w.org\/{rel}","templated":true}]}}