{"id":33,"date":"2021-02-23T08:59:18","date_gmt":"2021-02-23T08:59:18","guid":{"rendered":"https:\/\/dev.s-mania.si\/wpsi\/?page_id=33"},"modified":"2026-04-14T08:10:54","modified_gmt":"2026-04-14T06:10:54","slug":"homepage","status":"publish","type":"page","link":"https:\/\/mazzaci.com\/hu\/","title":{"rendered":"Homepage"},"content":{"rendered":"<div class=\"mazzaci_home_main_banner\">\t<!-- homer desktop -->\n\t<div class=\"mazzaci_home_banners_desktop\">\n\t\t\t\t\t<a href=\"https:\/\/mazzaci.com\/hu\/termekkategoria\/barnito-termekek\/\">\n\t\t\t\t<img src=\"https:\/\/mazzaci.com\/assets\/img\/banners-promo\/maz-desktop.webp\" \/>\n\t\t\t\t\t\t\t\t\t<div class=\"mazzaci_home_banners-button\">\n\t\t\t\t\t\t<div class=\"banner_btn_custom\" style=\"background-color:#EED91B;color:#1E1F1D;border-radius:10px;font-weight:900\">\n\t\t\t\t\t\t\tShop now\t\t\t\t\t\t<\/div>\n\t\t\t\t\t<\/div>\n\t\t\t\t\t\t\t<\/a>\n\t\t\t<\/div>\n\t<!-- homer mobile -->\n\t<div class=\"mazzaci_home_banners_mobile\">\n\t\t\t\t\t<a href=\"https:\/\/mazzaci.com\/hu\/termekkategoria\/barnito-termekek\/\">\n\t\t\t\t<img src=\"https:\/\/mazzaci.com\/assets\/img\/banners-promo\/maz-mobile.webp\" \/>\n\t\t\t\t\t\t\t\t\t<div class=\"mazzaci_home_banners-button\">\n\t\t\t\t\t\t<div class=\"banner_btn_custom\" style=\"background-color:#EED91B;color:#1E1F1D;border-radius:10px;font-weight:900\">\n\t\t\t\t\t\t\tShop now\t\t\t\t\t\t<\/div>\n\t\t\t\t\t<\/div>\n\t\t\t\t\t\t\t<\/a>\n\t\t\t<\/div>\n<\/div>\n\n\n<div class=\"mazzaci_home_main-title\">Term\u00e9szetes, megfizethet\u0151 \u00e9s b\u0151rbar\u00e1t<\/div>\n\n\n\n<p class=\"has-text-align-center\">A nat\u00farkozmetikumok vezet\u0151 m\u00e1rk\u00e1ja, amely \u00e1polja b\u0151r\u00f6d \u00e9s hajad. 100%-ban term\u00e9szetes, veg\u00e1n \u00e9s \u00e1llatokon nem tesztelt term\u00e9k, m\u00e9reganyagok n\u00e9lk\u00fcl.<\/p>\n\n\n\n<p class=\"mazzaci_home_section_title\">\n<img decoding=\"async\" src=\"..\/assets\/img\/home_title_icons\/hot-right-now.svg\">\n<span>Jelenleg a legaktu\u00e1lisabb<\/span>\n<\/p>\n\n\n<div class=\"woocommerce columns-3 \"><ul class=\"products columns-3\">\n<li class=\"product type-product post-27543 status-publish first instock product_cat-barnito-termekek has-post-thumbnail taxable shipping-taxable purchasable product-type-simple\">\n\t<h2 class=\"woocommerce-loop-product__title\">TanGo barn\u00edt\u00f3 kr\u00e9m<div class=\"st\">Gyors \u00e9s egyenletes barnul\u00e1s<\/div><\/h2><div class=\"custom_info_wrap\"><div class=\"custom_info_wrap-left\"><span data-prodid=\"27543\" class=\"custom_order_now_btn custom_order_now_btn_atc\">Kos\u00e1rba teszem<\/span><\/div><div class=\"custom_info_wrap-right\"><\/div><\/div><\/li>\n<li class=\"product type-product post-27545 status-publish instock product_cat-barnito-termekek has-post-thumbnail taxable shipping-taxable purchasable product-type-simple\">\n\t<h2 class=\"woocommerce-loop-product__title\">TanCare t\u00e1pl\u00e1l\u00f3 kr\u00e9m<div class=\"st\">Veg\u00e1n b\u0151r\u00e1pol\u00f3 megold\u00e1s<\/div><\/h2><div class=\"custom_info_wrap\"><div class=\"custom_info_wrap-left\"><span data-prodid=\"27545\" class=\"custom_order_now_btn custom_order_now_btn_atc\">Kos\u00e1rba teszem<\/span><\/div><div class=\"custom_info_wrap-right\"><\/div><\/div><\/li>\n<li class=\"product type-product post-27547 status-publish last instock product_cat-barnito-termekek has-post-thumbnail taxable shipping-taxable purchasable product-type-simple\">\n\t<h2 class=\"woocommerce-loop-product__title\">TanGo Oil barn\u00edt\u00f3 olaj<div class=\"st\">TanGo kr\u00e9m spray form\u00e1j\u00e1ban<\/div><\/h2><div class=\"custom_info_wrap\"><div class=\"custom_info_wrap-left\"><span data-prodid=\"27547\" class=\"custom_order_now_btn custom_order_now_btn_atc\">Kos\u00e1rba teszem<\/span><\/div><div class=\"custom_info_wrap-right\"><\/div><\/div><\/li>\n<\/ul>\n<\/div>\n\n\n<div class=\"mazzaci_home_values-title\">Mert fontos vagy nek\u00fcnk<\/div>\n\n\n\t<div class=\"mazzaci_home_values\">\n\t\t<div>\n\t\t\t<img src=\"https:\/\/mazzaci.com\/assets\/img\/values\/r_HU.svg?v=4\">\n\t\t\t<div class=\"mazzaci_home_values_item-txt\">Nem tesztelt \u00e1llatokon<\/div>\n\t\t<\/div>\n\t\t<div>\n\t\t\t<img src=\"https:\/\/mazzaci.com\/assets\/img\/values\/l_HU.svg?v=4\">\n\t\t\t<div class=\"mazzaci_home_values_item-txt\">Teljesen term\u00e9szetes<\/div>\n\t\t<\/div>\n\t\t<div>\n\t\t\t<img src=\"https:\/\/mazzaci.com\/assets\/img\/values\/p_HU.svg?v=4\">\n\t\t\t<div class=\"mazzaci_home_values_item-txt\">Csod\u00e1latos illat<\/div>\n\t\t<\/div>\n\t\t<div>\n\t\t\t<img src=\"https:\/\/mazzaci.com\/assets\/img\/values\/eu_HU.svg?v=4\">\n\t\t\t<div class=\"mazzaci_home_values_item-txt\">Az EU-ban k\u00e9sz\u00fclt<\/div>\n\t\t<\/div>\n\t<\/div>\n\n\n\n\n<p class=\"mazzaci_home_section_title\">\n<img decoding=\"async\" src=\"..\/assets\/img\/home_title_icons\/tanning-products.svg\">\n<span>Barn\u00edt\u00f3 term\u00e9kek<\/span>\n<\/p>\n\n\n\n<p style=\"font-size:18px\">Sz\u00e1mos term\u00e9k a term\u00e9szetes barnul\u00e1shoz, minden b\u0151rt\u00edpusra alkalmas. Teljesen term\u00e9szetes, veg\u00e1n \u00f6sszetev\u0151k.<\/p>\n\n\n\t<div class=\"mazzaci_combo\">\n\t\t<div class=\"mazzaci_combo-img\">\n\t\t\t<img src=\"https:\/\/mazzaci.com\/hu\/wp-content\/uploads\/tanning-d.jpg\">\n\t\t<\/div>\n\t\t<div class=\"mazzaci_combo-img-mobile\" style=\"background-image:url('https:\/\/mazzaci.com\/hu\/wp-content\/uploads\/tanning-m.jpg');\">\n\t\t\t<img src=\"https:\/\/mazzaci.com\/hu\/wp-content\/uploads\/tanning-m.jpg\">\n\t\t<\/div>\n\t\t<div class=\"mazzaci_combo-products\">\n\t\t\t<div class=\"woocommerce columns-3 \"><ul class=\"products columns-3\">\n<li class=\"product type-product post-27543 status-publish first instock product_cat-barnito-termekek has-post-thumbnail taxable shipping-taxable purchasable product-type-simple\">\n\t<h2 class=\"woocommerce-loop-product__title\">TanGo barn\u00edt\u00f3 kr\u00e9m<div class=\"st\">Gyors \u00e9s egyenletes barnul\u00e1s<\/div><\/h2><div class=\"custom_info_wrap\"><div class=\"custom_info_wrap-left\"><span data-prodid=\"27543\" class=\"custom_order_now_btn custom_order_now_btn_atc\">Kos\u00e1rba teszem<\/span><\/div><div class=\"custom_info_wrap-right\"><\/div><\/div><\/li>\n<li class=\"product type-product post-27545 status-publish instock product_cat-barnito-termekek has-post-thumbnail taxable shipping-taxable purchasable product-type-simple\">\n\t<h2 class=\"woocommerce-loop-product__title\">TanCare t\u00e1pl\u00e1l\u00f3 kr\u00e9m<div class=\"st\">Veg\u00e1n b\u0151r\u00e1pol\u00f3 megold\u00e1s<\/div><\/h2><div class=\"custom_info_wrap\"><div class=\"custom_info_wrap-left\"><span data-prodid=\"27545\" class=\"custom_order_now_btn custom_order_now_btn_atc\">Kos\u00e1rba teszem<\/span><\/div><div class=\"custom_info_wrap-right\"><\/div><\/div><\/li>\n<li class=\"product type-product post-27547 status-publish last instock product_cat-barnito-termekek has-post-thumbnail taxable shipping-taxable purchasable product-type-simple\">\n\t<h2 class=\"woocommerce-loop-product__title\">TanGo Oil barn\u00edt\u00f3 olaj<div class=\"st\">TanGo kr\u00e9m spray form\u00e1j\u00e1ban<\/div><\/h2><div class=\"custom_info_wrap\"><div class=\"custom_info_wrap-left\"><span data-prodid=\"27547\" class=\"custom_order_now_btn custom_order_now_btn_atc\">Kos\u00e1rba teszem<\/span><\/div><div class=\"custom_info_wrap-right\"><\/div><\/div><\/li>\n<\/ul>\n<\/div>\t\t<\/div>\n\t<\/div>\n\t<!-- View all category products -->\n\t\t\t<div class=\"mazzaci_combo_view_more\">\n\t\t\t<a href=\"https:\/\/mazzaci.com\/hu\/termekkategoria\/barnito-termekek\">\u00d6sszes megtekint\u00e9se <i style=\"margin-left:5px;\" class=\"fas fa-arrow-right\"><\/i><\/a>\n\t\t<\/div>\n\t\n\n\n\r\n    <div class=\"faq_main_div\">\r\n        <div class=\"faq_img_m\">\r\n            <img src=\"https:\/\/mazzaci.com\/assets\/img\/faq_img_m.png\">\r\n        <\/div>\r\n        <div class=\"faq_text_main\">\r\n            <h2>Hogyan seg\u00edthet\u00fcnk?<\/h2>\r\n            <p>Lehet\u0151s\u00e9geinkhez m\u00e9rten szeretn\u00e9nk seg\u00edteni \u00fcgyfeleinknek. A k\u00f6z\u00f6ss\u00e9gi oldalakon mindig k\u00e9rhetsz seg\u00edts\u00e9get, vagy  megtal\u00e1lhatod a v\u00e1laszt a k\u00e9rd\u00e9sedre alul.<\/p>\r\n            <div class=\"faq_links\">\r\n                <a href=\"\/hu\/faq?s=1\">Sz\u00e1ll\u00edt\u00e1s \u00e9s visszat\u00e9r\u00e9s<\/a>\r\n                <a href=\"\/hu\/faq?s=0\">A megrendel\u00e9s nyomon k\u00f6vet\u00e9se<\/a>\r\n                <a href=\"\/hu\/faq\">Gyakran Ism\u00e9telt K\u00e9rd\u00e9sek<\/a>\r\n                <a href=\"\/hu\/hasznalati-utmutato\">Haszn\u00e1lati \u00fatmutat\u00f3<\/a>\r\n            <\/div>\r\n        <\/div>\r\n        <div class=\"faq_img\">\r\n            <img src=\"https:\/\/mazzaci.com\/assets\/img\/faq_img.png\">\r\n        <\/div>\r\n    <\/div>\r\n\r\n    \n\n\n\n\n\n\t<script>\n\t\tvar newsletter_id = '191';\n\t<\/script>\n\t<div class=\"mazzaci_home_newsletter\">\n\t\t<div class=\"mazzaci_home_newsletter_title\">Csatlakozz a k\u00f6z\u00f6ss\u00e9g\u00fcnkh\u00f6z<\/div>\n\t\t<div class=\"mazzaci_home_newsletter_txt\">Szeretn\u00e9l mindig naprak\u00e9sz lenni az \u00f6sszes \u00fajdons\u00e1ggal? Iratkott fel h\u00edrlevel\u00fcnkre, \u00e9s \u00e9lj a sz\u00e1mos nagyszer\u0171 aj\u00e1nlattal!<\/div>\n\t\t<div class=\"mazzaci_home_newsletter_action\">\n\t\t\t<div class=\"mazzaci_home_newsletter_action_input\">\n\t\t\t\t<input id=\"mazzaci_home_newsletter_action_input\" type=\"text\" placeholder=\"Ide \u00edrd be az e-mail c\u00edmed\">\n\t\t\t<\/div>\n\t\t\t<div class=\"mazzaci_home_newsletter_action_submit\">\n\t\t\t\t<span id=\"mazzaci_home_newsletter_action_submit\">Bel\u00e9p\u00e9s<\/span>\n\t\t\t<\/div>\n\t\t<\/div>\n\t<\/div>\n\n","protected":false},"excerpt":{"rendered":"<p>A nat\u00farkozmetikumok vezet\u0151 m\u00e1rk\u00e1ja, amely \u00e1polja b\u0151r\u00f6d \u00e9s hajad. 100%-ban term\u00e9szetes, veg\u00e1n \u00e9s \u00e1llatokon nem tesztelt term\u00e9k, m\u00e9reganyagok n\u00e9lk\u00fcl. Jelenleg a legaktu\u00e1lisabb Barn\u00edt\u00f3 term\u00e9kek Sz\u00e1mos term\u00e9k a term\u00e9szetes barnul\u00e1shoz, minden b\u0151rt\u00edpusra alkalmas. Teljesen term\u00e9szetes, veg\u00e1n \u00f6sszetev\u0151k.<\/p>\n","protected":false},"author":1,"featured_media":0,"parent":0,"menu_order":0,"comment_status":"closed","ping_status":"closed","template":"template-fullwidth.php","meta":[],"tags":[],"acf":[],"_links":{"self":[{"href":"https:\/\/mazzaci.com\/hu\/wp-json\/wp\/v2\/pages\/33"}],"collection":[{"href":"https:\/\/mazzaci.com\/hu\/wp-json\/wp\/v2\/pages"}],"about":[{"href":"https:\/\/mazzaci.com\/hu\/wp-json\/wp\/v2\/types\/page"}],"author":[{"embeddable":true,"href":"https:\/\/mazzaci.com\/hu\/wp-json\/wp\/v2\/users\/1"}],"replies":[{"embeddable":true,"href":"https:\/\/mazzaci.com\/hu\/wp-json\/wp\/v2\/comments?post=33"}],"version-history":[{"count":45,"href":"https:\/\/mazzaci.com\/hu\/wp-json\/wp\/v2\/pages\/33\/revisions"}],"predecessor-version":[{"id":61507,"href":"https:\/\/mazzaci.com\/hu\/wp-json\/wp\/v2\/pages\/33\/revisions\/61507"}],"wp:attachment":[{"href":"https:\/\/mazzaci.com\/hu\/wp-json\/wp\/v2\/media?parent=33"}],"wp:term":[{"taxonomy":"post_tag","embeddable":true,"href":"https:\/\/mazzaci.com\/hu\/wp-json\/wp\/v2\/tags?post=33"}],"curies":[{"name":"wp","href":"https:\/\/api.w.org\/{rel}","templated":true}]}}