{"id":28894,"date":"2022-06-07T06:39:35","date_gmt":"2022-06-07T04:39:35","guid":{"rendered":"https:\/\/mazzaci.com\/hu\/?page_id=28894"},"modified":"2023-01-18T10:23:37","modified_gmt":"2023-01-18T09:23:37","slug":"faq","status":"publish","type":"page","link":"https:\/\/mazzaci.com\/hu\/faq\/","title":{"rendered":"Gyakran ism\u00e9telt k\u00e9rd\u00e9sek"},"content":{"rendered":"\n<div class=\"wp-block-pb-accordion-item c-accordion__item js-accordion-item no-js is-open\" data-initially-open=\"true\" data-click-to-close=\"false\" data-auto-close=\"false\" data-scroll=\"false\" data-scroll-offset=\"0\"><h2 id=\"at-2889411\" class=\"c-accordion__title js-accordion-controller\" role=\"button\">A megrendel\u00e9s nyomon k\u00f6vet\u00e9se<\/h2><div id=\"ac-2889411\" class=\"c-accordion__content\">\n<p>A megrendel\u00e9s nyomon k\u00f6vet\u00e9si sz\u00e1ma abban az e-mailben tal\u00e1lhat\u00f3, amelyet a megrendel\u00e9s kisz\u00e1ll\u00edt\u00e1sakor k\u00fcldt\u00fcnk.<\/p>\n\n\n\n<p>A becs\u00fclt sz\u00e1ll\u00edt\u00e1si id\u0151 megtekint\u00e9s\u00e9hez \u00edrd be a rendel\u00e9s nyomon k\u00f6vet\u00e9si sz\u00e1m\u00e1t az al\u00e1bbi mez\u0151be.<\/p>\n\n\n\n<!--Tracking number input box.-->\n<input type=\"text\" id=\"YQNum\" maxlength=\"50\">\n<!--The button is used to call script method.-->\n<input class=\"trackingbutton\" type=\"button\" value=\"Keres\u00e9s\" onclick=\"doTrack()\">\n<!--Container to display the tracking result.-->\n<div id=\"YQContainer\"><\/div>\n\n<!--Script code can be put in the bottom of the page, wait until the page is loaded then execute.-->\n<script type=\"text\/javascript\" src=\"\/\/www.17track.net\/externalcall.js\"><\/script>\n<script type=\"text\/javascript\">\nfunction doTrack() {\n    var num = document.getElementById(\"YQNum\").value;\n    if(num===\"\"){\n        alert(\"Enter your number.\"); \n        return;\n    }\n    YQV5.trackSingle({\n        \/\/Required, Specify the container ID of the carrier content.\n        YQ_ContainerId:\"YQContainer\",\n        \/\/Optional, specify tracking result height, max height 800px, default is 560px.\n        YQ_Height:560,\n        \/\/Optional, select carrier, default to auto identify.\n        YQ_Fc:\"100265\",\n        \/\/Optional, specify UI language, default language is automatically detected based on the browser settings.\n        YQ_Lang:\"hu\",\n        \/\/Required, specify the number needed to be tracked.\n        YQ_Num:num\n    });\n}\n<\/script>\n<\/div><\/div>\n\n\n\t\r\n\t<script>\r\n\r\n\t\t$(document).ready(function(){\r\n\r\n\t\t\tif($('.dfvu_docs')[0]) {\r\n\r\n\t\t\t\tlet url = 'https:\/\/s-mania.com\/landings-v1\/modules\/documents\/faq\/get_faq_data.php?country=HU&source=store';\r\n\t\t\t\t$('.dfvu_docs').load(url).hide().fadeIn();\r\n\r\n\t\t\t}\r\n\r\n\t\t});\r\n\r\n\t<\/script>\r\n\r\n\t<div class=\"dfvu_docs dfvu_docs_faq\"><\/div>\n\n\n    <script>\r\n        $(document).ready(function(){\r\n            $( \".entry-content > .c-accordion__item >.c-accordion__title \" ).each(function( index ) {\r\n                let text = $( this ).text();\r\n                let id = $( this ).attr('id');\r\n                $(\"#faqShortcuts\").append(`<div class=\"faqShortcut\" data-jump=\"#${id}\">${text}<\/div>`);\r\n            });\r\n            $('#content').on('click', '.faqShortcut', function() {\r\n                $([document.documentElement, document.body]).animate({\r\n                    scrollTop: $($( this ).data(\"jump\")).offset().top - 100\r\n                }, 1000);\r\n            });\r\n            $( \"#overSeasForm\" ).submit(function( event ) {\r\n                event.preventDefault();\r\n                let trackingCountry = \"HU\";\r\n                let trackingUrl = 'https:\/\/is.overseas.hr\/tracking\/?trackingid=';\r\n                if(trackingCountry === \"RO\"){\r\n                    trackingUrl = \"https:\/\/www.fancourier.ro\/awb-tracking\/?metoda=tracking&bar_size=x&limba=romana&awb=\";\r\n                }else if(trackingCountry === \"BG\"){\r\n                    trackingUrl = \"https:\/\/services.dpd.gr\/tracking\/?language=en&shipmentNumber=\";\r\n                }else if(trackingCountry === \"GR\"){\r\n                    trackingUrl = \"https:\/\/services.dpd.gr\/tracking\/?language=gr&shipmentNumber=\";\r\n                }\r\n\r\n                window.open( trackingUrl + $(\"#trackingNum\").val(),'_blank' );\r\n            });\r\n                    });\r\n\r\n    <\/script>\r\n    <style>\r\n        @media only screen and (min-width: 768px) {\r\n            \/* .entry-title{\r\n                display: none;\r\n            } *\/\r\n        }\r\n    <\/style>\r\n\r\n\r\n    \n","protected":false},"excerpt":{"rendered":"","protected":false},"author":1,"featured_media":0,"parent":0,"menu_order":0,"comment_status":"closed","ping_status":"closed","template":"","meta":[],"tags":[2200],"acf":[],"_links":{"self":[{"href":"https:\/\/mazzaci.com\/hu\/wp-json\/wp\/v2\/pages\/28894"}],"collection":[{"href":"https:\/\/mazzaci.com\/hu\/wp-json\/wp\/v2\/pages"}],"about":[{"href":"https:\/\/mazzaci.com\/hu\/wp-json\/wp\/v2\/types\/page"}],"author":[{"embeddable":true,"href":"https:\/\/mazzaci.com\/hu\/wp-json\/wp\/v2\/users\/1"}],"replies":[{"embeddable":true,"href":"https:\/\/mazzaci.com\/hu\/wp-json\/wp\/v2\/comments?post=28894"}],"version-history":[{"count":10,"href":"https:\/\/mazzaci.com\/hu\/wp-json\/wp\/v2\/pages\/28894\/revisions"}],"predecessor-version":[{"id":30272,"href":"https:\/\/mazzaci.com\/hu\/wp-json\/wp\/v2\/pages\/28894\/revisions\/30272"}],"wp:attachment":[{"href":"https:\/\/mazzaci.com\/hu\/wp-json\/wp\/v2\/media?parent=28894"}],"wp:term":[{"taxonomy":"post_tag","embeddable":true,"href":"https:\/\/mazzaci.com\/hu\/wp-json\/wp\/v2\/tags?post=28894"}],"curies":[{"name":"wp","href":"https:\/\/api.w.org\/{rel}","templated":true}]}}