{"id":28301,"date":"2022-05-09T13:47:38","date_gmt":"2022-05-09T11:47:38","guid":{"rendered":"https:\/\/mazzaci.com\/hu\/?page_id=28301"},"modified":"2022-05-09T13:47:38","modified_gmt":"2022-05-09T11:47:38","slug":"nagykereskedelem","status":"publish","type":"page","link":"https:\/\/mazzaci.com\/hu\/nagykereskedelem\/","title":{"rendered":"Nagykereskedelem"},"content":{"rendered":"\n<p>Csapatunk arra t\u00f6rekszik, hogy a legjobb \u00e1rakat k\u00edn\u00e1lja a min\u0151s\u00e9gi term\u00e9keink\u00e9rt. Elk\u00f6telezett szakemberekb\u0151l \u00e1ll\u00f3 csapatot, a legjobb min\u0151s\u00e9g\u0171 term\u00e9keket \u00e9s marketing anyagokat k\u00edn\u00e1lunk az \u00fczletfejleszt\u00e9shez a te orsz\u00e1godban.<\/p>\n\n\n\n<figure class=\"is-layout-flex wp-block-gallery-1 wp-block-gallery aligncenter has-nested-images columns-default is-cropped\">\n<figure class=\"wp-block-image size-large\"><img decoding=\"async\" loading=\"lazy\" width=\"900\" height=\"1125\" data-id=\"27779\"  src=\"https:\/\/mazzaci.com\/hu\/wp-content\/uploads\/candybomb-2.jpg\" alt=\"\" class=\"wp-image-27779\" srcset=\"https:\/\/mazzaci.com\/hu\/wp-content\/uploads\/candybomb-2.jpg 900w, https:\/\/mazzaci.com\/hu\/wp-content\/uploads\/candybomb-2-240x300.jpg 240w, https:\/\/mazzaci.com\/hu\/wp-content\/uploads\/candybomb-2-819x1024.jpg 819w, https:\/\/mazzaci.com\/hu\/wp-content\/uploads\/candybomb-2-768x960.jpg 768w, https:\/\/mazzaci.com\/hu\/wp-content\/uploads\/candybomb-2-416x520.jpg 416w\" sizes=\"(max-width: 900px) 100vw, 900px\" \/><\/figure>\n\n\n\n<figure class=\"wp-block-image size-large\"><img decoding=\"async\" loading=\"lazy\" width=\"900\" height=\"1125\" data-id=\"27685\"  src=\"https:\/\/mazzaci.com\/hu\/wp-content\/uploads\/gocurls-nika-kar-2.webp\" alt=\"\" class=\"wp-image-27685\" srcset=\"https:\/\/mazzaci.com\/hu\/wp-content\/uploads\/gocurls-nika-kar-2.webp 900w, https:\/\/mazzaci.com\/hu\/wp-content\/uploads\/gocurls-nika-kar-2-240x300.webp 240w, https:\/\/mazzaci.com\/hu\/wp-content\/uploads\/gocurls-nika-kar-2-819x1024.webp 819w, https:\/\/mazzaci.com\/hu\/wp-content\/uploads\/gocurls-nika-kar-2-768x960.webp 768w, https:\/\/mazzaci.com\/hu\/wp-content\/uploads\/gocurls-nika-kar-2-416x520.webp 416w\" sizes=\"(max-width: 900px) 100vw, 900px\" \/><\/figure>\n\n\n\n<figure class=\"wp-block-image size-large\"><img decoding=\"async\" loading=\"lazy\" width=\"1000\" height=\"1250\" data-id=\"27559\"  src=\"https:\/\/mazzaci.com\/hu\/wp-content\/uploads\/tanquick-3.jpg\" alt=\"\" class=\"wp-image-27559\" srcset=\"https:\/\/mazzaci.com\/hu\/wp-content\/uploads\/tanquick-3.jpg 1000w, https:\/\/mazzaci.com\/hu\/wp-content\/uploads\/tanquick-3-240x300.jpg 240w, https:\/\/mazzaci.com\/hu\/wp-content\/uploads\/tanquick-3-819x1024.jpg 819w, https:\/\/mazzaci.com\/hu\/wp-content\/uploads\/tanquick-3-768x960.jpg 768w, https:\/\/mazzaci.com\/hu\/wp-content\/uploads\/tanquick-3-416x520.jpg 416w\" sizes=\"(max-width: 1000px) 100vw, 1000px\" \/><\/figure>\n<\/figure>\n\n\n\n","protected":false},"excerpt":{"rendered":"<p>Csapatunk arra t\u00f6rekszik, hogy a legjobb \u00e1rakat k\u00edn\u00e1lja a min\u0151s\u00e9gi term\u00e9keink\u00e9rt. Elk\u00f6telezett szakemberekb\u0151l \u00e1ll\u00f3 csapatot, a legjobb min\u0151s\u00e9g\u0171 term\u00e9keket \u00e9s marketing anyagokat k\u00edn\u00e1lunk az \u00fczletfejleszt\u00e9shez a te orsz\u00e1godban.<\/p>\n","protected":false},"author":1,"featured_media":0,"parent":0,"menu_order":0,"comment_status":"closed","ping_status":"closed","template":"","meta":[],"tags":[2205,2200],"acf":[],"_links":{"self":[{"href":"https:\/\/mazzaci.com\/hu\/wp-json\/wp\/v2\/pages\/28301"}],"collection":[{"href":"https:\/\/mazzaci.com\/hu\/wp-json\/wp\/v2\/pages"}],"about":[{"href":"https:\/\/mazzaci.com\/hu\/wp-json\/wp\/v2\/types\/page"}],"author":[{"embeddable":true,"href":"https:\/\/mazzaci.com\/hu\/wp-json\/wp\/v2\/users\/1"}],"replies":[{"embeddable":true,"href":"https:\/\/mazzaci.com\/hu\/wp-json\/wp\/v2\/comments?post=28301"}],"version-history":[{"count":1,"href":"https:\/\/mazzaci.com\/hu\/wp-json\/wp\/v2\/pages\/28301\/revisions"}],"predecessor-version":[{"id":28302,"href":"https:\/\/mazzaci.com\/hu\/wp-json\/wp\/v2\/pages\/28301\/revisions\/28302"}],"wp:attachment":[{"href":"https:\/\/mazzaci.com\/hu\/wp-json\/wp\/v2\/media?parent=28301"}],"wp:term":[{"taxonomy":"post_tag","embeddable":true,"href":"https:\/\/mazzaci.com\/hu\/wp-json\/wp\/v2\/tags?post=28301"}],"curies":[{"name":"wp","href":"https:\/\/api.w.org\/{rel}","templated":true}]}}