{"id":1863,"date":"2021-06-02T12:17:27","date_gmt":"2021-06-02T10:17:27","guid":{"rendered":"https:\/\/s-mania.si\/?page_id=1863"},"modified":"2022-02-02T09:21:31","modified_gmt":"2022-02-02T08:21:31","slug":"lepj-velunk-kapcsolatba","status":"publish","type":"page","link":"https:\/\/mazzaci.com\/hu\/lepj-velunk-kapcsolatba\/","title":{"rendered":"L\u00e9pj vel\u00fcnk kapcsolatba"},"content":{"rendered":"    \r\n    <div class=\"dfvu_custom_contact_form\">\r\n\r\n        <div class=\"dfvu_custom_contact_form_text\">\r\n\r\n        Itt vagyunk, hogy seg\u00edts\u00fcnk a nap 24 \u00f3r\u00e1j\u00e1ban. Ha k\u00e9rd\u00e9sed van, fordulj hozz\u00e1nk \u00e9s a lehet\u0151 leghamarabb v\u00e1laszolni fogunk.\r\n        <\/div>\r\n\r\n        <div class=\"dfvu_custom_contact_form_form\">\r\n            \r\n            <div class=\"dfvu_custom_contact_form_row\">\r\n\r\n                <div class=\"dfvu_custom_contact_form_row_item\"><label>E-mail c\u00edm <i class=\"dfvu_custom_contact_form_required fas fa-asterisk fa-sm\"><\/i><\/label><input name=\"dfvu_custom_form_field_email\" type=\"text\"><\/div>\r\n                <div class=\"dfvu_custom_contact_form_row_item\"><label>Telefonsz\u00e1m<\/label><input name=\"dfvu_custom_form_field_phone\" placeholder=\"Nemzetk\u00f6zi h\u00edv\u00f3sz\u00e1m hozz\u00e1ad\u00e1sa, pl. +36\" type=\"text\"><\/div>\r\n\r\n            <\/div>\r\n\r\n            <div class=\"dfvu_custom_contact_form_row\">\r\n\r\n                <div class=\"dfvu_custom_contact_form_row_item\"><label>N\u00e9v \u00e9s vezet\u00e9kn\u00e9v <i class=\"dfvu_custom_contact_form_required fas fa-asterisk fa-sm\"><\/i><\/label><input name=\"dfvu_custom_form_field_name\" type=\"text\"><\/div>\r\n                <div class=\"dfvu_custom_contact_form_row_item\"><label>T\u00e1rgy<\/label><input name=\"dfvu_custom_form_field_subject\" type=\"text\"><\/div>\r\n\r\n            <\/div>\r\n            \r\n            <div class=\"dfvu_custom_contact_form_single\">\r\n                \r\n                <div class=\"dfvu_custom_contact_form_row_item\"><label>\u00dczenet <i class=\"dfvu_custom_contact_form_required fas fa-asterisk fa-sm\"><\/i><\/label><textarea name=\"dfvu_custom_form_field_message\"><\/textarea><\/div>\r\n                \r\n            <\/div>\r\n            \r\n            \r\n            \r\n            <!-- Captcha -->\r\n            <input type=\"hidden\" name=\"dfvu_custom_form_field_token\" id=\"token\" \/>\r\n            <input type=\"hidden\" name=\"dfvu_custom_form_field_action\" id=\"action\"\/>\r\n\r\n        <\/div>\r\n\r\n        \r\n        <div class=\"dfvu_custom_contact_form_info\">\r\n\r\n            <i class=\"dfvu_custom_contact_form_required fas fa-asterisk fa-xs\"><\/i> - Ez a mez\u0151 k\u00f6telez\u0151\r\n        <\/div>\r\n\r\n        <div class=\"dfvu_custom_contact_form_submit\">\r\n\r\n            <span>\u00dczenet elk\u00fcld\u00e9se<\/span>\r\n\r\n        <\/div>\r\n\r\n        <div class=\"dfvu_custom_contact_form_contact_info\">\r\n            DFVU d.o.o.\r\n            <br>\r\n            Liparjeva 6a\r\n            <br>\r\n            1234 Menge\u0161\r\n            <br>\r\n            Slovenia\r\n            <br>\r\n            <a href=\"mailto:hu@mazzaci.com\">hu@mazzaci.com<\/a>\r\n        <\/div>\r\n\r\n    <\/div>\r\n    \r\n    \n","protected":false},"excerpt":{"rendered":"","protected":false},"author":1,"featured_media":0,"parent":0,"menu_order":0,"comment_status":"closed","ping_status":"closed","template":"","meta":[],"tags":[2200],"acf":[],"_links":{"self":[{"href":"https:\/\/mazzaci.com\/hu\/wp-json\/wp\/v2\/pages\/1863"}],"collection":[{"href":"https:\/\/mazzaci.com\/hu\/wp-json\/wp\/v2\/pages"}],"about":[{"href":"https:\/\/mazzaci.com\/hu\/wp-json\/wp\/v2\/types\/page"}],"author":[{"embeddable":true,"href":"https:\/\/mazzaci.com\/hu\/wp-json\/wp\/v2\/users\/1"}],"replies":[{"embeddable":true,"href":"https:\/\/mazzaci.com\/hu\/wp-json\/wp\/v2\/comments?post=1863"}],"version-history":[{"count":2,"href":"https:\/\/mazzaci.com\/hu\/wp-json\/wp\/v2\/pages\/1863\/revisions"}],"predecessor-version":[{"id":27663,"href":"https:\/\/mazzaci.com\/hu\/wp-json\/wp\/v2\/pages\/1863\/revisions\/27663"}],"wp:attachment":[{"href":"https:\/\/mazzaci.com\/hu\/wp-json\/wp\/v2\/media?parent=1863"}],"wp:term":[{"taxonomy":"post_tag","embeddable":true,"href":"https:\/\/mazzaci.com\/hu\/wp-json\/wp\/v2\/tags?post=1863"}],"curies":[{"name":"wp","href":"https:\/\/api.w.org\/{rel}","templated":true}]}}