{"id":33,"date":"2021-02-23T08:59:18","date_gmt":"2021-02-23T08:59:18","guid":{"rendered":"https:\/\/dev.s-mania.si\/wpsi\/?page_id=33"},"modified":"2026-04-14T08:10:31","modified_gmt":"2026-04-14T06:10:31","slug":"homepage","status":"publish","type":"page","link":"https:\/\/mazzaci.com\/hr\/","title":{"rendered":"Homepage"},"content":{"rendered":"<div class=\"mazzaci_home_main_banner\">\t<!-- homer desktop -->\n\t<div class=\"mazzaci_home_banners_desktop\">\n\t\t\t\t\t<a href=\"\/hr\/gocurls\/\">\n\t\t\t\t<img src=\"https:\/\/mazzaci.com\/hr\/wp-content\/uploads\/banner_desktop.jpg\" \/>\n\t\t\t\t\t\t\t\t\t<div class=\"mazzaci_home_banners-button\">\n\t\t\t\t\t\t<div class=\"banner_btn_custom\" style=\"background-color:#9E214F;color:#f5f5f5;border-radius:10px;font-weight:900\">\n\t\t\t\t\t\t\tKupi sada\t\t\t\t\t\t<\/div>\n\t\t\t\t\t<\/div>\n\t\t\t\t\t\t\t<\/a>\n\t\t\t<\/div>\n\t<!-- homer mobile -->\n\t<div class=\"mazzaci_home_banners_mobile\">\n\t\t\t\t\t<a href=\"\/hr\/gocurls\/\">\n\t\t\t\t<img src=\"https:\/\/mazzaci.com\/hr\/wp-content\/uploads\/banner_mobile.jpg\" \/>\n\t\t\t\t\t\t\t\t\t<div class=\"mazzaci_home_banners-button\">\n\t\t\t\t\t\t<div class=\"banner_btn_custom\" style=\"background-color:#9E214F;color:#f5f5f5;border-radius:10px;font-weight:900\">\n\t\t\t\t\t\t\tKupi sada\t\t\t\t\t\t<\/div>\n\t\t\t\t\t<\/div>\n\t\t\t\t\t\t\t<\/a>\n\t\t\t<\/div>\n<\/div>\n\n\n<div class=\"mazzaci_home_main-title\">Prirodno, nje\u017eno i ugodno za ko\u017eu<\/div>\n\n\n\n<p class=\"has-text-align-center\">Vode\u0107i brend prirodne kozmetike koji brine o tvojoj ko\u017ei i kosi. 100% prirodni, netoksi\u010dni i veganski proizvodi koji nisu testirani na \u017eivotinjama.<\/p>\n\n\n\n<p class=\"mazzaci_home_section_title\">\n<img decoding=\"async\" src=\"..\/assets\/img\/home_title_icons\/hot-right-now.svg\">\n<span>Trenutno jako popularno<\/span>\n<\/p>\n\n\n<div class=\"woocommerce columns-3 \"><ul class=\"products columns-3\">\n<li class=\"product type-product post-28005 status-publish first instock product_cat-proizvodi-za-tamnjenje has-post-thumbnail taxable shipping-taxable purchasable product-type-simple\">\n\t<h2 class=\"woocommerce-loop-product__title\">TanGo krema za tamnjenje<div class=\"st\">Br\u017ee i ravnomjernije tamnjenje<\/div><\/h2><div class=\"custom_info_wrap\"><div class=\"custom_info_wrap-left\"><span data-prodid=\"28005\" class=\"custom_order_now_btn custom_order_now_btn_atc\">Dodaj u ko\u0161aricu<\/span><\/div><div class=\"custom_info_wrap-right\"><\/div><\/div><\/li>\n<li class=\"product type-product post-28009 status-publish instock product_cat-proizvodi-za-tamnjenje has-post-thumbnail taxable shipping-taxable purchasable product-type-simple\">\n\t<h2 class=\"woocommerce-loop-product__title\">TanGo Oil sprej za tamnjenje<div class=\"st\">TanGo krema u obliku spreja<\/div><\/h2><div class=\"custom_info_wrap\"><div class=\"custom_info_wrap-left\"><span data-prodid=\"28009\" class=\"custom_order_now_btn custom_order_now_btn_atc\">Dodaj u ko\u0161aricu<\/span><\/div><div class=\"custom_info_wrap-right\"><\/div><\/div><\/li>\n<\/ul>\n<\/div>\n\n\n<div class=\"mazzaci_home_values-title\">Zato \u0161to brinemo<\/div>\n\n\n\t<div class=\"mazzaci_home_values\">\n\t\t<div>\n\t\t\t<img src=\"https:\/\/mazzaci.com\/assets\/img\/values\/r_HR.svg?v=4\">\n\t\t\t<div class=\"mazzaci_home_values_item-txt\">Nije testirano na \u017eivotinjama<\/div>\n\t\t<\/div>\n\t\t<div>\n\t\t\t<img src=\"https:\/\/mazzaci.com\/assets\/img\/values\/l_HR.svg?v=4\">\n\t\t\t<div class=\"mazzaci_home_values_item-txt\">Potpuno prirodno<\/div>\n\t\t<\/div>\n\t\t<div>\n\t\t\t<img src=\"https:\/\/mazzaci.com\/assets\/img\/values\/p_HR.svg?v=4\">\n\t\t\t<div class=\"mazzaci_home_values_item-txt\">Predivan miris<\/div>\n\t\t<\/div>\n\t\t<div>\n\t\t\t<img src=\"https:\/\/mazzaci.com\/assets\/img\/values\/eu_HR.svg?v=4\">\n\t\t\t<div class=\"mazzaci_home_values_item-txt\">Proizvedeno u EU<\/div>\n\t\t<\/div>\n\t<\/div>\n\n\n\n\n<p class=\"mazzaci_home_section_title\">\n<img decoding=\"async\" src=\"..\/assets\/img\/home_title_icons\/tanning-products.svg\">\n<span>Proizvodi za tamnjenje<\/span>\n<\/p>\n\n\n\n<p style=\"font-size:18px\">Razli\u010diti proizvodi za prirodan preplanuli izgled, pogodni za sve tipove ko\u017ee. Potpuno prirodni sastojci prilago\u0111eni veganima.<\/p>\n\n\n\t<div class=\"mazzaci_combo\">\n\t\t<div class=\"mazzaci_combo-img\">\n\t\t\t<img src=\"https:\/\/mazzaci.com\/hr\/wp-content\/uploads\/tanning-d.jpg\">\n\t\t<\/div>\n\t\t<div class=\"mazzaci_combo-img-mobile\" style=\"background-image:url('https:\/\/mazzaci.com\/hr\/wp-content\/uploads\/tanning-m.jpg');\">\n\t\t\t<img src=\"https:\/\/mazzaci.com\/hr\/wp-content\/uploads\/tanning-m.jpg\">\n\t\t<\/div>\n\t\t<div class=\"mazzaci_combo-products\">\n\t\t\t<div class=\"woocommerce columns-3 \"><ul class=\"products columns-3\">\n<li class=\"product type-product post-28005 status-publish first instock product_cat-proizvodi-za-tamnjenje has-post-thumbnail taxable shipping-taxable purchasable product-type-simple\">\n\t<h2 class=\"woocommerce-loop-product__title\">TanGo krema za tamnjenje<div class=\"st\">Br\u017ee i ravnomjernije tamnjenje<\/div><\/h2><div class=\"custom_info_wrap\"><div class=\"custom_info_wrap-left\"><span data-prodid=\"28005\" class=\"custom_order_now_btn custom_order_now_btn_atc\">Dodaj u ko\u0161aricu<\/span><\/div><div class=\"custom_info_wrap-right\"><\/div><\/div><\/li>\n<li class=\"product type-product post-28009 status-publish instock product_cat-proizvodi-za-tamnjenje has-post-thumbnail taxable shipping-taxable purchasable product-type-simple\">\n\t<h2 class=\"woocommerce-loop-product__title\">TanGo Oil sprej za tamnjenje<div class=\"st\">TanGo krema u obliku spreja<\/div><\/h2><div class=\"custom_info_wrap\"><div class=\"custom_info_wrap-left\"><span data-prodid=\"28009\" class=\"custom_order_now_btn custom_order_now_btn_atc\">Dodaj u ko\u0161aricu<\/span><\/div><div class=\"custom_info_wrap-right\"><\/div><\/div><\/li>\n<\/ul>\n<\/div>\t\t<\/div>\n\t<\/div>\n\t<!-- View all category products -->\n\t\t\t<div class=\"mazzaci_combo_view_more\">\n\t\t\t<a href=\"https:\/\/mazzaci.com\/hr\/kategorija-proizvoda\/proizvodi-za-tamnjenje\">Prika\u017ei sve <i style=\"margin-left:5px;\" class=\"fas fa-arrow-right\"><\/i><\/a>\n\t\t<\/div>\n\t\n\n\n\r\n    <div class=\"faq_main_div\">\r\n        <div class=\"faq_img_m\">\r\n            <img src=\"https:\/\/mazzaci.com\/assets\/img\/faq_img_m.png\">\r\n        <\/div>\r\n        <div class=\"faq_text_main\">\r\n            <h2>Kako mo\u017eemo pomo\u0107i?<\/h2>\r\n            <p>\u017delimo pomo\u0107i svojim kupcima najbolje \u0161to mo\u017eemo. Podr\u0161ku uvijek mo\u017eete potra\u017eiti na na\u0161im dru\u0161tvenim mre\u017eama ili mo\u017eete u nastavku prona\u0107i odgovor na svoja pitanja.<\/p>\r\n            <div class=\"faq_links\">\r\n                <a href=\"\/hr\/faq?s=1\">Dostava I povrat<\/a>\r\n                <a href=\"\/hr\/faq?s=0\">Pra\u0107enje narud\u017ebe<\/a>\r\n                <a href=\"\/hr\/faq\">\u010cesto postavljana pitanja<\/a>\r\n                <a href=\"\/hr\/upute-za-koristenje\">Upute za kori\u0161tenje<\/a>\r\n            <\/div>\r\n        <\/div>\r\n        <div class=\"faq_img\">\r\n            <img src=\"https:\/\/mazzaci.com\/assets\/img\/faq_img.png\">\r\n        <\/div>\r\n    <\/div>\r\n\r\n    \n\n\n\n\n\n\t<script>\n\t\tvar newsletter_id = '186';\n\t<\/script>\n\t<div class=\"mazzaci_home_newsletter\">\n\t\t<div class=\"mazzaci_home_newsletter_title\">Pridru\u017ei se na\u0161oj zajednici<\/div>\n\t\t<div class=\"mazzaci_home_newsletter_txt\">\u017deli\u0161 li biti u toku sa svim novostima? Prijavi se na na\u0161 newsletter i iskoristi sjajne ponude za u\u0161tedu!<\/div>\n\t\t<div class=\"mazzaci_home_newsletter_action\">\n\t\t\t<div class=\"mazzaci_home_newsletter_action_input\">\n\t\t\t\t<input id=\"mazzaci_home_newsletter_action_input\" type=\"text\" placeholder=\"Ovdje unesi svoju e-mail adresu\">\n\t\t\t<\/div>\n\t\t\t<div class=\"mazzaci_home_newsletter_action_submit\">\n\t\t\t\t<span id=\"mazzaci_home_newsletter_action_submit\">Prijava<\/span>\n\t\t\t<\/div>\n\t\t<\/div>\n\t<\/div>\n\n","protected":false},"excerpt":{"rendered":"<p>Vode\u0107i brend prirodne kozmetike koji brine o tvojoj ko\u017ei i kosi. 100% prirodni, netoksi\u010dni i veganski proizvodi koji nisu testirani na \u017eivotinjama. Trenutno jako popularno Proizvodi za tamnjenje Razli\u010diti proizvodi za prirodan preplanuli izgled, pogodni za sve tipove ko\u017ee. Potpuno prirodni sastojci prilago\u0111eni veganima.<\/p>\n","protected":false},"author":1,"featured_media":0,"parent":0,"menu_order":0,"comment_status":"closed","ping_status":"closed","template":"template-fullwidth.php","meta":[],"tags":[],"acf":[],"_links":{"self":[{"href":"https:\/\/mazzaci.com\/hr\/wp-json\/wp\/v2\/pages\/33"}],"collection":[{"href":"https:\/\/mazzaci.com\/hr\/wp-json\/wp\/v2\/pages"}],"about":[{"href":"https:\/\/mazzaci.com\/hr\/wp-json\/wp\/v2\/types\/page"}],"author":[{"embeddable":true,"href":"https:\/\/mazzaci.com\/hr\/wp-json\/wp\/v2\/users\/1"}],"replies":[{"embeddable":true,"href":"https:\/\/mazzaci.com\/hr\/wp-json\/wp\/v2\/comments?post=33"}],"version-history":[{"count":42,"href":"https:\/\/mazzaci.com\/hr\/wp-json\/wp\/v2\/pages\/33\/revisions"}],"predecessor-version":[{"id":83836,"href":"https:\/\/mazzaci.com\/hr\/wp-json\/wp\/v2\/pages\/33\/revisions\/83836"}],"wp:attachment":[{"href":"https:\/\/mazzaci.com\/hr\/wp-json\/wp\/v2\/media?parent=33"}],"wp:term":[{"taxonomy":"post_tag","embeddable":true,"href":"https:\/\/mazzaci.com\/hr\/wp-json\/wp\/v2\/tags?post=33"}],"curies":[{"name":"wp","href":"https:\/\/api.w.org\/{rel}","templated":true}]}}