{"id":28452,"date":"2022-06-07T08:25:51","date_gmt":"2022-06-07T06:25:51","guid":{"rendered":"https:\/\/mazzaci.com\/hr\/?page_id=28452"},"modified":"2023-01-18T10:23:36","modified_gmt":"2023-01-18T09:23:36","slug":"faq","status":"publish","type":"page","link":"https:\/\/mazzaci.com\/hr\/faq\/","title":{"rendered":"\u010cesto postavljana pitanja"},"content":{"rendered":"\n<div class=\"wp-block-pb-accordion-item c-accordion__item js-accordion-item no-js is-open\" data-initially-open=\"true\" data-click-to-close=\"false\" data-auto-close=\"false\" data-scroll=\"false\" data-scroll-offset=\"0\"><h2 id=\"at-2845212\" class=\"c-accordion__title js-accordion-controller\" role=\"button\">Pra\u0107enje narud\u017ebe<\/h2><div id=\"ac-2845212\" class=\"c-accordion__content\">\n<p>Broj za pra\u0107enje narud\u017ebe se nalazi u e-mailu koji smo vam poslali kada je va\u0161a narud\u017eba otpremljena.<\/p>\n\n\n\n<p>Unesite svoj broj za pra\u0107enje narud\u017ebe u okvir ispod kako biste vidjeli procijenjeno vrijeme isporuke.<\/p>\n\n\n\n<form id=\"overSeasForm\">\n  <input type=\"text\" id=\"trackingNum\" name=\"trackingNum\" placeholder=\"Broj za pra\u0107enje\">\n  <input type=\"submit\" value=\"Pretra\u017ei\" class=\"trackingSubmit\">\n<\/form>\n<\/div><\/div>\n\n\n\t\r\n\t<script>\r\n\r\n\t\t$(document).ready(function(){\r\n\r\n\t\t\tif($('.dfvu_docs')[0]) {\r\n\r\n\t\t\t\tlet url = 'https:\/\/s-mania.com\/landings-v1\/modules\/documents\/faq\/get_faq_data.php?country=HR&source=store';\r\n\t\t\t\t$('.dfvu_docs').load(url).hide().fadeIn();\r\n\r\n\t\t\t}\r\n\r\n\t\t});\r\n\r\n\t<\/script>\r\n\r\n\t<div class=\"dfvu_docs dfvu_docs_faq\"><\/div>\n\n\n    <script>\r\n        $(document).ready(function(){\r\n            $( \".entry-content > .c-accordion__item >.c-accordion__title \" ).each(function( index ) {\r\n                let text = $( this ).text();\r\n                let id = $( this ).attr('id');\r\n                $(\"#faqShortcuts\").append(`<div class=\"faqShortcut\" data-jump=\"#${id}\">${text}<\/div>`);\r\n            });\r\n            $('#content').on('click', '.faqShortcut', function() {\r\n                $([document.documentElement, document.body]).animate({\r\n                    scrollTop: $($( this ).data(\"jump\")).offset().top - 100\r\n                }, 1000);\r\n            });\r\n            $( \"#overSeasForm\" ).submit(function( event ) {\r\n                event.preventDefault();\r\n                let trackingCountry = \"HR\";\r\n                let trackingUrl = 'https:\/\/is.overseas.hr\/tracking\/?trackingid=';\r\n                if(trackingCountry === \"RO\"){\r\n                    trackingUrl = \"https:\/\/www.fancourier.ro\/awb-tracking\/?metoda=tracking&bar_size=x&limba=romana&awb=\";\r\n                }else if(trackingCountry === \"BG\"){\r\n                    trackingUrl = \"https:\/\/services.dpd.gr\/tracking\/?language=en&shipmentNumber=\";\r\n                }else if(trackingCountry === \"GR\"){\r\n                    trackingUrl = \"https:\/\/services.dpd.gr\/tracking\/?language=gr&shipmentNumber=\";\r\n                }\r\n\r\n                window.open( trackingUrl + $(\"#trackingNum\").val(),'_blank' );\r\n            });\r\n                    });\r\n\r\n    <\/script>\r\n    <style>\r\n        @media only screen and (min-width: 768px) {\r\n            \/* .entry-title{\r\n                display: none;\r\n            } *\/\r\n        }\r\n    <\/style>\r\n\r\n\r\n    \n","protected":false},"excerpt":{"rendered":"","protected":false},"author":1,"featured_media":0,"parent":0,"menu_order":0,"comment_status":"closed","ping_status":"closed","template":"","meta":[],"tags":[2216],"acf":[],"_links":{"self":[{"href":"https:\/\/mazzaci.com\/hr\/wp-json\/wp\/v2\/pages\/28452"}],"collection":[{"href":"https:\/\/mazzaci.com\/hr\/wp-json\/wp\/v2\/pages"}],"about":[{"href":"https:\/\/mazzaci.com\/hr\/wp-json\/wp\/v2\/types\/page"}],"author":[{"embeddable":true,"href":"https:\/\/mazzaci.com\/hr\/wp-json\/wp\/v2\/users\/1"}],"replies":[{"embeddable":true,"href":"https:\/\/mazzaci.com\/hr\/wp-json\/wp\/v2\/comments?post=28452"}],"version-history":[{"count":4,"href":"https:\/\/mazzaci.com\/hr\/wp-json\/wp\/v2\/pages\/28452\/revisions"}],"predecessor-version":[{"id":28977,"href":"https:\/\/mazzaci.com\/hr\/wp-json\/wp\/v2\/pages\/28452\/revisions\/28977"}],"wp:attachment":[{"href":"https:\/\/mazzaci.com\/hr\/wp-json\/wp\/v2\/media?parent=28452"}],"wp:term":[{"taxonomy":"post_tag","embeddable":true,"href":"https:\/\/mazzaci.com\/hr\/wp-json\/wp\/v2\/tags?post=28452"}],"curies":[{"name":"wp","href":"https:\/\/api.w.org\/{rel}","templated":true}]}}