{"id":28293,"date":"2022-05-09T13:34:39","date_gmt":"2022-05-09T11:34:39","guid":{"rendered":"https:\/\/mazzaci.com\/hr\/?page_id=28293"},"modified":"2022-05-09T13:34:39","modified_gmt":"2022-05-09T11:34:39","slug":"narudzbe-i-upiti-za-veleprodaju","status":"publish","type":"page","link":"https:\/\/mazzaci.com\/hr\/narudzbe-i-upiti-za-veleprodaju\/","title":{"rendered":"Narud\u017ebe i upiti za veleprodaju"},"content":{"rendered":"\n<p>Na\u0161 tim stalno radi na ponudi najboljih cijena za na\u0161e kvalitetne proizvode. Nudimo posve\u0107en tim profesionalaca, proizvode najvi\u0161e kvalitete i marketin\u0161ki materijal za razvoj poslovanja u va\u0161oj zemlji.<\/p>\n\n\n\n<figure class=\"is-layout-flex wp-block-gallery-1 wp-block-gallery aligncenter has-nested-images columns-default is-cropped\">\n<figure class=\"wp-block-image size-large\"><img decoding=\"async\" loading=\"lazy\" width=\"900\" height=\"1125\" data-id=\"28138\"  src=\"https:\/\/mazzaci.com\/hr\/wp-content\/uploads\/candybomb-2.jpg\" alt=\"\" class=\"wp-image-28138\" srcset=\"https:\/\/mazzaci.com\/hr\/wp-content\/uploads\/candybomb-2.jpg 900w, https:\/\/mazzaci.com\/hr\/wp-content\/uploads\/candybomb-2-240x300.jpg 240w, https:\/\/mazzaci.com\/hr\/wp-content\/uploads\/candybomb-2-819x1024.jpg 819w, https:\/\/mazzaci.com\/hr\/wp-content\/uploads\/candybomb-2-768x960.jpg 768w, https:\/\/mazzaci.com\/hr\/wp-content\/uploads\/candybomb-2-416x520.jpg 416w\" sizes=\"(max-width: 900px) 100vw, 900px\" \/><\/figure>\n\n\n\n<figure class=\"wp-block-image size-large\"><img decoding=\"async\" loading=\"lazy\" width=\"900\" height=\"1125\" data-id=\"28078\"  src=\"https:\/\/mazzaci.com\/hr\/wp-content\/uploads\/gocurls-nika-kar-2.webp\" alt=\"\" class=\"wp-image-28078\" srcset=\"https:\/\/mazzaci.com\/hr\/wp-content\/uploads\/gocurls-nika-kar-2.webp 900w, https:\/\/mazzaci.com\/hr\/wp-content\/uploads\/gocurls-nika-kar-2-240x300.webp 240w, https:\/\/mazzaci.com\/hr\/wp-content\/uploads\/gocurls-nika-kar-2-819x1024.webp 819w, https:\/\/mazzaci.com\/hr\/wp-content\/uploads\/gocurls-nika-kar-2-768x960.webp 768w, https:\/\/mazzaci.com\/hr\/wp-content\/uploads\/gocurls-nika-kar-2-416x520.webp 416w\" sizes=\"(max-width: 900px) 100vw, 900px\" \/><\/figure>\n\n\n\n<figure class=\"wp-block-image size-large\"><img decoding=\"async\" loading=\"lazy\" width=\"1000\" height=\"1250\" data-id=\"28021\"  src=\"https:\/\/mazzaci.com\/hr\/wp-content\/uploads\/tanquick-3.jpg\" alt=\"\" class=\"wp-image-28021\" srcset=\"https:\/\/mazzaci.com\/hr\/wp-content\/uploads\/tanquick-3.jpg 1000w, https:\/\/mazzaci.com\/hr\/wp-content\/uploads\/tanquick-3-240x300.jpg 240w, https:\/\/mazzaci.com\/hr\/wp-content\/uploads\/tanquick-3-819x1024.jpg 819w, https:\/\/mazzaci.com\/hr\/wp-content\/uploads\/tanquick-3-768x960.jpg 768w, https:\/\/mazzaci.com\/hr\/wp-content\/uploads\/tanquick-3-416x520.jpg 416w\" sizes=\"(max-width: 1000px) 100vw, 1000px\" \/><\/figure>\n<\/figure>\n\n\n\n","protected":false},"excerpt":{"rendered":"<p>Na\u0161 tim stalno radi na ponudi najboljih cijena za na\u0161e kvalitetne proizvode. Nudimo posve\u0107en tim profesionalaca, proizvode najvi\u0161e kvalitete i marketin\u0161ki materijal za razvoj poslovanja u va\u0161oj zemlji.<\/p>\n","protected":false},"author":1,"featured_media":0,"parent":0,"menu_order":0,"comment_status":"closed","ping_status":"closed","template":"","meta":[],"tags":[2223,2216],"acf":[],"_links":{"self":[{"href":"https:\/\/mazzaci.com\/hr\/wp-json\/wp\/v2\/pages\/28293"}],"collection":[{"href":"https:\/\/mazzaci.com\/hr\/wp-json\/wp\/v2\/pages"}],"about":[{"href":"https:\/\/mazzaci.com\/hr\/wp-json\/wp\/v2\/types\/page"}],"author":[{"embeddable":true,"href":"https:\/\/mazzaci.com\/hr\/wp-json\/wp\/v2\/users\/1"}],"replies":[{"embeddable":true,"href":"https:\/\/mazzaci.com\/hr\/wp-json\/wp\/v2\/comments?post=28293"}],"version-history":[{"count":1,"href":"https:\/\/mazzaci.com\/hr\/wp-json\/wp\/v2\/pages\/28293\/revisions"}],"predecessor-version":[{"id":28294,"href":"https:\/\/mazzaci.com\/hr\/wp-json\/wp\/v2\/pages\/28293\/revisions\/28294"}],"wp:attachment":[{"href":"https:\/\/mazzaci.com\/hr\/wp-json\/wp\/v2\/media?parent=28293"}],"wp:term":[{"taxonomy":"post_tag","embeddable":true,"href":"https:\/\/mazzaci.com\/hr\/wp-json\/wp\/v2\/tags?post=28293"}],"curies":[{"name":"wp","href":"https:\/\/api.w.org\/{rel}","templated":true}]}}