{"id":21393,"date":"2021-10-11T07:05:43","date_gmt":"2021-10-11T05:05:43","guid":{"rendered":"https:\/\/smania.store\/hr\/?page_id=21393"},"modified":"2021-10-11T07:05:43","modified_gmt":"2021-10-11T05:05:43","slug":"politika-kolacica","status":"publish","type":"page","link":"https:\/\/mazzaci.com\/hr\/politika-kolacica\/","title":{"rendered":"Politika kola\u010di\u0107a"},"content":{"rendered":"<div class=\"cli_pg_page_contaner\">\n<h3>O ovoj politici kola\u010di\u0107a<\/h3>\n<div>Ova Politika kola\u010di\u0107a obja\u0161njava \u0161to su kola\u010di\u0107i i kako ih koristimo, vrste kola\u010di\u0107a koje koristimo, odnosno podatke koje prikupljamo pomo\u0107u kola\u010di\u0107a i kako se ti podaci koriste. te kako kontrolirati postavke kola\u010di\u0107a. Za dodatne informacije o tome kako koristimo, pohranjujemo \u200b\u200bi \u010duvamo va\u0161e osobne podatke, pogledajte na\u0161a Pravila privatnosti.U bilo kojem trenutku mo\u017eete promijeniti ili povu\u0107i svoj pristanak iz Izjave o kola\u010di\u0107ima na na\u0161oj web stranici.Saznajte vi\u0161e o tome tko smo, kako nas mo\u017eete kontaktirati i kako obra\u0111ujemo osobne podatke u na\u0161im Pravilima privatnosti.Va\u0161 pristanak odnosi se na sljede\u0107e domene:&nbsp; smania.store<div class=\"cli_user_consent_state\">Va\u0161e trenutno stanje: Nema pristanka. <a class=\"cli_manage_current_consent\" style=\"cursor:pointer;text-decoration:underline;\">Upravljajte svojim pristankom.<\/a> <\/div><\/div>\n<h3>\u0160to su kola\u010di\u0107i?<\/h3>\n<div>Kola\u010di\u0107i su male tekstualne datoteke koje se koriste za spremanje malih podataka. Pohranjuju se na va\u0161 ure\u0111aj kad se web stranica u\u010dita u va\u0161 preglednik. Ovi kola\u010di\u0107i poma\u017eu nam da web stranica ispravno funkcionira, \u010dine ju sigurnijom, pru\u017eaju bolje korisni\u010dko iskustvo i razumiju izvedbu web stranice te analiziraju \u0161to funkcionira i gdje je potrebno pobolj\u0161anje.<\/div>\n<h3>Kako koristimo kola\u010di\u0107e?<\/h3>\n<div>Kao i ve\u0107ina mre\u017enih usluga, na\u0161e web mjesto koristi kola\u010di\u0107e prve strane i kola\u010di\u0107e tre\u0107ih strana u nekoliko svrha. Kola\u010di\u0107i prve strane uglavnom su potrebni kako bi web stranica radila na pravi na\u010din i ne prikupljaju nikakve va\u0161e podatke koji otkrivaju identitet.Kola\u010di\u0107i tre\u0107ih strana koji se koriste na na\u0161oj web stranici uglavnom slu\u017ee za razumijevanje izvedbe web stranice, na\u010din na koji stupate u interakciju s na\u0161om web stranicom, odr\u017eavanje na\u0161ih usluga sigurnima, pru\u017eanje oglasa koji su za vas relevantni i sve u svemu pru\u017eaju\u0107i vam bolje i pobolj\u0161ano iskustvo i pomo\u0107 u br\u017eoj budu\u0107oj interakciji s na\u0161om web stranicom.<\/div>\n<h3>Koje vrste kola\u010di\u0107a koristimo?<\/h3>\n<div>Bitno: Neki su kola\u010di\u0107i bitni kako biste mogli do\u017eivjeti punu funkcionalnost na\u0161e web stranice. Omogu\u0107uju nam odr\u017eavanje korisni\u010dkih sesija i sprje\u010davanje bilo kakvih sigurnosnih prijetnji. Ne prikupljaju niti pohranjuju nikakve osobne podatke. Na primjer, ti kola\u010di\u0107i omogu\u0107uju da se prijavite na svoj ra\u010dun i dodate proizvode u ko\u0161aricu i da se sigurno odjavite.Statistika: Ovi kola\u010di\u0107i pohranjuju podatke poput broja posjetitelja web stranice, broja jedinstvenih posjetitelja, koje su stranice web stranice posje\u0107ene, izvora posjeta itd. Ovi nam podaci poma\u017eu razumjeti i analizirati koliko je web stranica uspje\u0161na i gdje je potrebno pobolj\u0161anje.Marketing: Na\u0161a web stranica prikazuje oglase. Ovi se kola\u010di\u0107i koriste za prilagodbu oglasa koje vam prikazujemo kako bi vam bili zna\u010dajni. Ovi kola\u010di\u0107i tako\u0111er nam poma\u017eu u pra\u0107enju u\u010dinkovitosti ovih oglasnih kampanja.Podaci pohranjeni u ovim kola\u010di\u0107ima mogu se koristiti i od pru\u017eatelja oglasa tre\u0107e strane za prikazivanje oglasa na drugim web stranicama u pregledniku.Funkcionalni: Ovo su kola\u010di\u0107i koji poma\u017eu odre\u0111enim neobaveznim funkcijama na na\u0161oj web stranici. Ove funkcionalnosti uklju\u010duju ugra\u0111ivanje sadr\u017eaja poput videozapisa ili dijeljenje sadr\u017eaja web stranice na platformama dru\u0161tvenih medija. Postavke: Ovi kola\u010di\u0107i poma\u017eu nam u pohranjivanju va\u0161ih postavki i postavki pregledavanja, poput jezi\u010dnih postavki, kako biste imali bolje i u\u010dinkovitije iskustvo ponovnog posje\u0107ivanja na\u0161e web stranice.<\/div>\n<h3>Kako mogu kontrolirati postavke kola\u010di\u0107a?<\/h3>\n<div>Ako kasnije odlu\u010dite promijeniti svoje postavke tijekom sesije pregledavanja, mo\u017eete kliknuti karticu &#8220;Pravila o privatnosti i kola\u010di\u0107ima&#8221; na zaslonu. To \u0107e ponovno prikazati obavijest o pristanku koja vam omogu\u0107uje da promijenite svoje postavke ili u potpunosti povu\u010dete privolu.Osim toga, razli\u010diti preglednici nude razli\u010dite metode za blokiranje i brisanje kola\u010di\u0107a koje koriste web stranice. Mo\u017eete promijeniti postavke preglednika da blokira\/izbri\u0161e kola\u010di\u0107e. Da biste saznali vi\u0161e o upravljanju i brisanju kola\u010di\u0107a, posjetite&nbsp;wikipedia.org, www.allaboutcookies.org.<\/div>\n<\/div>\n","protected":false},"excerpt":{"rendered":"<p>O ovoj politici kola\u010di\u0107a Ova Politika kola\u010di\u0107a obja\u0161njava \u0161to su kola\u010di\u0107i i kako ih koristimo, vrste kola\u010di\u0107a koje koristimo, odnosno podatke koje prikupljamo pomo\u0107u kola\u010di\u0107a i kako se ti podaci koriste. te kako kontrolirati postavke kola\u010di\u0107a. Za dodatne informacije o tome kako koristimo, pohranjujemo \u200b\u200bi \u010duvamo va\u0161e osobne podatke, pogledajte na\u0161a Pravila privatnosti.U bilo kojem [&hellip;]<\/p>\n","protected":false},"author":6,"featured_media":0,"parent":0,"menu_order":0,"comment_status":"closed","ping_status":"closed","template":"","meta":[],"tags":[],"acf":[],"_links":{"self":[{"href":"https:\/\/mazzaci.com\/hr\/wp-json\/wp\/v2\/pages\/21393"}],"collection":[{"href":"https:\/\/mazzaci.com\/hr\/wp-json\/wp\/v2\/pages"}],"about":[{"href":"https:\/\/mazzaci.com\/hr\/wp-json\/wp\/v2\/types\/page"}],"author":[{"embeddable":true,"href":"https:\/\/mazzaci.com\/hr\/wp-json\/wp\/v2\/users\/6"}],"replies":[{"embeddable":true,"href":"https:\/\/mazzaci.com\/hr\/wp-json\/wp\/v2\/comments?post=21393"}],"version-history":[{"count":0,"href":"https:\/\/mazzaci.com\/hr\/wp-json\/wp\/v2\/pages\/21393\/revisions"}],"wp:attachment":[{"href":"https:\/\/mazzaci.com\/hr\/wp-json\/wp\/v2\/media?parent=21393"}],"wp:term":[{"taxonomy":"post_tag","embeddable":true,"href":"https:\/\/mazzaci.com\/hr\/wp-json\/wp\/v2\/tags?post=21393"}],"curies":[{"name":"wp","href":"https:\/\/api.w.org\/{rel}","templated":true}]}}