{"id":26761,"date":"2021-11-26T07:52:35","date_gmt":"2021-11-26T06:52:35","guid":{"rendered":"https:\/\/dev.mazzaci.com\/en\/?post_type=product&#038;p=26761"},"modified":"2024-05-08T08:03:55","modified_gmt":"2024-05-08T06:03:55","slug":"tanset","status":"publish","type":"product","link":"https:\/\/mazzaci.com\/es\/producto\/tanset\/","title":{"rendered":"Conjunto TanGo y TanCare"},"content":{"rendered":"<p>Conjunto de crema bronceadora TanGo y crema nutritiva para la piel TanCare | Productos veganos &#8211; Maravilloso aroma &#8211; Sin parabenos ni sulfatos<\/p>\n","protected":false},"excerpt":{"rendered":"<p>Mazzaci ha preparado por fin un set de regalo de productos naturales para el cuidado de la piel que impresionar\u00e1 a todos los que aman tomar el sol.<\/p>\n<ul>\n<li>Utiliza TanGo para el bronceado y TanCare para la hidrataci\u00f3n de la piel<\/li>\n<li>Sin productos qu\u00edmicos<\/li>\n<li>Caja de regalo de elegante dise\u00f1o<\/li>\n<li>Aplicaci\u00f3n de r\u00e1pida absorci\u00f3n y sin manchas<\/li>\n<li>Hazte un regalo a ti mismo, a un amigo o a un ser querido<\/li>\n<li>Fabricado en la UE<\/li>\n<\/ul>\n","protected":false},"featured_media":26928,"template":"","meta":[],"product_cat":[2133],"product_tag":[],"acf":[],"_links":{"self":[{"href":"https:\/\/mazzaci.com\/es\/wp-json\/wp\/v2\/product\/26761"}],"collection":[{"href":"https:\/\/mazzaci.com\/es\/wp-json\/wp\/v2\/product"}],"about":[{"href":"https:\/\/mazzaci.com\/es\/wp-json\/wp\/v2\/types\/product"}],"wp:featuredmedia":[{"embeddable":true,"href":"https:\/\/mazzaci.com\/es\/wp-json\/wp\/v2\/media\/26928"}],"wp:attachment":[{"href":"https:\/\/mazzaci.com\/es\/wp-json\/wp\/v2\/media?parent=26761"}],"wp:term":[{"taxonomy":"product_cat","embeddable":true,"href":"https:\/\/mazzaci.com\/es\/wp-json\/wp\/v2\/product_cat?post=26761"},{"taxonomy":"product_tag","embeddable":true,"href":"https:\/\/mazzaci.com\/es\/wp-json\/wp\/v2\/product_tag?post=26761"}],"curies":[{"name":"wp","href":"https:\/\/api.w.org\/{rel}","templated":true}]}}