{"id":26738,"date":"2021-11-26T07:41:23","date_gmt":"2021-11-26T06:41:23","guid":{"rendered":"https:\/\/dev.mazzaci.com\/en\/?post_type=product&#038;p=26738"},"modified":"2023-06-13T20:02:01","modified_gmt":"2023-06-13T18:02:01","slug":"tango","status":"publish","type":"product","link":"https:\/\/mazzaci.com\/es\/producto\/tango\/","title":{"rendered":"TanGo mermelada de bronceado"},"content":{"rendered":"<p>Un bronceado m\u00e1s r\u00e1pido, m\u00e1s dorado y m\u00e1s intenso\u00a0| Producto vegano &#8211; Delicioso olor afrutado &#8211; Sin parabenos ni sulfatos<\/p>\n","protected":false},"excerpt":{"rendered":"<ul>\n<li>Hace que tu bronceado sea m\u00e1s duradero<\/li>\n<li>Mantiene la piel hidratada y suave<\/li>\n<li>Se absorbe r\u00e1pidamente y no deja manchas<\/li>\n<li>Aroma tropical embriagador<\/li>\n<li>200 ml<\/li>\n<\/ul>\n","protected":false},"featured_media":27043,"template":"","meta":[],"product_cat":[2133],"product_tag":[],"acf":[],"_links":{"self":[{"href":"https:\/\/mazzaci.com\/es\/wp-json\/wp\/v2\/product\/26738"}],"collection":[{"href":"https:\/\/mazzaci.com\/es\/wp-json\/wp\/v2\/product"}],"about":[{"href":"https:\/\/mazzaci.com\/es\/wp-json\/wp\/v2\/types\/product"}],"wp:featuredmedia":[{"embeddable":true,"href":"https:\/\/mazzaci.com\/es\/wp-json\/wp\/v2\/media\/27043"}],"wp:attachment":[{"href":"https:\/\/mazzaci.com\/es\/wp-json\/wp\/v2\/media?parent=26738"}],"wp:term":[{"taxonomy":"product_cat","embeddable":true,"href":"https:\/\/mazzaci.com\/es\/wp-json\/wp\/v2\/product_cat?post=26738"},{"taxonomy":"product_tag","embeddable":true,"href":"https:\/\/mazzaci.com\/es\/wp-json\/wp\/v2\/product_tag?post=26738"}],"curies":[{"name":"wp","href":"https:\/\/api.w.org\/{rel}","templated":true}]}}