{"id":33,"date":"2021-02-23T08:59:18","date_gmt":"2021-02-23T08:59:18","guid":{"rendered":"https:\/\/dev.s-mania.si\/wpsi\/?page_id=33"},"modified":"2026-04-14T08:07:11","modified_gmt":"2026-04-14T06:07:11","slug":"homepage","status":"publish","type":"page","link":"https:\/\/mazzaci.com\/es\/","title":{"rendered":"Homepage"},"content":{"rendered":"<div class=\"mazzaci_home_main_banner\">\t<!-- homer desktop -->\n\t<div class=\"mazzaci_home_banners_desktop\">\n\t\t\t\t\t<a href=\"https:\/\/mazzaci.com\/es\/categoria-de-producto\/productos-de-bronceado\/\">\n\t\t\t\t<img src=\"https:\/\/mazzaci.com\/assets\/img\/banners-promo\/maz-desktop-2.webp\" \/>\n\t\t\t\t\t\t\t<\/a>\n\t\t\t<\/div>\n\t<!-- homer mobile -->\n\t<div class=\"mazzaci_home_banners_mobile\">\n\t\t\t\t\t<a href=\"https:\/\/mazzaci.com\/es\/categoria-de-producto\/productos-de-bronceado\/\">\n\t\t\t\t<img src=\"https:\/\/mazzaci.com\/assets\/img\/banners-promo\/maz-mobile-2.webp\" \/>\n\t\t\t\t\t\t\t<\/a>\n\t\t\t<\/div>\n<\/div>\n\n\n<div class=\"mazzaci_home_main-title\">Natural, asequible y respetuoso con la piel<\/div>\n\n\n\n<p class=\"has-text-align-center\">La marca l\u00edder en cosm\u00e9tica natural que cuida su piel y su cabello. Productos 100% naturales, sin sustancias t\u00f3xicas, veganos y sin crueldad animal.<\/p>\n\n\n\n<p class=\"mazzaci_home_section_title\">\n<img decoding=\"async\" src=\"..\/assets\/img\/home_title_icons\/hot-right-now.svg\">\n<span>Lo mejor del momento<\/span>\n<\/p>\n\n\n<div class=\"woocommerce columns-3 \"><ul class=\"products columns-3\">\n<li class=\"product type-product post-26745 status-publish first outofstock product_cat-productos-de-bronceado has-post-thumbnail sale taxable shipping-taxable purchasable product-type-simple\">\n\t<h2 class=\"woocommerce-loop-product__title\">Autobronceador TanQuick<div class=\"st\">Soluci\u00f3n de bronceado sin complicaciones<\/div><\/h2><div class=\"custom_info_wrap\"><div class=\"custom_info_wrap-left\"><span data-prodid=\"26745\" class=\"custom_order_now_btn custom_order_now_btn_oos\">Agotado<\/span><\/div><div class=\"custom_info_wrap-right\">\n\t<span class=\"onsale\">\u00a1Oferta!<\/span>\n\t<\/div><\/div><\/li>\n<li class=\"product type-product post-26738 status-publish outofstock product_cat-productos-de-bronceado has-post-thumbnail sale taxable shipping-taxable purchasable product-type-simple\">\n\t<h2 class=\"woocommerce-loop-product__title\">TanGo mermelada de bronceado<div class=\"st\">Bronceado m\u00e1s r\u00e1pido y uniforme<\/div><\/h2><div class=\"custom_info_wrap\"><div class=\"custom_info_wrap-left\"><span data-prodid=\"26738\" class=\"custom_order_now_btn custom_order_now_btn_oos\">Agotado<\/span><\/div><div class=\"custom_info_wrap-right\">\n\t<span class=\"onsale\">\u00a1Oferta!<\/span>\n\t<\/div><\/div><\/li>\n<li class=\"product type-product post-26752 status-publish last outofstock product_cat-productos-de-bronceado has-post-thumbnail sale taxable shipping-taxable purchasable product-type-simple\">\n\t<h2 class=\"woocommerce-loop-product__title\">TanCare crema nutritiva<div class=\"st\">Soluci\u00f3n vegana para el cuidado de la piel<\/div><\/h2><div class=\"custom_info_wrap\"><div class=\"custom_info_wrap-left\"><span data-prodid=\"26752\" class=\"custom_order_now_btn custom_order_now_btn_oos\">Agotado<\/span><\/div><div class=\"custom_info_wrap-right\">\n\t<span class=\"onsale\">\u00a1Oferta!<\/span>\n\t<\/div><\/div><\/li>\n<li class=\"product type-product post-26761 status-publish first outofstock product_cat-productos-de-bronceado has-post-thumbnail sale taxable shipping-taxable purchasable product-type-simple\">\n\t<h2 class=\"woocommerce-loop-product__title\">Conjunto TanGo y TanCare<div class=\"st\">El conjunto perfecto para el bronceado<\/div><\/h2><div class=\"custom_info_wrap\"><div class=\"custom_info_wrap-left\"><span data-prodid=\"26761\" class=\"custom_order_now_btn custom_order_now_btn_oos\">Agotado<\/span><\/div><div class=\"custom_info_wrap-right\">\n\t<span class=\"onsale\">\u00a1Oferta!<\/span>\n\t<\/div><\/div><\/li>\n<\/ul>\n<\/div>\n\n\n<div class=\"mazzaci_home_values-title\">Porque nos importa<\/div>\n\n\n\t<div class=\"mazzaci_home_values\">\n\t\t<div>\n\t\t\t<img src=\"https:\/\/mazzaci.com\/assets\/img\/values\/r_ES.svg?v=4\">\n\t\t\t<div class=\"mazzaci_home_values_item-txt\">Sin crueldad animal<\/div>\n\t\t<\/div>\n\t\t<div>\n\t\t\t<img src=\"https:\/\/mazzaci.com\/assets\/img\/values\/l_ES.svg?v=4\">\n\t\t\t<div class=\"mazzaci_home_values_item-txt\">Todo natural<\/div>\n\t\t<\/div>\n\t\t<div>\n\t\t\t<img src=\"https:\/\/mazzaci.com\/assets\/img\/values\/p_ES.svg?v=4\">\n\t\t\t<div class=\"mazzaci_home_values_item-txt\">Olor maravilloso<\/div>\n\t\t<\/div>\n\t\t<div>\n\t\t\t<img src=\"https:\/\/mazzaci.com\/assets\/img\/values\/eu_ES.svg?v=4\">\n\t\t\t<div class=\"mazzaci_home_values_item-txt\">Fabricado en la UE<\/div>\n\t\t<\/div>\n\t<\/div>\n\n\n\n\n<p class=\"mazzaci_home_section_title\">\n<img decoding=\"async\" src=\"..\/assets\/img\/home_title_icons\/tanning-products.svg\">\n<span>Productos de bronceado<\/span>\n<\/p>\n\n\n\n<p style=\"font-size:18px\">Una gran variedad de productos para un bronceado natural, adecuados para todo tipo de pieles. Ingredientes totalmente naturales y respetuosos con el medio ambiente.<\/p>\n\n\n\t<div class=\"mazzaci_combo\">\n\t\t<div class=\"mazzaci_combo-img\">\n\t\t\t<img src=\"https:\/\/mazzaci.com\/es\/wp-content\/uploads\/DSC30022.jpg\">\n\t\t<\/div>\n\t\t<div class=\"mazzaci_combo-img-mobile\" style=\"background-image:url('https:\/\/mazzaci.com\/es\/wp-content\/uploads\/mazzaci-product-showcase-mobile.webp');\">\n\t\t\t<img src=\"https:\/\/mazzaci.com\/es\/wp-content\/uploads\/mazzaci-product-showcase-mobile.webp\">\n\t\t<\/div>\n\t\t<div class=\"mazzaci_combo-products\">\n\t\t\t<div class=\"woocommerce columns-3 \"><ul class=\"products columns-3\">\n<li class=\"product type-product post-26745 status-publish first outofstock product_cat-productos-de-bronceado has-post-thumbnail sale taxable shipping-taxable purchasable product-type-simple\">\n\t<h2 class=\"woocommerce-loop-product__title\">Autobronceador TanQuick<div class=\"st\">Soluci\u00f3n de bronceado sin complicaciones<\/div><\/h2><div class=\"custom_info_wrap\"><div class=\"custom_info_wrap-left\"><span data-prodid=\"26745\" class=\"custom_order_now_btn custom_order_now_btn_oos\">Agotado<\/span><\/div><div class=\"custom_info_wrap-right\">\n\t<span class=\"onsale\">\u00a1Oferta!<\/span>\n\t<\/div><\/div><\/li>\n<li class=\"product type-product post-26738 status-publish outofstock product_cat-productos-de-bronceado has-post-thumbnail sale taxable shipping-taxable purchasable product-type-simple\">\n\t<h2 class=\"woocommerce-loop-product__title\">TanGo mermelada de bronceado<div class=\"st\">Bronceado m\u00e1s r\u00e1pido y uniforme<\/div><\/h2><div class=\"custom_info_wrap\"><div class=\"custom_info_wrap-left\"><span data-prodid=\"26738\" class=\"custom_order_now_btn custom_order_now_btn_oos\">Agotado<\/span><\/div><div class=\"custom_info_wrap-right\">\n\t<span class=\"onsale\">\u00a1Oferta!<\/span>\n\t<\/div><\/div><\/li>\n<li class=\"product type-product post-26752 status-publish last outofstock product_cat-productos-de-bronceado has-post-thumbnail sale taxable shipping-taxable purchasable product-type-simple\">\n\t<h2 class=\"woocommerce-loop-product__title\">TanCare crema nutritiva<div class=\"st\">Soluci\u00f3n vegana para el cuidado de la piel<\/div><\/h2><div class=\"custom_info_wrap\"><div class=\"custom_info_wrap-left\"><span data-prodid=\"26752\" class=\"custom_order_now_btn custom_order_now_btn_oos\">Agotado<\/span><\/div><div class=\"custom_info_wrap-right\">\n\t<span class=\"onsale\">\u00a1Oferta!<\/span>\n\t<\/div><\/div><\/li>\n<li class=\"product type-product post-26761 status-publish first outofstock product_cat-productos-de-bronceado has-post-thumbnail sale taxable shipping-taxable purchasable product-type-simple\">\n\t<h2 class=\"woocommerce-loop-product__title\">Conjunto TanGo y TanCare<div class=\"st\">El conjunto perfecto para el bronceado<\/div><\/h2><div class=\"custom_info_wrap\"><div class=\"custom_info_wrap-left\"><span data-prodid=\"26761\" class=\"custom_order_now_btn custom_order_now_btn_oos\">Agotado<\/span><\/div><div class=\"custom_info_wrap-right\">\n\t<span class=\"onsale\">\u00a1Oferta!<\/span>\n\t<\/div><\/div><\/li>\n<li class=\"product type-product post-26768 status-publish outofstock product_cat-productos-de-bronceado has-post-thumbnail sale taxable shipping-taxable purchasable product-type-simple\">\n\t<h2 class=\"woocommerce-loop-product__title\">Spray bronceador TanGo Oil<div class=\"st\">Crema TanGo en forma de spray<\/div><\/h2><div class=\"custom_info_wrap\"><div class=\"custom_info_wrap-left\"><span data-prodid=\"26768\" class=\"custom_order_now_btn custom_order_now_btn_oos\">Agotado<\/span><\/div><div class=\"custom_info_wrap-right\">\n\t<span class=\"onsale\">\u00a1Oferta!<\/span>\n\t<\/div><\/div><\/li>\n<\/ul>\n<\/div>\t\t<\/div>\n\t<\/div>\n\t<!-- View all category products -->\n\t\t\t<div class=\"mazzaci_combo_view_more\">\n\t\t\t<a href=\"https:\/\/mazzaci.com\/es\/categoria-de-producto\/productos-de-bronceado\">Ver m\u00e1s <i style=\"margin-left:5px;\" class=\"fas fa-arrow-right\"><\/i><\/a>\n\t\t<\/div>\n\t\n\n\n\r\n    <div class=\"faq_main_div\">\r\n        <div class=\"faq_img_m\">\r\n            <img src=\"https:\/\/mazzaci.com\/assets\/img\/faq_img_m.png\">\r\n        <\/div>\r\n        <div class=\"faq_text_main\">\r\n            <h2>\u00bfC\u00f3mo podemos ayudarle?<\/h2>\r\n            <p>Queremos ayudar a nuestros clientes en todo lo que podamos. Siempre puedes buscar apoyo a trav\u00e9s de nuestras redes sociales, o encontrar una respuesta a tus preguntas a continuaci\u00f3n.<\/p>\r\n            <div class=\"faq_links\">\r\n                <a href=\"\/es\/faq?s=1\">Entrega y devoluci\u00f3n<\/a>\r\n                <a href=\"\/es\/faq?s=0\">Seguimiento del paquete<\/a>\r\n                <a href=\"\/es\/faq\">Preguntas frecuentes<\/a>\r\n                <a href=\"\/es\/instrucciones-de-uso\">Instrucciones de uso<\/a>\r\n            <\/div>\r\n        <\/div>\r\n        <div class=\"faq_img\">\r\n            <img src=\"https:\/\/mazzaci.com\/assets\/img\/faq_img.png\">\r\n        <\/div>\r\n    <\/div>\r\n\r\n    \n\n\n\n\n\n\n","protected":false},"excerpt":{"rendered":"<p>La marca l\u00edder en cosm\u00e9tica natural que cuida su piel y su cabello. Productos 100% naturales, sin sustancias t\u00f3xicas, veganos y sin crueldad animal. Lo mejor del momento Productos de bronceado Una gran variedad de productos para un bronceado natural, adecuados para todo tipo de pieles. Ingredientes totalmente naturales y respetuosos con el medio ambiente.<\/p>\n","protected":false},"author":1,"featured_media":0,"parent":0,"menu_order":0,"comment_status":"closed","ping_status":"closed","template":"template-fullwidth.php","meta":[],"tags":[],"acf":[],"_links":{"self":[{"href":"https:\/\/mazzaci.com\/es\/wp-json\/wp\/v2\/pages\/33"}],"collection":[{"href":"https:\/\/mazzaci.com\/es\/wp-json\/wp\/v2\/pages"}],"about":[{"href":"https:\/\/mazzaci.com\/es\/wp-json\/wp\/v2\/types\/page"}],"author":[{"embeddable":true,"href":"https:\/\/mazzaci.com\/es\/wp-json\/wp\/v2\/users\/1"}],"replies":[{"embeddable":true,"href":"https:\/\/mazzaci.com\/es\/wp-json\/wp\/v2\/comments?post=33"}],"version-history":[{"count":104,"href":"https:\/\/mazzaci.com\/es\/wp-json\/wp\/v2\/pages\/33\/revisions"}],"predecessor-version":[{"id":27664,"href":"https:\/\/mazzaci.com\/es\/wp-json\/wp\/v2\/pages\/33\/revisions\/27664"}],"wp:attachment":[{"href":"https:\/\/mazzaci.com\/es\/wp-json\/wp\/v2\/media?parent=33"}],"wp:term":[{"taxonomy":"post_tag","embeddable":true,"href":"https:\/\/mazzaci.com\/es\/wp-json\/wp\/v2\/tags?post=33"}],"curies":[{"name":"wp","href":"https:\/\/api.w.org\/{rel}","templated":true}]}}