{"id":1863,"date":"2021-06-02T12:17:27","date_gmt":"2021-06-02T10:17:27","guid":{"rendered":"https:\/\/s-mania.si\/?page_id=1863"},"modified":"2022-04-07T12:08:36","modified_gmt":"2022-04-07T10:08:36","slug":"contact","status":"publish","type":"page","link":"https:\/\/mazzaci.com\/es\/contact\/","title":{"rendered":"Contacto con nosotros"},"content":{"rendered":"    \r\n    <div class=\"dfvu_custom_contact_form\">\r\n\r\n        <div class=\"dfvu_custom_contact_form_text\">\r\n\r\n        Estamos aqu\u00ed para ayudarle las 24 horas del d\u00eda. Si tiene alguna pregunta, no dude en ponerse en contacto con nosotros y nos aseguraremos de responder a su pregunta en el menor tiempo posible.\r\n        <\/div>\r\n\r\n        <div class=\"dfvu_custom_contact_form_form\">\r\n            \r\n            <div class=\"dfvu_custom_contact_form_row\">\r\n\r\n                <div class=\"dfvu_custom_contact_form_row_item\"><label>Direcci\u00f3n de correo electr\u00f3nico <i class=\"dfvu_custom_contact_form_required fas fa-asterisk fa-sm\"><\/i><\/label><input name=\"dfvu_custom_form_field_email\" type=\"text\"><\/div>\r\n                <div class=\"dfvu_custom_contact_form_row_item\"><label>Tel\u00e9fono<\/label><input name=\"dfvu_custom_form_field_phone\" placeholder=\"A\u00f1ada el c\u00f3digo de pa\u00eds, por ejemplo, +34\" type=\"text\"><\/div>\r\n\r\n            <\/div>\r\n\r\n            <div class=\"dfvu_custom_contact_form_row\">\r\n\r\n                <div class=\"dfvu_custom_contact_form_row_item\"><label>Nombre y apellidos <i class=\"dfvu_custom_contact_form_required fas fa-asterisk fa-sm\"><\/i><\/label><input name=\"dfvu_custom_form_field_name\" type=\"text\"><\/div>\r\n                <div class=\"dfvu_custom_contact_form_row_item\"><label>Asunto<\/label><input name=\"dfvu_custom_form_field_subject\" type=\"text\"><\/div>\r\n\r\n            <\/div>\r\n            \r\n            <div class=\"dfvu_custom_contact_form_single\">\r\n                \r\n                <div class=\"dfvu_custom_contact_form_row_item\"><label>Mensaje <i class=\"dfvu_custom_contact_form_required fas fa-asterisk fa-sm\"><\/i><\/label><textarea name=\"dfvu_custom_form_field_message\"><\/textarea><\/div>\r\n                \r\n            <\/div>\r\n            \r\n            \r\n            \r\n            <!-- Captcha -->\r\n            <input type=\"hidden\" name=\"dfvu_custom_form_field_token\" id=\"token\" \/>\r\n            <input type=\"hidden\" name=\"dfvu_custom_form_field_action\" id=\"action\"\/>\r\n\r\n        <\/div>\r\n\r\n        \r\n        <div class=\"dfvu_custom_contact_form_info\">\r\n\r\n            <i class=\"dfvu_custom_contact_form_required fas fa-asterisk fa-xs\"><\/i> - Este campo es obligatorio\r\n        <\/div>\r\n\r\n        <div class=\"dfvu_custom_contact_form_submit\">\r\n\r\n            <span>Enviar mensaje<\/span>\r\n\r\n        <\/div>\r\n\r\n        <div class=\"dfvu_custom_contact_form_contact_info\">\r\n            DFVU d.o.o.\r\n            <br>\r\n            Liparjeva 6a\r\n            <br>\r\n            1234 Menge\u0161\r\n            <br>\r\n            Slovenia\r\n            <br>\r\n            <a href=\"mailto:es@mazzaci.com\">es@mazzaci.com<\/a>\r\n        <\/div>\r\n\r\n    <\/div>\r\n    \r\n    \n\n\n\n<p><\/p>\n","protected":false},"excerpt":{"rendered":"","protected":false},"author":1,"featured_media":0,"parent":0,"menu_order":0,"comment_status":"closed","ping_status":"closed","template":"","meta":[],"tags":[2140],"acf":[],"_links":{"self":[{"href":"https:\/\/mazzaci.com\/es\/wp-json\/wp\/v2\/pages\/1863"}],"collection":[{"href":"https:\/\/mazzaci.com\/es\/wp-json\/wp\/v2\/pages"}],"about":[{"href":"https:\/\/mazzaci.com\/es\/wp-json\/wp\/v2\/types\/page"}],"author":[{"embeddable":true,"href":"https:\/\/mazzaci.com\/es\/wp-json\/wp\/v2\/users\/1"}],"replies":[{"embeddable":true,"href":"https:\/\/mazzaci.com\/es\/wp-json\/wp\/v2\/comments?post=1863"}],"version-history":[{"count":2,"href":"https:\/\/mazzaci.com\/es\/wp-json\/wp\/v2\/pages\/1863\/revisions"}],"predecessor-version":[{"id":27271,"href":"https:\/\/mazzaci.com\/es\/wp-json\/wp\/v2\/pages\/1863\/revisions\/27271"}],"wp:attachment":[{"href":"https:\/\/mazzaci.com\/es\/wp-json\/wp\/v2\/media?parent=1863"}],"wp:term":[{"taxonomy":"post_tag","embeddable":true,"href":"https:\/\/mazzaci.com\/es\/wp-json\/wp\/v2\/tags?post=1863"}],"curies":[{"name":"wp","href":"https:\/\/api.w.org\/{rel}","templated":true}]}}