{"id":30674,"date":"2026-04-23T20:52:11","date_gmt":"2026-04-23T18:52:11","guid":{"rendered":"https:\/\/mazzaci.com\/de\/?post_type=product&#038;p=30674"},"modified":"2026-04-24T12:17:12","modified_gmt":"2026-04-24T10:17:12","slug":"tancare","status":"publish","type":"product","link":"https:\/\/mazzaci.com\/de\/produkt\/tancare\/","title":{"rendered":"TanCare Pflegecreme"},"content":{"rendered":"<p><span data-sheets-root=\"1\">Von der Natur f\u00fcr ultimative Regeneration entwickelt! Eine 100 % nat\u00fcrliche Pflege-Explosion, die Ihre Haut nach dem Sonnenbad sofort beruhigt und tiefenwirksam mit Feuchtigkeit versorgt. Jetzt mit verbesserter Formel, um die Hautbarriere zu reparieren und Ihren Sommer-Glow deutlich zu verl\u00e4ngern.<br \/>\n<\/span><\/p>\n","protected":false},"excerpt":{"rendered":"<ul>\n<li><span data-sheets-root=\"1\">Intensive Regeneration mit Niacinamid und Squalen<\/span><\/li>\n<li><span data-sheets-root=\"1\">Verl\u00e4ngert Ihre Br\u00e4une und verhindert das Sch\u00e4len der Haut<\/span><\/li>\n<li><span data-sheets-root=\"1\">Sofortige Erfrischung ohne fettige oder klebrige R\u00fcckst\u00e4nde<\/span><\/li>\n<li><span data-sheets-root=\"1\">Ideal als Pflege nach der Rasur oder Depilation<\/span><\/li>\n<li><span data-sheets-root=\"1\">Tierversuchsfrei, parabenfrei und sulfatfrei<\/span><\/li>\n<li><span data-sheets-root=\"1\">Inhalt: 150 ml<\/span><\/li>\n<\/ul>\n","protected":false},"featured_media":30677,"template":"","meta":[],"product_cat":[2155],"product_tag":[],"acf":[],"_links":{"self":[{"href":"https:\/\/mazzaci.com\/de\/wp-json\/wp\/v2\/product\/30674"}],"collection":[{"href":"https:\/\/mazzaci.com\/de\/wp-json\/wp\/v2\/product"}],"about":[{"href":"https:\/\/mazzaci.com\/de\/wp-json\/wp\/v2\/types\/product"}],"wp:featuredmedia":[{"embeddable":true,"href":"https:\/\/mazzaci.com\/de\/wp-json\/wp\/v2\/media\/30677"}],"wp:attachment":[{"href":"https:\/\/mazzaci.com\/de\/wp-json\/wp\/v2\/media?parent=30674"}],"wp:term":[{"taxonomy":"product_cat","embeddable":true,"href":"https:\/\/mazzaci.com\/de\/wp-json\/wp\/v2\/product_cat?post=30674"},{"taxonomy":"product_tag","embeddable":true,"href":"https:\/\/mazzaci.com\/de\/wp-json\/wp\/v2\/product_tag?post=30674"}],"curies":[{"name":"wp","href":"https:\/\/api.w.org\/{rel}","templated":true}]}}