{"id":30673,"date":"2026-04-23T20:52:10","date_gmt":"2026-04-23T18:52:10","guid":{"rendered":"https:\/\/mazzaci.com\/de\/?post_type=product&#038;p=30673"},"modified":"2026-04-23T21:22:23","modified_gmt":"2026-04-23T19:22:23","slug":"tanset","status":"publish","type":"product","link":"https:\/\/mazzaci.com\/de\/produkt\/tanset\/","title":{"rendered":"TanGo und TanCare Set"},"content":{"rendered":"<p><span data-sheets-root=\"1\">Warum w\u00e4hlen, wenn Sie alles haben k\u00f6nnen? Das TanSet kombiniert unseren Bestseller-Br\u00e4unungsbeschleuniger TanGo mit der neuen und verbesserten TanCare After-Sun-Creme. Zusammen sorgen sie daf\u00fcr, dass der Weg zu einer tiefen Bronzebr\u00e4une weniger Zeit in Anspruch nimmt, w\u00e4hrend Ihr Sommer-Glow deutlich l\u00e4nger auf Ihrer Haut bleibt.<br \/>\n<\/span><\/p>\n","protected":false},"excerpt":{"rendered":"<ul>\n<li><span data-sheets-root=\"1\">TanGo: Rekordschnelle und nat\u00fcrliche Br\u00e4unung<\/span><\/li>\n<li><span data-sheets-root=\"1\">TanCare: Intensive Regeneration mit Niacinamid und Squalen<\/span><\/li>\n<li><span data-sheets-root=\"1\">Verhindert das Sch\u00e4len der Haut und bewahrt die Geschmeidigkeit<\/span><\/li>\n<li><span data-sheets-root=\"1\">100 % nat\u00fcrliche Inhaltsstoffe ohne aggressive Chemikalien<\/span><\/li>\n<li><span data-sheets-root=\"1\">Perfekte Kombination f\u00fcr Gesicht und K\u00f6rper<\/span><\/li>\n<li><span data-sheets-root=\"1\">Set enth\u00e4lt: TanGo 200 ml + TanCare 150 ml<\/span><\/li>\n<\/ul>\n","protected":false},"featured_media":30683,"template":"","meta":[],"product_cat":[2155],"product_tag":[],"acf":[],"_links":{"self":[{"href":"https:\/\/mazzaci.com\/de\/wp-json\/wp\/v2\/product\/30673"}],"collection":[{"href":"https:\/\/mazzaci.com\/de\/wp-json\/wp\/v2\/product"}],"about":[{"href":"https:\/\/mazzaci.com\/de\/wp-json\/wp\/v2\/types\/product"}],"wp:featuredmedia":[{"embeddable":true,"href":"https:\/\/mazzaci.com\/de\/wp-json\/wp\/v2\/media\/30683"}],"wp:attachment":[{"href":"https:\/\/mazzaci.com\/de\/wp-json\/wp\/v2\/media?parent=30673"}],"wp:term":[{"taxonomy":"product_cat","embeddable":true,"href":"https:\/\/mazzaci.com\/de\/wp-json\/wp\/v2\/product_cat?post=30673"},{"taxonomy":"product_tag","embeddable":true,"href":"https:\/\/mazzaci.com\/de\/wp-json\/wp\/v2\/product_tag?post=30673"}],"curies":[{"name":"wp","href":"https:\/\/api.w.org\/{rel}","templated":true}]}}