{"id":27729,"date":"2022-01-17T11:38:55","date_gmt":"2022-01-17T10:38:55","guid":{"rendered":"https:\/\/dev.mazzaci.com\/de\/?post_type=product&#038;p=27729"},"modified":"2026-04-14T09:16:48","modified_gmt":"2026-04-14T07:16:48","slug":"tango-oil","status":"publish","type":"product","link":"https:\/\/mazzaci.com\/de\/produkt\/tango-oil\/","title":{"rendered":"TanGo Oil Br\u00e4unungsspray"},"content":{"rendered":"<p>Schnellere, st\u00e4rkere und intensivere Br\u00e4unung|Vegane Produkte &#8211; herrlicher Duft &#8211; paraben- und sulfatfrei<\/p>\n","protected":false},"excerpt":{"rendered":"<ul>\n<li>F\u00fcr einen intensiv gebr\u00e4unten Schimmer ohne Sonnenbank<\/li>\n<li><span data-sheets-value=\"{&quot;1&quot;:2,&quot;2&quot;:&quot;Herrlicher fruchtiger Duft&quot;}\" data-sheets-userformat=\"{&quot;2&quot;:15105,&quot;3&quot;:{&quot;1&quot;:0},&quot;11&quot;:4,&quot;12&quot;:0,&quot;14&quot;:{&quot;1&quot;:2,&quot;2&quot;:0},&quot;15&quot;:&quot;Inconsolata, monospace, arial, sans, sans-serif&quot;,&quot;16&quot;:11}\">Herrlicher fruchtiger Duft<\/span><\/li>\n<li><span data-sheets-value=\"{&quot;1&quot;:2,&quot;2&quot;:&quot;Hinterl\u00e4sst keine orangefarbenen Flecken oder Streifen&quot;}\" data-sheets-userformat=\"{&quot;2&quot;:13185,&quot;3&quot;:{&quot;1&quot;:0},&quot;10&quot;:1,&quot;11&quot;:4,&quot;12&quot;:0,&quot;15&quot;:&quot;Roboto Mono&quot;,&quot;16&quot;:10}\">Hinterl\u00e4sst keine orangefarbenen Flecken oder Streifen<\/span><\/li>\n<li><span data-sheets-value=\"{&quot;1&quot;:2,&quot;2&quot;:&quot;Nicht fettende Textur, die in Sekundenschnelle einzieht&quot;}\" data-sheets-userformat=\"{&quot;2&quot;:15105,&quot;3&quot;:{&quot;1&quot;:0},&quot;11&quot;:4,&quot;12&quot;:0,&quot;14&quot;:{&quot;1&quot;:2,&quot;2&quot;:0},&quot;15&quot;:&quot;Inconsolata, monospace, arial, sans, sans-serif&quot;,&quot;16&quot;:11}\">Nicht fettende Textur, die in Sekundenschnelle einzieht<\/span><\/li>\n<li><span data-sheets-value=\"{&quot;1&quot;:2,&quot;2&quot;:&quot;Nat\u00fcrliche Inhaltsstoffe f\u00fcr schnellere Br\u00e4une&quot;}\" data-sheets-userformat=\"{&quot;2&quot;:15233,&quot;3&quot;:{&quot;1&quot;:0},&quot;10&quot;:1,&quot;11&quot;:4,&quot;12&quot;:0,&quot;14&quot;:{&quot;1&quot;:2,&quot;2&quot;:0},&quot;15&quot;:&quot;Roboto Mono&quot;,&quot;16&quot;:10}\">Nat\u00fcrliche Inhaltsstoffe f\u00fcr schnellere Br\u00e4une<\/span><\/li>\n<li>150ml<\/li>\n<\/ul>\n","protected":false},"featured_media":27752,"template":"","meta":[],"product_cat":[2155],"product_tag":[],"acf":[],"_links":{"self":[{"href":"https:\/\/mazzaci.com\/de\/wp-json\/wp\/v2\/product\/27729"}],"collection":[{"href":"https:\/\/mazzaci.com\/de\/wp-json\/wp\/v2\/product"}],"about":[{"href":"https:\/\/mazzaci.com\/de\/wp-json\/wp\/v2\/types\/product"}],"wp:featuredmedia":[{"embeddable":true,"href":"https:\/\/mazzaci.com\/de\/wp-json\/wp\/v2\/media\/27752"}],"wp:attachment":[{"href":"https:\/\/mazzaci.com\/de\/wp-json\/wp\/v2\/media?parent=27729"}],"wp:term":[{"taxonomy":"product_cat","embeddable":true,"href":"https:\/\/mazzaci.com\/de\/wp-json\/wp\/v2\/product_cat?post=27729"},{"taxonomy":"product_tag","embeddable":true,"href":"https:\/\/mazzaci.com\/de\/wp-json\/wp\/v2\/product_tag?post=27729"}],"curies":[{"name":"wp","href":"https:\/\/api.w.org\/{rel}","templated":true}]}}