{"id":27726,"date":"2022-01-17T11:38:55","date_gmt":"2022-01-17T10:38:55","guid":{"rendered":"https:\/\/dev.mazzaci.com\/de\/?post_type=product&#038;p=27726"},"modified":"2026-04-23T21:23:12","modified_gmt":"2026-04-23T19:23:12","slug":"tanquick","status":"publish","type":"product","link":"https:\/\/mazzaci.com\/de\/produkt\/tanquick\/","title":{"rendered":"TanQuick Selbstbr\u00e4uner"},"content":{"rendered":"<p><span data-sheets-root=\"1\">Erreiche im Handumdrehen eine verf\u00fchrerische Br\u00e4une! | Nicht klebende Formel &#8211; hypoallergen &#8211; ohne Parabene und Sulfate<\/span><\/p>\n","protected":false},"excerpt":{"rendered":"<ul>\n<li>Ein Effekt wie nach wochenlangem Sonnenbaden<\/li>\n<li>Sorgt f\u00fcr eine nat\u00fcrliche Br\u00e4une, ganz ohne Streifen und Flecken<\/li>\n<li>Leichte, nicht klebende Formel, die sofort einzieht<\/li>\n<li>Hilft, sonnen- und UV-bedingte Hautsch\u00e4den zu vermeiden<\/li>\n<li>0 % Mineral\u00f6le, Parabene und austrocknende Alkohole<\/li>\n<li>Inhalt: 140 ml<\/li>\n<\/ul>\n","protected":false},"featured_media":27738,"template":"","meta":[],"product_cat":[2155],"product_tag":[],"acf":[],"_links":{"self":[{"href":"https:\/\/mazzaci.com\/de\/wp-json\/wp\/v2\/product\/27726"}],"collection":[{"href":"https:\/\/mazzaci.com\/de\/wp-json\/wp\/v2\/product"}],"about":[{"href":"https:\/\/mazzaci.com\/de\/wp-json\/wp\/v2\/types\/product"}],"wp:featuredmedia":[{"embeddable":true,"href":"https:\/\/mazzaci.com\/de\/wp-json\/wp\/v2\/media\/27738"}],"wp:attachment":[{"href":"https:\/\/mazzaci.com\/de\/wp-json\/wp\/v2\/media?parent=27726"}],"wp:term":[{"taxonomy":"product_cat","embeddable":true,"href":"https:\/\/mazzaci.com\/de\/wp-json\/wp\/v2\/product_cat?post=27726"},{"taxonomy":"product_tag","embeddable":true,"href":"https:\/\/mazzaci.com\/de\/wp-json\/wp\/v2\/product_tag?post=27726"}],"curies":[{"name":"wp","href":"https:\/\/api.w.org\/{rel}","templated":true}]}}