{"id":27725,"date":"2022-01-17T11:38:55","date_gmt":"2022-01-17T10:38:55","guid":{"rendered":"https:\/\/dev.mazzaci.com\/de\/?post_type=product&#038;p=27725"},"modified":"2026-04-14T09:16:45","modified_gmt":"2026-04-14T07:16:45","slug":"tango","status":"publish","type":"product","link":"https:\/\/mazzaci.com\/de\/produkt\/tango\/","title":{"rendered":"TanGo Br\u00e4unungscreme"},"content":{"rendered":"<p>Schnellere, st\u00e4rkere und intensivere Br\u00e4unung|Veganes Produkt &#8211; Herrlicher fruchtiger Duft &#8211; Paraben- und sulfatfrei<\/p>\n<div class=\"XTranslate\" style=\"all: unset;\"><\/div>\n","protected":false},"excerpt":{"rendered":"<ul>\n<li>Sorgt f\u00fcr eine langanhaltende Br\u00e4une<\/li>\n<li>Spendet Feuchtigkeit und h\u00e4lt die Haut weich<\/li>\n<li>Zieht schnell ein und hinterl\u00e4sst keine Flecken<\/li>\n<li>Berauschender tropischer Duft<\/li>\n<li>200ml<\/li>\n<\/ul>\n<div class=\"XTranslate\" style=\"all: unset;\"><\/div>\n","protected":false},"featured_media":27730,"template":"","meta":[],"product_cat":[2155],"product_tag":[],"acf":[],"_links":{"self":[{"href":"https:\/\/mazzaci.com\/de\/wp-json\/wp\/v2\/product\/27725"}],"collection":[{"href":"https:\/\/mazzaci.com\/de\/wp-json\/wp\/v2\/product"}],"about":[{"href":"https:\/\/mazzaci.com\/de\/wp-json\/wp\/v2\/types\/product"}],"wp:featuredmedia":[{"embeddable":true,"href":"https:\/\/mazzaci.com\/de\/wp-json\/wp\/v2\/media\/27730"}],"wp:attachment":[{"href":"https:\/\/mazzaci.com\/de\/wp-json\/wp\/v2\/media?parent=27725"}],"wp:term":[{"taxonomy":"product_cat","embeddable":true,"href":"https:\/\/mazzaci.com\/de\/wp-json\/wp\/v2\/product_cat?post=27725"},{"taxonomy":"product_tag","embeddable":true,"href":"https:\/\/mazzaci.com\/de\/wp-json\/wp\/v2\/product_tag?post=27725"}],"curies":[{"name":"wp","href":"https:\/\/api.w.org\/{rel}","templated":true}]}}