{"id":33,"date":"2021-02-23T08:59:18","date_gmt":"2021-02-23T08:59:18","guid":{"rendered":"https:\/\/dev.s-mania.si\/wpsi\/?page_id=33"},"modified":"2026-04-24T09:24:53","modified_gmt":"2026-04-24T07:24:53","slug":"homepage","status":"publish","type":"page","link":"https:\/\/mazzaci.com\/de\/","title":{"rendered":"Homepage"},"content":{"rendered":"<div class=\"mazzaci_home_main_banner\">\t<!-- homer desktop -->\n\t<div class=\"mazzaci_home_banners_desktop\">\n\t\t\t\t\t<a href=\"https:\/\/mazzaci.com\/de\/produkt-kategorie\/braeunungsprodukte\/\">\n\t\t\t\t<img src=\"https:\/\/mazzaci.com\/assets\/img\/banners-promo\/maz-desktop-2.webp\" \/>\n\t\t\t\t\t\t\t<\/a>\n\t\t\t<\/div>\n\t<!-- homer mobile -->\n\t<div class=\"mazzaci_home_banners_mobile\">\n\t\t\t\t\t<a href=\"https:\/\/mazzaci.com\/de\/produkt-kategorie\/braeunungsprodukte\/\">\n\t\t\t\t<img src=\"https:\/\/mazzaci.com\/assets\/img\/banners-promo\/maz-mobile-2.webp\" \/>\n\t\t\t\t\t\t\t<\/a>\n\t\t\t<\/div>\n\n\t<div class=\"maz-banner-cards\">\n\n\t\n\t\t<a href=\"https:\/\/mazzaci.com\/de\/produkt\/tango\/\" class=\"maz-banner-card\" style=\"background-image: url('https:\/\/mazzaci.com\/de\/wp-content\/uploads\/Kartica-BG-TanGo.png');\">\n\n\t\t\t<div class=\"maz-banner-card_text\">\n\t\t\t\t<span class=\"maz-banner-card_text-main\">Ich will die perfekte goldene Br\u00e4une<\/span>\n\t\t\t\t<span class=\"maz-banner-card_text-plus\"><\/span>\n\t\t\t\t<span class=\"maz-banner-card_text-sku\">\n\t\t\t\t\t<span>Tan<\/span><span>Go<\/span>\n\t\t\t\t<\/span>\n\t\t\t<\/div>\n\t\t\t<div class=\"maz-banner-card_image\">\n\t\t\t\t<img src=\"https:\/\/mazzaci.com\/de\/wp-content\/uploads\/tango_transparent-1.png\">\n\t\t\t\t<img class=\"measure\" src=\"https:\/\/mazzaci.com\/de\/wp-content\/uploads\/tango_transparent-1.png\">\n\t\t\t\t\t\t\t<\/div>\n\t\t<\/a>\n\n\t\n\t\t<a href=\"https:\/\/mazzaci.com\/de\/produkt\/tanquick\/\" class=\"maz-banner-card out-of-stock\" style=\"background-image: url('https:\/\/mazzaci.com\/de\/wp-content\/uploads\/Kartica-BG-TanQuick.png');\">\n\n\t\t\t<div class=\"maz-banner-card_text\">\n\t\t\t\t<span class=\"maz-banner-card_text-main\">Keine Zeit? Ich brauche schnell Farbe<\/span>\n\t\t\t\t<span class=\"maz-banner-card_text-plus\"><\/span>\n\t\t\t\t<span class=\"maz-banner-card_text-sku\">\n\t\t\t\t\t<span>Tan<\/span><span>Quick<\/span>\n\t\t\t\t<\/span>\n\t\t\t<\/div>\n\t\t\t<div class=\"maz-banner-card_image\">\n\t\t\t\t<img src=\"https:\/\/mazzaci.com\/de\/wp-content\/uploads\/tanquick_transparent.png\">\n\t\t\t\t<img class=\"measure\" src=\"https:\/\/mazzaci.com\/de\/wp-content\/uploads\/tanquick_transparent.png\">\n\t\t\t\t\t\t\t\t<div class=\"maz-banner-oos\">Nicht vorr\u00e4tig<\/div>\n\t\t\t\t\t\t\t<\/div>\n\t\t<\/a>\n\n\t\n\t\t<a href=\"https:\/\/mazzaci.com\/de\/produkt\/tango-oil\/\" class=\"maz-banner-card\" style=\"background-image: url('https:\/\/mazzaci.com\/de\/wp-content\/uploads\/Kartica-BG-TanGo-Oil.png');\">\n\n\t\t\t<div class=\"maz-banner-card_text\">\n\t\t\t\t<span class=\"maz-banner-card_text-main\">Ich m\u00f6chte eine tiefe, strahlende Br\u00e4une<\/span>\n\t\t\t\t<span class=\"maz-banner-card_text-plus\"><\/span>\n\t\t\t\t<span class=\"maz-banner-card_text-sku\">\n\t\t\t\t\t<span>Tango<\/span><span>Oil<\/span>\n\t\t\t\t<\/span>\n\t\t\t<\/div>\n\t\t\t<div class=\"maz-banner-card_image\">\n\t\t\t\t<img src=\"https:\/\/mazzaci.com\/de\/wp-content\/uploads\/tanoil-transparent.png\">\n\t\t\t\t<img class=\"measure\" src=\"https:\/\/mazzaci.com\/de\/wp-content\/uploads\/tanoil-transparent.png\">\n\t\t\t\t\t\t\t<\/div>\n\t\t<\/a>\n\n\t\n\t\t<a href=\"https:\/\/mazzaci.com\/de\/produkt\/tancare\/\" class=\"maz-banner-card\" style=\"background-image: url('https:\/\/mazzaci.com\/de\/wp-content\/uploads\/Kartica-BG-TanCare.png');\">\n\n\t\t\t<div class=\"maz-banner-card_text\">\n\t\t\t\t<span class=\"maz-banner-card_text-main\">Ich muss meine Haut beruhigen und mit Feuchtigkeit versorgen<\/span>\n\t\t\t\t<span class=\"maz-banner-card_text-plus\"><\/span>\n\t\t\t\t<span class=\"maz-banner-card_text-sku\">\n\t\t\t\t\t<span>Tan<\/span><span>Care<\/span>\n\t\t\t\t<\/span>\n\t\t\t<\/div>\n\t\t\t<div class=\"maz-banner-card_image\">\n\t\t\t\t<img src=\"https:\/\/mazzaci.com\/de\/wp-content\/uploads\/tancare_transparent.png\">\n\t\t\t\t<img class=\"measure\" src=\"https:\/\/mazzaci.com\/de\/wp-content\/uploads\/tancare_transparent.png\">\n\t\t\t\t\t\t\t<\/div>\n\t\t<\/a>\n\n\t\n\t<\/div>\n\t\n\t<\/div>\n\n\n<div class=\"mazzaci_home_main-title\">Nat\u00fcrlich, erschwinglich & hautfreundlich<\/div>\n\n\n\n<p class=\"has-text-align-center\">Die f\u00fchrende Marke f\u00fcr nat\u00fcrliche Kosmetik, die sich um deine Haut und dein Haar k\u00fcmmert. 100% nat\u00fcrliche, giftfreie, vegane und tierversuchsfreie Produkte.<\/p>\n\n\n\n<p class=\"mazzaci_home_section_title\">\n<img decoding=\"async\" src=\"..\/assets\/img\/home_title_icons\/hot-right-now.svg\">\n<span>Jetzt im Trend<\/span>\n<\/p>\n\n\n\t<div class=\"mazzaci_hot_rn\">\n\t\t<div class=\"woocommerce columns-3 \"><ul class=\"products columns-3\">\n<li class=\"product type-product post-27725 status-publish first instock product_cat-braeunungsprodukte has-post-thumbnail taxable shipping-taxable purchasable product-type-simple\">\n\t<h2 class=\"woocommerce-loop-product__title\">TanGo Br\u00e4unungscreme<div class=\"st\">Schnell zu einer intensiveren Br\u00e4une gelangen<\/div><\/h2><div class=\"custom_info_wrap\"><div class=\"custom_info_wrap-left\"><span data-prodid=\"27725\" class=\"custom_order_now_btn custom_order_now_btn_atc\">In den Warenkorb<\/span><\/div><div class=\"custom_info_wrap-right\"><\/div><\/div><\/li>\n<li class=\"product type-product post-30674 status-publish instock product_cat-braeunungsprodukte has-post-thumbnail taxable shipping-taxable purchasable product-type-simple\">\n\t<h2 class=\"woocommerce-loop-product__title\">TanCare Pflegecreme<div class=\"st\">100 % nat\u00fcrliche After-Sun-Pflege<\/div><\/h2><div class=\"custom_info_wrap\"><div class=\"custom_info_wrap-left\"><span data-prodid=\"30674\" class=\"custom_order_now_btn custom_order_now_btn_atc\">In den Warenkorb<\/span><\/div><div class=\"custom_info_wrap-right\"><\/div><\/div><\/li>\n<li class=\"product type-product post-30673 status-publish last in_stock product_cat-braeunungsprodukte has-post-thumbnail taxable shipping-taxable purchasable product-type-simple\">\n\t<h2 class=\"woocommerce-loop-product__title\">TanGo und TanCare Set<div class=\"st\">Alles f\u00fcr die perfekte Sommerbr\u00e4une \u2013 in einem Paket<\/div><\/h2><div class=\"custom_info_wrap\"><div class=\"custom_info_wrap-left\"><span data-prodid=\"30673\" class=\"custom_order_now_btn custom_order_now_btn_atc\">In den Warenkorb<\/span><\/div><div class=\"custom_info_wrap-right\"><\/div><\/div><\/li>\n<li class=\"product type-product post-27729 status-publish first instock product_cat-braeunungsprodukte has-post-thumbnail taxable shipping-taxable purchasable product-type-simple\">\n\t<h2 class=\"woocommerce-loop-product__title\">TanGo Oil Br\u00e4unungsspray<div class=\"st\">Sofortiger Glow + schnellere Br\u00e4unung<\/div><\/h2><div class=\"custom_info_wrap\"><div class=\"custom_info_wrap-left\"><span data-prodid=\"27729\" class=\"custom_order_now_btn custom_order_now_btn_atc\">In den Warenkorb<\/span><\/div><div class=\"custom_info_wrap-right\"><\/div><\/div><\/li>\n<\/ul>\n<\/div>\t<\/div>\n\t\n\n\n<div class=\"mazzaci_home_values-title\">Weil wir uns k\u00fcmmern<\/div>\n\n\n\t<div class=\"mazzaci_home_values\">\n\t\t<div>\n\t\t\t<img src=\"https:\/\/mazzaci.com\/assets\/img\/values\/r_DE.svg?v=4\">\n\t\t\t<div class=\"mazzaci_home_values_item-txt\">Frei von Grausamkeiten<\/div>\n\t\t<\/div>\n\t\t<div>\n\t\t\t<img src=\"https:\/\/mazzaci.com\/assets\/img\/values\/l_DE.svg?v=4\">\n\t\t\t<div class=\"mazzaci_home_values_item-txt\">Ganz nat\u00fcrlich<\/div>\n\t\t<\/div>\n\t\t<div>\n\t\t\t<img src=\"https:\/\/mazzaci.com\/assets\/img\/values\/p_DE.svg?v=4\">\n\t\t\t<div class=\"mazzaci_home_values_item-txt\">Wunderbarer Duft<\/div>\n\t\t<\/div>\n\t\t<div>\n\t\t\t<img src=\"https:\/\/mazzaci.com\/assets\/img\/values\/eu_DE.svg?v=4\">\n\t\t\t<div class=\"mazzaci_home_values_item-txt\">Hergestellt in der EU<\/div>\n\t\t<\/div>\n\t<\/div>\n\n\n\n\n<p class=\"mazzaci_home_section_title\">\n<img decoding=\"async\" src=\"..\/assets\/img\/home_title_icons\/tanning-products.svg\">\n<span>Br\u00e4unungsprodukte<\/span>\n<\/p>\n\n\n\n<p style=\"font-size:18px\">Eine Vielzahl von Produkten f\u00fcr eine nat\u00fcrlich aussehende Br\u00e4une, geeignet f\u00fcr alle Hauttypen. Vegane, nat\u00fcrliche Inhaltsstoffe.<\/p>\n\n\n\t<div class=\"mazzaci_combo\">\n\t\t<div class=\"mazzaci_combo-img\">\n\t\t\t<img src=\"https:\/\/mazzaci.com\/de\/wp-content\/uploads\/tanning-d.jpg\">\n\t\t<\/div>\n\t\t<div class=\"mazzaci_combo-img-mobile\" style=\"background-image:url('https:\/\/mazzaci.com\/de\/wp-content\/uploads\/tanning-m.jpg');\">\n\t\t\t<img src=\"https:\/\/mazzaci.com\/de\/wp-content\/uploads\/tanning-m.jpg\">\n\t\t<\/div>\n\t\t<div class=\"mazzaci_combo-products\">\n\t\t\t<div class=\"woocommerce columns-3 \"><ul class=\"products columns-3\">\n<li class=\"product type-product post-27726 status-publish first outofstock product_cat-braeunungsprodukte has-post-thumbnail taxable shipping-taxable purchasable product-type-simple\">\n\t<h2 class=\"woocommerce-loop-product__title\">TanQuick Selbstbr\u00e4uner<div class=\"st\">Nat\u00fcrliche Br\u00e4une ohne Sonne \u2013 in nur wenigen Stunden<\/div><\/h2><div class=\"custom_info_wrap\"><div class=\"custom_info_wrap-left\"><span data-prodid=\"27726\" class=\"custom_order_now_btn custom_order_now_btn_oos\">Nicht vorr\u00e4tig<\/span><\/div><div class=\"custom_info_wrap-right\"><\/div><\/div><\/li>\n<li class=\"product type-product post-27725 status-publish instock product_cat-braeunungsprodukte has-post-thumbnail taxable shipping-taxable purchasable product-type-simple\">\n\t<h2 class=\"woocommerce-loop-product__title\">TanGo Br\u00e4unungscreme<div class=\"st\">Schnell zu einer intensiveren Br\u00e4une gelangen<\/div><\/h2><div class=\"custom_info_wrap\"><div class=\"custom_info_wrap-left\"><span data-prodid=\"27725\" class=\"custom_order_now_btn custom_order_now_btn_atc\">In den Warenkorb<\/span><\/div><div class=\"custom_info_wrap-right\"><\/div><\/div><\/li>\n<li class=\"product type-product post-30674 status-publish last instock product_cat-braeunungsprodukte has-post-thumbnail taxable shipping-taxable purchasable product-type-simple\">\n\t<h2 class=\"woocommerce-loop-product__title\">TanCare Pflegecreme<div class=\"st\">100 % nat\u00fcrliche After-Sun-Pflege<\/div><\/h2><div class=\"custom_info_wrap\"><div class=\"custom_info_wrap-left\"><span data-prodid=\"30674\" class=\"custom_order_now_btn custom_order_now_btn_atc\">In den Warenkorb<\/span><\/div><div class=\"custom_info_wrap-right\"><\/div><\/div><\/li>\n<li class=\"product type-product post-30673 status-publish first in_stock product_cat-braeunungsprodukte has-post-thumbnail taxable shipping-taxable purchasable product-type-simple\">\n\t<h2 class=\"woocommerce-loop-product__title\">TanGo und TanCare Set<div class=\"st\">Alles f\u00fcr die perfekte Sommerbr\u00e4une \u2013 in einem Paket<\/div><\/h2><div class=\"custom_info_wrap\"><div class=\"custom_info_wrap-left\"><span data-prodid=\"30673\" class=\"custom_order_now_btn custom_order_now_btn_atc\">In den Warenkorb<\/span><\/div><div class=\"custom_info_wrap-right\"><\/div><\/div><\/li>\n<li class=\"product type-product post-27729 status-publish instock product_cat-braeunungsprodukte has-post-thumbnail taxable shipping-taxable purchasable product-type-simple\">\n\t<h2 class=\"woocommerce-loop-product__title\">TanGo Oil Br\u00e4unungsspray<div class=\"st\">Sofortiger Glow + schnellere Br\u00e4unung<\/div><\/h2><div class=\"custom_info_wrap\"><div class=\"custom_info_wrap-left\"><span data-prodid=\"27729\" class=\"custom_order_now_btn custom_order_now_btn_atc\">In den Warenkorb<\/span><\/div><div class=\"custom_info_wrap-right\"><\/div><\/div><\/li>\n<\/ul>\n<\/div>\t\t<\/div>\n\t<\/div>\n\t<!-- View all category products -->\n\t\t\t<div class=\"mazzaci_combo_view_more\">\n\t\t\t<a href=\"https:\/\/mazzaci.com\/de\/produkt-kategorie\/braeunungsprodukte\">Alle anzeigen <i style=\"margin-left:5px;\" class=\"fas fa-arrow-right\"><\/i><\/a>\n\t\t<\/div>\n\t\n\n\n\r\n    <div class=\"faq_main_div\">\r\n        <div class=\"faq_img_m\">\r\n            <img src=\"https:\/\/mazzaci.com\/assets\/img\/faq_img_m.png\">\r\n        <\/div>\r\n        <div class=\"faq_text_main\">\r\n            <h2>WIE K\u00d6NNEN WIR HELFEN?<\/h2>\r\n            <p>Wir m\u00f6chten unseren kunden auf jede m\u00f6gliche weise helfen. Sie k\u00f6nnen sich jederzeit \u00fcber unsere sozialen netzwerke an uns wenden, oder unten eine antwort auf ihre fragen finden.<\/p>\r\n            <div class=\"faq_links\">\r\n                <a href=\"\/de\/faq?s=1\">Lieferung und r\u00fcckgabe<\/a>\r\n                <a href=\"\/de\/faq?s=0\">Bestellung verfolgen<\/a>\r\n                <a href=\"\/de\/faq\">H\u00e4ufig gestellte Fragen<\/a>\r\n                <a href=\"\/de\/gebrauchsanweisung\">Gebrauchsanweisung<\/a>\r\n            <\/div>\r\n        <\/div>\r\n        <div class=\"faq_img\">\r\n            <img src=\"https:\/\/mazzaci.com\/assets\/img\/faq_img.png\">\r\n        <\/div>\r\n    <\/div>\r\n\r\n    \n\n\n\n\n\n\t<script>\n\t\tvar newsletter_id = '188';\n\t<\/script>\n\t<div class=\"mazzaci_home_newsletter\">\n\t\t<div class=\"mazzaci_home_newsletter_title\">Werde Mitglied unserer Community<\/div>\n\t\t<div class=\"mazzaci_home_newsletter_txt\">Willst du \u00fcber alle Neuigkeiten auf dem Laufenden bleiben? Melde dich f\u00fcr unseren Newsletter an und profitiere von tollen Angeboten!<\/div>\n\t\t<div class=\"mazzaci_home_newsletter_action\">\n\t\t\t<div class=\"mazzaci_home_newsletter_action_input\">\n\t\t\t\t<input id=\"mazzaci_home_newsletter_action_input\" type=\"text\" placeholder=\"Trage deine E-Mail ein\">\n\t\t\t<\/div>\n\t\t\t<div class=\"mazzaci_home_newsletter_action_submit\">\n\t\t\t\t<span id=\"mazzaci_home_newsletter_action_submit\">Anmelden<\/span>\n\t\t\t<\/div>\n\t\t<\/div>\n\t<\/div>\n\n\n\n\n<p><\/p>\n","protected":false},"excerpt":{"rendered":"<p>Die f\u00fchrende Marke f\u00fcr nat\u00fcrliche Kosmetik, die sich um deine Haut und dein Haar k\u00fcmmert. 100% nat\u00fcrliche, giftfreie, vegane und tierversuchsfreie Produkte. Jetzt im Trend Br\u00e4unungsprodukte Eine Vielzahl von Produkten f\u00fcr eine nat\u00fcrlich aussehende Br\u00e4une, geeignet f\u00fcr alle Hauttypen. Vegane, nat\u00fcrliche Inhaltsstoffe.<\/p>\n","protected":false},"author":1,"featured_media":0,"parent":0,"menu_order":0,"comment_status":"closed","ping_status":"closed","template":"template-fullwidth.php","meta":[],"tags":[],"acf":[],"_links":{"self":[{"href":"https:\/\/mazzaci.com\/de\/wp-json\/wp\/v2\/pages\/33"}],"collection":[{"href":"https:\/\/mazzaci.com\/de\/wp-json\/wp\/v2\/pages"}],"about":[{"href":"https:\/\/mazzaci.com\/de\/wp-json\/wp\/v2\/types\/page"}],"author":[{"embeddable":true,"href":"https:\/\/mazzaci.com\/de\/wp-json\/wp\/v2\/users\/1"}],"replies":[{"embeddable":true,"href":"https:\/\/mazzaci.com\/de\/wp-json\/wp\/v2\/comments?post=33"}],"version-history":[{"count":55,"href":"https:\/\/mazzaci.com\/de\/wp-json\/wp\/v2\/pages\/33\/revisions"}],"predecessor-version":[{"id":30701,"href":"https:\/\/mazzaci.com\/de\/wp-json\/wp\/v2\/pages\/33\/revisions\/30701"}],"wp:attachment":[{"href":"https:\/\/mazzaci.com\/de\/wp-json\/wp\/v2\/media?parent=33"}],"wp:term":[{"taxonomy":"post_tag","embeddable":true,"href":"https:\/\/mazzaci.com\/de\/wp-json\/wp\/v2\/tags?post=33"}],"curies":[{"name":"wp","href":"https:\/\/api.w.org\/{rel}","templated":true}]}}