{"id":27864,"date":"2022-01-13T10:02:55","date_gmt":"2022-01-13T09:02:55","guid":{"rendered":"https:\/\/dev.mazzaci.com\/at\/?post_type=product&#038;p=27864"},"modified":"2026-04-23T21:23:36","modified_gmt":"2026-04-23T19:23:36","slug":"tango","status":"publish","type":"product","link":"https:\/\/mazzaci.com\/at\/produkt\/tango\/","title":{"rendered":"TanGo Br\u00e4unungscreme"},"content":{"rendered":"<p><span data-sheets-root=\"1\">Dein Shortcut zum perfekten Bronzeglanz! Beschleunigt die nat\u00fcrliche Br\u00e4unung und zieht sofort ein \u2013 ganz ohne klebriges Gef\u00fchl oder orangefarbene Streifen.<\/span><\/p>\n<div class=\"XTranslate\" style=\"all: unset;\"><\/div>\n","protected":false},"excerpt":{"rendered":"<ul>\n<li>F\u00fcr einen traumhaften Bronze-Glow, der deutlich l\u00e4nger h\u00e4lt<\/li>\n<li>Tiefe Feuchtigkeit f\u00fcr unwiderstehlich seidig-weiche Haut<\/li>\n<li>Zieht sofort ein \u2013 ganz ohne Flecken oder klebriges Gef\u00fchl<\/li>\n<li>Ein himmlischer tropischer Duft, der sofort nach Urlaub riecht<\/li>\n<li>Inhalt: 200 ml<\/li>\n<\/ul>\n","protected":false},"featured_media":27869,"template":"","meta":[],"product_cat":[2158],"product_tag":[],"acf":[],"_links":{"self":[{"href":"https:\/\/mazzaci.com\/at\/wp-json\/wp\/v2\/product\/27864"}],"collection":[{"href":"https:\/\/mazzaci.com\/at\/wp-json\/wp\/v2\/product"}],"about":[{"href":"https:\/\/mazzaci.com\/at\/wp-json\/wp\/v2\/types\/product"}],"wp:featuredmedia":[{"embeddable":true,"href":"https:\/\/mazzaci.com\/at\/wp-json\/wp\/v2\/media\/27869"}],"wp:attachment":[{"href":"https:\/\/mazzaci.com\/at\/wp-json\/wp\/v2\/media?parent=27864"}],"wp:term":[{"taxonomy":"product_cat","embeddable":true,"href":"https:\/\/mazzaci.com\/at\/wp-json\/wp\/v2\/product_cat?post=27864"},{"taxonomy":"product_tag","embeddable":true,"href":"https:\/\/mazzaci.com\/at\/wp-json\/wp\/v2\/product_tag?post=27864"}],"curies":[{"name":"wp","href":"https:\/\/api.w.org\/{rel}","templated":true}]}}